{"id":18647,"date":"2024-10-06T18:38:00","date_gmt":"2024-10-06T16:38:00","guid":{"rendered":"https:\/\/9play.de\/shop\/produkt\/stapelturm-regenbogenstapler-biokunststoff-7-teile\/"},"modified":"2024-10-06T18:38:12","modified_gmt":"2024-10-06T16:38:12","slug":"stapelturm-regenbogenstapler-biokunststoff-7-teile","status":"publish","type":"product","link":"https:\/\/9play.de\/shop\/produkt\/stapelturm-regenbogenstapler-biokunststoff-7-teile\/","title":{"rendered":"Stapelturm Regenbogenstapler Biokunststoff 7 Teile"},"content":{"rendered":"<p>Unser Regenbogen Stapelturm ist ein ideales Spielzeug f\u00fcr kleine Entdecker ab 18 Monaten.<br \/>Das Set enth\u00e4lt 7 bunte B\u00f6gen aus hochwertigem Bioplastik.<br \/>Diese f\u00f6rdern die Hand-Augen-Koordination, die Farberkennung und die motorischen F\u00e4higkeiten Ihres Kindes.<br \/>Die vielseitigen Spielm\u00f6glichkeiten reichen von einfachem Stapeln bis zu kreativem Rollenspiel.<br \/>Ein p\u00e4dagogisches und unterhaltsames Geschenk f\u00fcr Kleinkinder, das Spa\u00df und Lernen miteinander verbindet.<br \/>Bestellen Sie den Regenbogen Stapelturm noch heute und lassen Sie Ihr Kind spielerisch wachsen!<\/p>\n<p>Inhalt: 7x Stapelb\u00f6gen<br \/>Altersempfehlung: ab 18 Monate<br \/>Material: Biokunststoff<br \/>Verpackung: ca. 15 x 8,5 x5,5 cm<\/p>\n<p>Achtung: Benutzung unter unmittelbarer Aufsicht von Erwachsenen.<\/p>\n","protected":false},"excerpt":{"rendered":"<p>Unser Regenbogen Stapelturm ist ein aufregendes und lehrreiches Spielzeug f\u00fcr Kinder ab 18 Monaten.<\/p>\n","protected":false},"featured_media":18648,"comment_status":"closed","ping_status":"open","template":"","meta":[],"product_brand":[],"product_cat":[554],"product_tag":[],"class_list":{"0":"post-18647","1":"product","2":"type-product","3":"status-publish","4":"has-post-thumbnail","6":"product_cat-stapelspielzeug","8":"first","9":"instock","10":"shipping-taxable","11":"purchasable","12":"product-type-simple"},"_links":{"self":[{"href":"https:\/\/9play.de\/shop\/wp-json\/wp\/v2\/product\/18647","targetHints":{"allow":["GET"]}}],"collection":[{"href":"https:\/\/9play.de\/shop\/wp-json\/wp\/v2\/product"}],"about":[{"href":"https:\/\/9play.de\/shop\/wp-json\/wp\/v2\/types\/product"}],"replies":[{"embeddable":true,"href":"https:\/\/9play.de\/shop\/wp-json\/wp\/v2\/comments?post=18647"}],"wp:featuredmedia":[{"embeddable":true,"href":"https:\/\/9play.de\/shop\/wp-json\/wp\/v2\/media\/18648"}],"wp:attachment":[{"href":"https:\/\/9play.de\/shop\/wp-json\/wp\/v2\/media?parent=18647"}],"wp:term":[{"taxonomy":"product_brand","embeddable":true,"href":"https:\/\/9play.de\/shop\/wp-json\/wp\/v2\/product_brand?post=18647"},{"taxonomy":"product_cat","embeddable":true,"href":"https:\/\/9play.de\/shop\/wp-json\/wp\/v2\/product_cat?post=18647"},{"taxonomy":"product_tag","embeddable":true,"href":"https:\/\/9play.de\/shop\/wp-json\/wp\/v2\/product_tag?post=18647"}],"curies":[{"name":"wp","href":"https:\/\/api.w.org\/{rel}","templated":true}]}}