{"id":18661,"date":"2024-10-06T18:38:00","date_gmt":"2024-10-06T16:38:00","guid":{"rendered":"https:\/\/9play.de\/shop\/produkt\/bauernhof-set-traktor-anhaenger-tiere\/"},"modified":"2024-10-06T18:38:22","modified_gmt":"2024-10-06T16:38:22","slug":"bauernhof-set-traktor-anhaenger-tiere","status":"publish","type":"product","link":"https:\/\/9play.de\/shop\/produkt\/bauernhof-set-traktor-anhaenger-tiere\/","title":{"rendered":"Bauernhof-Set Traktor Anh\u00e4nger Tiere"},"content":{"rendered":"<p>Ihr Kind kann den Traktor durch imagin\u00e4re Felder fahren lassen, die K\u00fche auf den Anh\u00e4ngern transportieren, die Milchkanister bewegen und die Heuballen in der Schubkarre laden.<br \/>Mit realistischen Details und einer Bauer Figur wird das Spielen zu einem lebendigen Bauernhofabenteuer.<br \/>Das Austauschen der R\u00e4der an den Anh\u00e4ngern mit dem beiliegenden Schraubendreher f\u00f6rdert die feinmotorischen F\u00e4higkeiten Ihres Kindes und vermittelt grundlegende handwerkliche Fertigkeiten auf spielerische Weise. Die M\u00f6glichkeiten f\u00fcr kreatives Spielen sind endlos. Kinder k\u00f6nnen Szenarien auf dem Bauernhof nachstellen, neue Geschichten erfinden und dabei ihre Vorstellungskraft und sozialen F\u00e4higkeiten entwickeln.<\/p>\n<p>Unser Bauernhof-Traktor-Spielset ist eine spannende M\u00f6glichkeit f\u00fcr Kinder, die Welt der Landwirtschaft zu erkunden und ihre handwerklichen und kreativen F\u00e4higkeiten zu entwickeln.<\/p>\n<p>Bestellen Sie es noch heute und lassen Sie Ihr Kind in ein aufregendes Bauernhofabenteuer eintauchen!<\/p>\n<p>Inhalt: ca. 26 Teile<br \/>Altersempfehlung: ab 3 Jahre<br \/>Material: Kunststoff<br \/>Traktor Gr\u00f6\u00dfe: ca. 8,5 x 13 x 8 cm<br \/>Verpackung: 26 x 31,5 x9 cm<\/p>\n<p>Achtung: Nicht f\u00fcr Kinder unter 36 Monaten geeignet wegen verschluckbarer Kleinteile, Erstickungsgefahr.<\/p>\n","protected":false},"excerpt":{"rendered":"<p>Unser Bauernhof-Traktor-Spielset ist ein aufregendes und lehrreiches Spielzeug, das die Kreativit\u00e4t und handwerklichen F\u00e4higkeiten von Kindern f\u00f6rdert.<\/p>\n","protected":false},"featured_media":18662,"comment_status":"closed","ping_status":"open","template":"","meta":[],"product_brand":[],"product_cat":[516],"product_tag":[],"class_list":{"0":"post-18661","1":"product","2":"type-product","3":"status-publish","4":"has-post-thumbnail","6":"product_cat-bauernhof","8":"first","9":"instock","10":"shipping-taxable","11":"purchasable","12":"product-type-simple"},"_links":{"self":[{"href":"https:\/\/9play.de\/shop\/wp-json\/wp\/v2\/product\/18661","targetHints":{"allow":["GET"]}}],"collection":[{"href":"https:\/\/9play.de\/shop\/wp-json\/wp\/v2\/product"}],"about":[{"href":"https:\/\/9play.de\/shop\/wp-json\/wp\/v2\/types\/product"}],"replies":[{"embeddable":true,"href":"https:\/\/9play.de\/shop\/wp-json\/wp\/v2\/comments?post=18661"}],"wp:featuredmedia":[{"embeddable":true,"href":"https:\/\/9play.de\/shop\/wp-json\/wp\/v2\/media\/18662"}],"wp:attachment":[{"href":"https:\/\/9play.de\/shop\/wp-json\/wp\/v2\/media?parent=18661"}],"wp:term":[{"taxonomy":"product_brand","embeddable":true,"href":"https:\/\/9play.de\/shop\/wp-json\/wp\/v2\/product_brand?post=18661"},{"taxonomy":"product_cat","embeddable":true,"href":"https:\/\/9play.de\/shop\/wp-json\/wp\/v2\/product_cat?post=18661"},{"taxonomy":"product_tag","embeddable":true,"href":"https:\/\/9play.de\/shop\/wp-json\/wp\/v2\/product_tag?post=18661"}],"curies":[{"name":"wp","href":"https:\/\/api.w.org\/{rel}","templated":true}]}}