{"id":18668,"date":"2024-10-06T18:38:00","date_gmt":"2024-10-06T16:38:00","guid":{"rendered":"https:\/\/9play.de\/shop\/produkt\/feuerwehr-autotransporter-54-cm-auto-hubschrauber-mit-licht-und-sound\/"},"modified":"2024-10-06T18:38:26","modified_gmt":"2024-10-06T16:38:26","slug":"feuerwehr-autotransporter-54-cm-auto-hubschrauber-mit-licht-und-sound","status":"publish","type":"product","link":"https:\/\/9play.de\/shop\/produkt\/feuerwehr-autotransporter-54-cm-auto-hubschrauber-mit-licht-und-sound\/","title":{"rendered":"Feuerwehr Autotransporter 54 cm Auto Hubschrauber mit Licht und Sound"},"content":{"rendered":"<p>Dieses Set enth\u00e4lt einen&nbsp;Feuerwehrfahrzeug, einen Hubschrauber, einen Lkw mit einem Transportanh\u00e4nger, auf dem ein Feuerwehrauto und ein Feuerwehrhubschrauber Platz finden.<br \/>Mit Licht- und Soundeffekten wird das Spielen noch aufregender. Die beiden Feuerwehrfahrzeuge sind bereit, zu Notf\u00e4llen zu eilen.<br \/>Der Lkw-Anh\u00e4nger kann das Feuerwehrauto und den Hubschrauber sicher transportieren, um in kritischen Situationen Hilfe zu leisten.<br \/>Die Lichter und Soundeffekte des Lasters und des Hubschraubers sorgen f\u00fcr noch mehr Action und realistischen Spielspa\u00df.<br \/>Kinder k\u00f6nnen sich in die Rolle von Feuerwehrm\u00e4nnern und -frauen versetzen und Rettungseins\u00e4tze nachspielen.<\/p>\n<p>Dieses Spielset f\u00f6rdert die Kreativit\u00e4t der Kinder, da sie verschiedene Rettungsszenarien und Geschichten entwickeln k\u00f6nnen.<br \/>Es hilft auch dabei, das soziale Spiel und die Koordination zu verbessern.<\/p>\n<p>Unser Feuerwehrfahrzeug- und Hubschrauber-Spielset bietet spannende Abenteuer und lehrt Kinder, wie wichtig die Arbeit der Feuerwehr ist.<br \/>Mit Licht- und Soundeffekten wird das Spielen noch aufregender.<br \/>Bestellen Sie dieses Set heute und lassen Sie Ihre Kinder in die Welt der Feuerwehrarbeit eintauchen!<\/p>\n<p>Inhalt: 2x Fahrzeuge, 1x Hubschrauber<br \/>Altersempfehlung: ab 3 Jahre<br \/>Material: Kunststoff<br \/>Gr\u00f6\u00dfe: ca. 54 cm<br \/>Stromversorgung: Batterie (Im Lieferumfang enthalten)<\/p>\n<p>Achtung: Nicht f\u00fcr Kinder unter 36 Monaten geeignet wegen verschluckbarer Kleinteile, Erstickungsgefahr.<\/p>\n<p>Hinweis zur Entsorgung von Altbatterien<br \/>Der nachfolgende Hinweis richtet sich an diejenigen, die Batterien oder Produkte mit eingebauten Batterien nutzen und in der an sie gelieferten Form nicht mehr weiterver\u00e4u\u00dfern (Endnutzer): 1. Unentgeltliche R\u00fccknahme von Altbatterien Batterien d\u00fcrfen nicht \u00fcber den Hausm\u00fcll entsorgt werden. Sie sind zur R\u00fcckgabe von Altbatterien gesetzlich verpflichtet, damit eine fachgerechte Entsorgung gew\u00e4hrleistet werden kann. Sie k\u00f6nnen Altbatterien an einer kommunalen Sammelstelle oder im Handel vor Ort abgeben. Auch wir sind als Vertreiber von Batterien zur R\u00fccknahme von Altbatterien verpflichtet, wobei sich unsere R\u00fccknahmeverpflichtung auf Altbatterien der Art beschr\u00e4nkt, die wir als Neubatterien in unserem Sortiment f\u00fchren oder gef\u00fchrt haben. Altbatterien vorgenannter Art k\u00f6nnen Sie daher entweder ausreichend frankiert an uns zur\u00fccksenden oder sie direkt an unserem Versandlager unter der im Impressum genannten Adresse unentgeltlich abgeben. 2. Bedeutung der Batteriesymbole Batterien sind mit dem Symbol einer durchgekreuzten M\u00fclltonne gekennzeichnet. Dieses Symbol weist darauf hin, dass Batterien nicht in den Hausm\u00fcll gegeben werden d\u00fcrfen. Bei Batterien, die mehr als 0,0005 Masseprozent Quecksilber, mehr als 0,002 Masseprozent Cadmium oder mehr als 0,004 Masseprozent Blei enthalten, befindet sich unter dem M\u00fclltonnen-Symbol die chemische Bezeichnung des jeweils eingesetzten Schadstoffes \u2013 dabei steht &#8222;Cd&#8220; f\u00fcr Cadmium, &#8222;Pb&#8220; steht f\u00fcr Blei, und &#8222;Hg&#8220; f\u00fcr Quecksilber.<\/p>\n","protected":false},"excerpt":{"rendered":"<p>Dieses Spielset f\u00f6rdert die Kreativit\u00e4t der Kinder, da sie verschiedene Rettungsszenarien und Geschichten entwickeln k\u00f6nnen<\/p>\n","protected":false},"featured_media":18669,"comment_status":"closed","ping_status":"open","template":"","meta":[],"product_brand":[],"product_cat":[466],"product_tag":[],"class_list":{"0":"post-18668","1":"product","2":"type-product","3":"status-publish","4":"has-post-thumbnail","6":"product_cat-dienstfahrzeuge","8":"first","9":"instock","10":"shipping-taxable","11":"purchasable","12":"product-type-simple"},"_links":{"self":[{"href":"https:\/\/9play.de\/shop\/wp-json\/wp\/v2\/product\/18668","targetHints":{"allow":["GET"]}}],"collection":[{"href":"https:\/\/9play.de\/shop\/wp-json\/wp\/v2\/product"}],"about":[{"href":"https:\/\/9play.de\/shop\/wp-json\/wp\/v2\/types\/product"}],"replies":[{"embeddable":true,"href":"https:\/\/9play.de\/shop\/wp-json\/wp\/v2\/comments?post=18668"}],"wp:featuredmedia":[{"embeddable":true,"href":"https:\/\/9play.de\/shop\/wp-json\/wp\/v2\/media\/18669"}],"wp:attachment":[{"href":"https:\/\/9play.de\/shop\/wp-json\/wp\/v2\/media?parent=18668"}],"wp:term":[{"taxonomy":"product_brand","embeddable":true,"href":"https:\/\/9play.de\/shop\/wp-json\/wp\/v2\/product_brand?post=18668"},{"taxonomy":"product_cat","embeddable":true,"href":"https:\/\/9play.de\/shop\/wp-json\/wp\/v2\/product_cat?post=18668"},{"taxonomy":"product_tag","embeddable":true,"href":"https:\/\/9play.de\/shop\/wp-json\/wp\/v2\/product_tag?post=18668"}],"curies":[{"name":"wp","href":"https:\/\/api.w.org\/{rel}","templated":true}]}}