{"id":18698,"date":"2024-10-06T18:38:00","date_gmt":"2024-10-06T16:38:00","guid":{"rendered":"https:\/\/9play.de\/shop\/produkt\/wissenschaft-baue-dein-eigenes-warnlicht\/"},"modified":"2024-10-06T18:38:44","modified_gmt":"2024-10-06T16:38:44","slug":"wissenschaft-baue-dein-eigenes-warnlicht","status":"publish","type":"product","link":"https:\/\/9play.de\/shop\/produkt\/wissenschaft-baue-dein-eigenes-warnlicht\/","title":{"rendered":"Wissenschaft baue dein Eigenes Warnlicht"},"content":{"rendered":"<p>Unser Experimentier-Set &#8222;Warnlicht-Anlage&#8220; ist eine faszinierende M\u00f6glichkeit f\u00fcr junge Entdecker ab 8 Jahren, die Grundlagen der Elektronik und Mechanik zu erforschen.<br \/>Mit diesem Set k\u00f6nnen Kinder ihr eigenes Warnlicht mit einem drehbaren Licht in den Farben Blau und Rot aus Einzelteilen zusammenbauen.<br \/>Dieses Set erm\u00f6glicht es Kindern, die Welt der Technik spielerisch zu erkunden.<br \/>Sie lernen die Grundlagen der Elektronik und Mechanik, w\u00e4hrend sie ihr Warnlicht zusammenbauen und verstehen, wie es funktioniert.<br \/>Der Zusammenbau des Warnlichts aus Einzelteilen f\u00f6rdert die handwerklichen F\u00e4higkeiten und das r\u00e4umliche Denken der Kinder.<br \/>Es ist eine unterhaltsame und herausfordernde Aktivit\u00e4t, die ihre Probleml\u00f6sungsf\u00e4higkeiten st\u00e4rkt.<br \/>Nach erfolgreichem Zusammenbau haben die Kinder ein funktionsf\u00e4higes Warnlicht mit drehbarem blau-rotem Licht.<br \/>Dieses Ergebnis vermittelt ein Gef\u00fchl der Erf\u00fcllung und ermutigt zur weiteren Erforschung von Wissenschaft und Technik.<\/p>\n<p>Unser Experimentier-Set &#8222;Warnlicht-Anlage&#8220; bietet eine spannende M\u00f6glichkeit f\u00fcr Kinder, die Grundlagen der Elektronik und Mechanik zu erforschen, w\u00e4hrend sie ihr eigenes Warnlicht bauen.<br \/>Bestellen Sie dieses Set heute und f\u00f6rdern Sie die Neugier und den Wissensdurst Ihrer Kinder auf spielerische Weise!<\/p>\n<p>Inhalt: Verkehrsampel Set (ca. 9 Teile)<br \/>Altersempfehlung: ab 8 Jahre<br \/>Material: Kunststoff, Metall<br \/>Verpackung: ca. 13,5 x 10 x 15 cm<br \/>Stromversorgung: Batterie (Im Lieferumfang nicht enthalten)<\/p>\n<p>Achtung: Nicht f\u00fcr Kinder unter 36 Monaten geeignet wegen verschluckbarer Kleinteile, Erstickungsgefahr.<\/p>\n<p>Hinweis zur Entsorgung von Altbatterien<br \/>Der nachfolgende Hinweis richtet sich an diejenigen, die Batterien oder Produkte mit eingebauten Batterien nutzen und in der an sie gelieferten Form nicht mehr weiterver\u00e4u\u00dfern (Endnutzer): 1. Unentgeltliche R\u00fccknahme von Altbatterien Batterien d\u00fcrfen nicht \u00fcber den Hausm\u00fcll entsorgt werden. Sie sind zur R\u00fcckgabe von Altbatterien gesetzlich verpflichtet, damit eine fachgerechte Entsorgung gew\u00e4hrleistet werden kann. Sie k\u00f6nnen Altbatterien an einer kommunalen Sammelstelle oder im Handel vor Ort abgeben. Auch wir sind als Vertreiber von Batterien zur R\u00fccknahme von Altbatterien verpflichtet, wobei sich unsere R\u00fccknahmeverpflichtung auf Altbatterien der Art beschr\u00e4nkt, die wir als Neubatterien in unserem Sortiment f\u00fchren oder gef\u00fchrt haben. Altbatterien vorgenannter Art k\u00f6nnen Sie daher entweder ausreichend frankiert an uns zur\u00fccksenden oder sie direkt an unserem Versandlager unter der im Impressum genannten Adresse unentgeltlich abgeben. 2. Bedeutung der Batteriesymbole Batterien sind mit dem Symbol einer durchgekreuzten M\u00fclltonne gekennzeichnet. Dieses Symbol weist darauf hin, dass Batterien nicht in den Hausm\u00fcll gegeben werden d\u00fcrfen. Bei Batterien, die mehr als 0,0005 Masseprozent Quecksilber, mehr als 0,002 Masseprozent Cadmium oder mehr als 0,004 Masseprozent Blei enthalten, befindet sich unter dem M\u00fclltonnen-Symbol die chemische Bezeichnung des jeweils eingesetzten Schadstoffes \u2013 dabei steht &#8222;Cd&#8220; f\u00fcr Cadmium, &#8222;Pb&#8220; steht f\u00fcr Blei, und &#8222;Hg&#8220; f\u00fcr Quecksilber.<\/p>\n","protected":false},"excerpt":{"rendered":"<p>Es erm\u00f6glicht den Kindern, auf sichere Weise die Grundlagen der Elektronik zu erlernen und gleichzeitig Spa\u00df zu haben.<\/p>\n","protected":false},"featured_media":18699,"comment_status":"closed","ping_status":"open","template":"","meta":[],"product_brand":[],"product_cat":[473],"product_tag":[],"class_list":{"0":"post-18698","1":"product","2":"type-product","3":"status-publish","4":"has-post-thumbnail","6":"product_cat-experiment","8":"first","9":"instock","10":"shipping-taxable","11":"purchasable","12":"product-type-simple"},"_links":{"self":[{"href":"https:\/\/9play.de\/shop\/wp-json\/wp\/v2\/product\/18698","targetHints":{"allow":["GET"]}}],"collection":[{"href":"https:\/\/9play.de\/shop\/wp-json\/wp\/v2\/product"}],"about":[{"href":"https:\/\/9play.de\/shop\/wp-json\/wp\/v2\/types\/product"}],"replies":[{"embeddable":true,"href":"https:\/\/9play.de\/shop\/wp-json\/wp\/v2\/comments?post=18698"}],"wp:featuredmedia":[{"embeddable":true,"href":"https:\/\/9play.de\/shop\/wp-json\/wp\/v2\/media\/18699"}],"wp:attachment":[{"href":"https:\/\/9play.de\/shop\/wp-json\/wp\/v2\/media?parent=18698"}],"wp:term":[{"taxonomy":"product_brand","embeddable":true,"href":"https:\/\/9play.de\/shop\/wp-json\/wp\/v2\/product_brand?post=18698"},{"taxonomy":"product_cat","embeddable":true,"href":"https:\/\/9play.de\/shop\/wp-json\/wp\/v2\/product_cat?post=18698"},{"taxonomy":"product_tag","embeddable":true,"href":"https:\/\/9play.de\/shop\/wp-json\/wp\/v2\/product_tag?post=18698"}],"curies":[{"name":"wp","href":"https:\/\/api.w.org\/{rel}","templated":true}]}}