{"id":18724,"date":"2024-10-06T18:38:55","date_gmt":"2024-10-06T16:38:55","guid":{"rendered":"https:\/\/9play.de\/shop\/produkt\/skateboard-orange-55-cm-kinderskateboard\/"},"modified":"2024-10-06T18:39:00","modified_gmt":"2024-10-06T16:39:00","slug":"skateboard-orange-55-cm-kinderskateboard","status":"publish","type":"product","link":"https:\/\/9play.de\/shop\/produkt\/skateboard-orange-55-cm-kinderskateboard\/","title":{"rendered":"Skateboard Orange 55 cm Kinderskateboard"},"content":{"rendered":"<p>Unser Kinder Skateboard in lebendigem Orange ist ein aufregendes und stabiles Board f\u00fcr junge Nachwuchsskater.<br \/>Mit einer L\u00e4nge von 55 cm ist es ideal f\u00fcr Kinder, die ihre Skateboard-F\u00e4higkeiten weiterentwickeln m\u00f6chten.<br \/>Die auff\u00e4llige Orangefarbe sorgt daf\u00fcr, dass Ihr Kind stilvoll auf dem Board unterwegs ist.<br \/>Dieses Skateboard bietet eine solide Plattform f\u00fcr Tricks und Fahrten und f\u00f6rdert das Gleichgewichtsgef\u00fchl und die Koordination Ihres Kindes.<br \/>Mit hochwertigen Materialien gefertigt, ist es langlebig und bereit f\u00fcr viele Abenteuer auf den Stra\u00dfen und in den Skateparks.<\/p>\n<p>Inhalt: Skateboard Orange<\/p>\n<p>Rutschfest Oberfl\u00e4che&nbsp;<br \/>ABEC-7 Kugellager<\/p>\n<p>Altersempfehlung: ab 4 Jahre<br \/>Material: Kunststoff, Metall<br \/>Verpackung: ca. 15 x 10 x 55 cm<\/p>\n<p>Achtung: Mit Schutzausr\u00fcstung zu benutzen. Nicht im Stra\u00dfenverkehr zu verwenden.<\/p>\n<p>Achtung: Benutzung unter unmittelbarer Aufsicht von Erwachsenen.<\/p>\n","protected":false},"excerpt":{"rendered":"<p>Unser Kinder Skateboard in lebendigem Orange ist ein aufregendes und stabiles Board f\u00fcr junge Nachwuchsskater.<\/p>\n","protected":false},"featured_media":18725,"comment_status":"closed","ping_status":"open","template":"","meta":[],"product_brand":[],"product_cat":[491],"product_tag":[],"class_list":{"0":"post-18724","1":"product","2":"type-product","3":"status-publish","4":"has-post-thumbnail","6":"product_cat-skateboard","8":"first","9":"instock","10":"shipping-taxable","11":"purchasable","12":"product-type-simple"},"_links":{"self":[{"href":"https:\/\/9play.de\/shop\/wp-json\/wp\/v2\/product\/18724","targetHints":{"allow":["GET"]}}],"collection":[{"href":"https:\/\/9play.de\/shop\/wp-json\/wp\/v2\/product"}],"about":[{"href":"https:\/\/9play.de\/shop\/wp-json\/wp\/v2\/types\/product"}],"replies":[{"embeddable":true,"href":"https:\/\/9play.de\/shop\/wp-json\/wp\/v2\/comments?post=18724"}],"wp:featuredmedia":[{"embeddable":true,"href":"https:\/\/9play.de\/shop\/wp-json\/wp\/v2\/media\/18725"}],"wp:attachment":[{"href":"https:\/\/9play.de\/shop\/wp-json\/wp\/v2\/media?parent=18724"}],"wp:term":[{"taxonomy":"product_brand","embeddable":true,"href":"https:\/\/9play.de\/shop\/wp-json\/wp\/v2\/product_brand?post=18724"},{"taxonomy":"product_cat","embeddable":true,"href":"https:\/\/9play.de\/shop\/wp-json\/wp\/v2\/product_cat?post=18724"},{"taxonomy":"product_tag","embeddable":true,"href":"https:\/\/9play.de\/shop\/wp-json\/wp\/v2\/product_tag?post=18724"}],"curies":[{"name":"wp","href":"https:\/\/api.w.org\/{rel}","templated":true}]}}