{"id":18730,"date":"2024-10-06T18:38:55","date_gmt":"2024-10-06T16:38:55","guid":{"rendered":"https:\/\/9play.de\/shop\/produkt\/verkehrsampel-72-cm-ampel\/"},"modified":"2024-10-06T18:39:03","modified_gmt":"2024-10-06T16:39:03","slug":"verkehrsampel-72-cm-ampel","status":"publish","type":"product","link":"https:\/\/9play.de\/shop\/produkt\/verkehrsampel-72-cm-ampel\/","title":{"rendered":"Verkehrsampel 72 cm Ampel"},"content":{"rendered":"<p>Unsere 72 cm gro\u00dfe Verkehrsampel ist ein auff\u00e4lliges und lehrreiches Instrument zur F\u00f6rderung der Verkehrssicherheit und Verkehrserziehung.<br \/>Sie ist robust, wetterfest und vielseitig einsetzbar. Bestellen Sie diese gro\u00dfe Verkehrsampel noch heute und tragen Sie dazu bei, Verkehrssicherheit und -bewusstsein zu f\u00f6rdern.<br \/>Die gro\u00dfe Verkehrsampel bietet eine hervorragende M\u00f6glichkeit, Verkehrsregeln spielerisch zu vermitteln.<br \/>Kinder k\u00f6nnen lernen, wie man sich sicher im Verkehr bewegt, indem sie die Signale der Ampel verstehen und befolgen.<\/p>\n<p>Unsere gro\u00dfe Verkehrsampel ist ein gro\u00dfartiges Hilfsmittel f\u00fcr Veranstaltungen, Verkehrserziehung und Verkehrsschulungen.<br \/>Sie hilft dabei, wichtige Verkehrskonzepte zu vermitteln und die Sicherheit auf Stra\u00dfen und Wegen zu f\u00f6rdern.<\/p>\n<p>Inhalt: Verkehrsampel<br \/>Altersempfehlung: ab 3 Jahre<br \/>Material: Kunststoff, Metall<br \/>Gr\u00f6\u00dfe: ca. 21,5 x 72 cm<br \/>Verpackung: 23 x 16 x 28 cm<br \/>Stromversorgung: Batterie (Im Lieferumfang nicht enthalten)<\/p>\n<p>Achtung: Mit Schutzausr\u00fcstung zu benutzen. Nicht im Stra\u00dfenverkehr zu verwenden.<br \/>Achtung: Benutzung unter unmittelbarer Aufsicht von Erwachsenen.<br \/>Achtung: Nur f\u00fcr den Hausgebrauch.<\/p>\n<p>Hinweis zur Entsorgung von Altbatterien<br \/>Der nachfolgende Hinweis richtet sich an diejenigen, die Batterien oder Produkte mit eingebauten Batterien nutzen und in der an sie gelieferten Form nicht mehr weiterver\u00e4u\u00dfern (Endnutzer): 1. Unentgeltliche R\u00fccknahme von Altbatterien Batterien d\u00fcrfen nicht \u00fcber den Hausm\u00fcll entsorgt werden. Sie sind zur R\u00fcckgabe von Altbatterien gesetzlich verpflichtet, damit eine fachgerechte Entsorgung gew\u00e4hrleistet werden kann. Sie k\u00f6nnen Altbatterien an einer kommunalen Sammelstelle oder im Handel vor Ort abgeben. Auch wir sind als Vertreiber von Batterien zur R\u00fccknahme von Altbatterien verpflichtet, wobei sich unsere R\u00fccknahmeverpflichtung auf Altbatterien der Art beschr\u00e4nkt, die wir als Neubatterien in unserem Sortiment f\u00fchren oder gef\u00fchrt haben. Altbatterien vorgenannter Art k\u00f6nnen Sie daher entweder ausreichend frankiert an uns zur\u00fccksenden oder sie direkt an unserem Versandlager unter der im Impressum genannten Adresse unentgeltlich abgeben. 2. Bedeutung der Batteriesymbole Batterien sind mit dem Symbol einer durchgekreuzten M\u00fclltonne gekennzeichnet. Dieses Symbol weist darauf hin, dass Batterien nicht in den Hausm\u00fcll gegeben werden d\u00fcrfen. Bei Batterien, die mehr als 0,0005 Masseprozent Quecksilber, mehr als 0,002 Masseprozent Cadmium oder mehr als 0,004 Masseprozent Blei enthalten, befindet sich unter dem M\u00fclltonnen-Symbol die chemische Bezeichnung des jeweils eingesetzten Schadstoffes \u2013 dabei steht &#8222;Cd&#8220; f\u00fcr Cadmium, &#8222;Pb&#8220; steht f\u00fcr Blei, und &#8222;Hg&#8220; f\u00fcr Quecksilber.<\/p>\n","protected":false},"excerpt":{"rendered":"<p>Unsere gro\u00dfe Verkehrsampel mit einer imposanten H\u00f6he von 72 cm ist ein unverzichtbares Lehrmittel und eine auff\u00e4llige Sicherheitsl\u00f6sung f\u00fcr Verkehrs- und Bildungszwecke.<\/p>\n","protected":false},"featured_media":18731,"comment_status":"closed","ping_status":"open","template":"","meta":[],"product_brand":[],"product_cat":[504],"product_tag":[],"class_list":{"0":"post-18730","1":"product","2":"type-product","3":"status-publish","4":"has-post-thumbnail","6":"product_cat-spiele-im-freien","8":"first","9":"instock","10":"shipping-taxable","11":"purchasable","12":"product-type-simple"},"_links":{"self":[{"href":"https:\/\/9play.de\/shop\/wp-json\/wp\/v2\/product\/18730","targetHints":{"allow":["GET"]}}],"collection":[{"href":"https:\/\/9play.de\/shop\/wp-json\/wp\/v2\/product"}],"about":[{"href":"https:\/\/9play.de\/shop\/wp-json\/wp\/v2\/types\/product"}],"replies":[{"embeddable":true,"href":"https:\/\/9play.de\/shop\/wp-json\/wp\/v2\/comments?post=18730"}],"wp:featuredmedia":[{"embeddable":true,"href":"https:\/\/9play.de\/shop\/wp-json\/wp\/v2\/media\/18731"}],"wp:attachment":[{"href":"https:\/\/9play.de\/shop\/wp-json\/wp\/v2\/media?parent=18730"}],"wp:term":[{"taxonomy":"product_brand","embeddable":true,"href":"https:\/\/9play.de\/shop\/wp-json\/wp\/v2\/product_brand?post=18730"},{"taxonomy":"product_cat","embeddable":true,"href":"https:\/\/9play.de\/shop\/wp-json\/wp\/v2\/product_cat?post=18730"},{"taxonomy":"product_tag","embeddable":true,"href":"https:\/\/9play.de\/shop\/wp-json\/wp\/v2\/product_tag?post=18730"}],"curies":[{"name":"wp","href":"https:\/\/api.w.org\/{rel}","templated":true}]}}