{"id":18741,"date":"2024-10-06T18:38:55","date_gmt":"2024-10-06T16:38:55","guid":{"rendered":"https:\/\/9play.de\/shop\/produkt\/gymnastik-set-3-in-1-schaukel-stange-ringe\/"},"modified":"2024-10-06T18:39:10","modified_gmt":"2024-10-06T16:39:10","slug":"gymnastik-set-3-in-1-schaukel-stange-ringe","status":"publish","type":"product","link":"https:\/\/9play.de\/shop\/produkt\/gymnastik-set-3-in-1-schaukel-stange-ringe\/","title":{"rendered":"Gymnastik Set 3 in 1 Schaukel Stange Ringe"},"content":{"rendered":"<p>Unser Gymnastik-Set 3 in 1 mit Schaukelringen und Holzschaukel ist das perfekte Zubeh\u00f6r, um Spa\u00df und Fitness im eigenen Zuhause zu verbinden.<br \/>Dieses Set enth\u00e4lt zwei robuste Schaukelringe aus Metall, eine Schaukelstange aus Holz, eine gem\u00fctliche Holzschaukel und zwei verstellbare Seile f\u00fcr die einfache Befestigung.<br \/>Mit einer maximalen Traglast von 70 kg eignet sich dieses Set ideal f\u00fcr Kinder und \u00e4ltere Geschwister gleicherma\u00dfen.<\/p>\n<p>Dieses Gymnastik-Set bietet vielseitige M\u00f6glichkeiten f\u00fcr k\u00f6rperliche Aktivit\u00e4t und Spa\u00df.<br \/>Die Schaukelringe k\u00f6nnen f\u00fcr akrobatische \u00dcbungen und Krafttraining verwendet werden, w\u00e4hrend die Holzschaukel eine entspannende M\u00f6glichkeit bietet, sich zu erholen und zu schaukeln.<br \/>Die verstellbaren Seile erm\u00f6glichen eine einfache und sichere Befestigung an Deckenbalken oder Schaukelgestellen im Innen- und Au\u00dfenbereich.<\/p>\n<p>Die Installation ist kinderleicht und erfordert kein aufwendiges Werkzeug.<\/p>\n<p>Unser Gymnastik-Set mit Schaukelringen und Holzschaukel bietet eine unterhaltsame und effektive M\u00f6glichkeit, k\u00f6rperliche Fitness und Freude zu vereinen.<br \/>Einfach zu installieren und langlebig, ist es eine gro\u00dfartige Erg\u00e4nzung f\u00fcr jedes Zuhause oder Kinder-Fitnessstudio.<\/p>\n<p>Bestellen Sie dieses Set noch heute und lassen Sie die ganze Familie Spa\u00df an Bewegung und Aktivit\u00e4t haben!<\/p>\n<p>Inhalt: 2x Schaukelring, 1x Schaukelstange, 1x Schaukelsitz, 2x Seile<br \/>Altersempfehlung: ab 3 Jahre<br \/>Material: Holz, Metall<br \/>Schaukelsitz: ca. 45 x 12 cm<br \/>Schaukelring: ca. 15, 5 x 13,5 cm<br \/>Schaukelstange: ca. 47 x 3 cm<br \/>Belastbar bis 70 Kg<\/p>\n<p>Achtung: Benutzung unter unmittelbarer Aufsicht von Erwachsenen.<br \/>Achtung:&nbsp;Strangulationsgefahr durch lange&nbsp;Seile.<br \/>Achtung: Nur f\u00fcr den Hausgebrauch.<\/p>\n","protected":false},"excerpt":{"rendered":"<p>Es ist eine gro\u00dfartige M\u00f6glichkeit, Kinder von Bildschirmen fernzuhalten und gleichzeitig Fitness und Spa\u00df zu f\u00f6rdern.<\/p>\n","protected":false},"featured_media":18742,"comment_status":"closed","ping_status":"open","template":"","meta":[],"product_brand":[],"product_cat":[556],"product_tag":[],"class_list":{"0":"post-18741","1":"product","2":"type-product","3":"status-publish","4":"has-post-thumbnail","6":"product_cat-schaukeln","8":"first","9":"instock","10":"shipping-taxable","11":"purchasable","12":"product-type-simple"},"_links":{"self":[{"href":"https:\/\/9play.de\/shop\/wp-json\/wp\/v2\/product\/18741","targetHints":{"allow":["GET"]}}],"collection":[{"href":"https:\/\/9play.de\/shop\/wp-json\/wp\/v2\/product"}],"about":[{"href":"https:\/\/9play.de\/shop\/wp-json\/wp\/v2\/types\/product"}],"replies":[{"embeddable":true,"href":"https:\/\/9play.de\/shop\/wp-json\/wp\/v2\/comments?post=18741"}],"wp:featuredmedia":[{"embeddable":true,"href":"https:\/\/9play.de\/shop\/wp-json\/wp\/v2\/media\/18742"}],"wp:attachment":[{"href":"https:\/\/9play.de\/shop\/wp-json\/wp\/v2\/media?parent=18741"}],"wp:term":[{"taxonomy":"product_brand","embeddable":true,"href":"https:\/\/9play.de\/shop\/wp-json\/wp\/v2\/product_brand?post=18741"},{"taxonomy":"product_cat","embeddable":true,"href":"https:\/\/9play.de\/shop\/wp-json\/wp\/v2\/product_cat?post=18741"},{"taxonomy":"product_tag","embeddable":true,"href":"https:\/\/9play.de\/shop\/wp-json\/wp\/v2\/product_tag?post=18741"}],"curies":[{"name":"wp","href":"https:\/\/api.w.org\/{rel}","templated":true}]}}