{"id":18792,"date":"2024-10-06T18:39:45","date_gmt":"2024-10-06T16:39:45","guid":{"rendered":"https:\/\/9play.de\/shop\/produkt\/lokomotive-wagons-15-bloecke-zug-aus-holz-bausteine\/"},"modified":"2024-10-06T18:39:45","modified_gmt":"2024-10-06T16:39:45","slug":"lokomotive-wagons-15-bloecke-zug-aus-holz-bausteine","status":"publish","type":"product","link":"https:\/\/9play.de\/shop\/produkt\/lokomotive-wagons-15-bloecke-zug-aus-holz-bausteine\/","title":{"rendered":"Lokomotive Wagons 15 Bl\u00f6cke Zug aus Holz Bausteine"},"content":{"rendered":"<p>Holzblockzug-Spielzeug ist ein p\u00e4dagogisches und unterhaltsames Spielzeug, das Kindern die Welt der Konstruktion und Kreativit\u00e4t n\u00e4herbringt.<br \/>Dieses Set enth\u00e4lt eine Lokomotive und 2 Waggons, jeweils mit 2 Holzstiften zum Stapeln von Bl\u00f6cken. Zus\u00e4tzlich sind 15 Holzbausteine im Set enthalten.<br \/>Kinder k\u00f6nnen ihrer Fantasie freien Lauf lassen, indem sie die Holzbausteine auf die Stifte der Lokomotive und der Waggons stapeln.<br \/>Sie k\u00f6nnen ihren eigenen Zug entwerfen und dabei grundlegende Konzepte des Bauens und der Balance erkunden.<br \/>Das Aufstapeln der Holzbausteine erfordert pr\u00e4zise Handbewegungen und f\u00f6rdert die Feinmotorik und Hand-Auge-Koordination Ihres Kindes.<br \/>Kinder k\u00f6nnen den Zug nach ihren eigenen Vorstellungen gestalten und dabei kreatives Probleml\u00f6sen \u00fcben.<br \/>Sie k\u00f6nnen verschiedene Formen und Farben verwenden und so ihre gestalterischen F\u00e4higkeiten entwickeln.<\/p>\n<p>Unser Holzblockzug-Spielzeug ist ein p\u00e4dagogisches und unterhaltsames Spielzeug, das die Fantasie und die motorischen F\u00e4higkeiten von Kindern f\u00f6rdert.<br \/>Mit seinem hochwertigen Holzdesign und den mitgelieferten Bausteinen ist es eine gro\u00dfartige M\u00f6glichkeit, kreatives Spielen und Lernen zu kombinieren.<br \/>Bestellen Sie dieses Spielzeugset noch heute und lassen Sie Ihr Kind die Welt des Bauens und der Konstruktion erkunden!&nbsp;<\/p>\n<p>Inhalt: 1 Zug, 2 Wagons, 15 Bl\u00f6cke<br \/>Altersempfehlung: ab 18 Monate<br \/>Material: Holz<br \/>Gr\u00f6\u00dfe: ca. 45 \u00d7 10 \u00d7 14 cm<\/p>\n<p>Achtung: Benutzung unter unmittelbarer Aufsicht von Erwachsenen.<\/p>\n","protected":false},"excerpt":{"rendered":"<p>Holzblockzug-Spielzeug ist ein p\u00e4dagogisches und unterhaltsames Spielzeug, das die Fantasie und die motorischen F\u00e4higkeiten von Kindern f\u00f6rdert.<\/p>\n","protected":false},"featured_media":18793,"comment_status":"closed","ping_status":"open","template":"","meta":[],"product_brand":[],"product_cat":[453],"product_tag":[],"class_list":{"0":"post-18792","1":"product","2":"type-product","3":"status-publish","4":"has-post-thumbnail","6":"product_cat-holz-fahrzeuge","8":"first","9":"instock","10":"shipping-taxable","11":"purchasable","12":"product-type-simple"},"_links":{"self":[{"href":"https:\/\/9play.de\/shop\/wp-json\/wp\/v2\/product\/18792","targetHints":{"allow":["GET"]}}],"collection":[{"href":"https:\/\/9play.de\/shop\/wp-json\/wp\/v2\/product"}],"about":[{"href":"https:\/\/9play.de\/shop\/wp-json\/wp\/v2\/types\/product"}],"replies":[{"embeddable":true,"href":"https:\/\/9play.de\/shop\/wp-json\/wp\/v2\/comments?post=18792"}],"wp:featuredmedia":[{"embeddable":true,"href":"https:\/\/9play.de\/shop\/wp-json\/wp\/v2\/media\/18793"}],"wp:attachment":[{"href":"https:\/\/9play.de\/shop\/wp-json\/wp\/v2\/media?parent=18792"}],"wp:term":[{"taxonomy":"product_brand","embeddable":true,"href":"https:\/\/9play.de\/shop\/wp-json\/wp\/v2\/product_brand?post=18792"},{"taxonomy":"product_cat","embeddable":true,"href":"https:\/\/9play.de\/shop\/wp-json\/wp\/v2\/product_cat?post=18792"},{"taxonomy":"product_tag","embeddable":true,"href":"https:\/\/9play.de\/shop\/wp-json\/wp\/v2\/product_tag?post=18792"}],"curies":[{"name":"wp","href":"https:\/\/api.w.org\/{rel}","templated":true}]}}