{"id":18799,"date":"2024-10-06T18:39:45","date_gmt":"2024-10-06T16:39:45","guid":{"rendered":"https:\/\/9play.de\/shop\/produkt\/abschleppwagen-mit-rueckzug-und-einem-suv\/"},"modified":"2024-10-06T18:39:50","modified_gmt":"2024-10-06T16:39:50","slug":"abschleppwagen-mit-rueckzug-und-einem-suv","status":"publish","type":"product","link":"https:\/\/9play.de\/shop\/produkt\/abschleppwagen-mit-rueckzug-und-einem-suv\/","title":{"rendered":"Abschleppwagen mit R\u00fcckzug und einem SUV"},"content":{"rendered":"<p>Realistisches Design: Der Abschleppwagen und der SUV sind detailgetreu gestaltet und vermitteln ein authentisches Stra\u00dfenerlebnis f\u00fcr Ihr Kind.<br \/>R\u00fcckzugmotor: Der Abschleppwagen ist mit einem R\u00fcckzugmotor ausgestattet, der es Ihrem Kind erm\u00f6glicht, den Wagen einfach zur\u00fcckzuziehen und loszulassen, um ihn eigenst\u00e4ndig fahren zu lassen.<br \/>SUV inklusive: Das Set enth\u00e4lt sowohl den Abschleppwagen als auch einen SUV, um sofort mit dem Spielen loslegen zu k\u00f6nnen.<br \/>F\u00f6rderung der Vorstellungskraft: Kinder k\u00f6nnen realit\u00e4tsnahe Szenarien erstellen, in denen sie den Abschleppwagen einsetzen, um das SUV zu retten.<br \/>Feinmotorik entwickeln: Das Spielen mit den flexiblen Abschleppkabeln und dem R\u00fcckzugmotor f\u00f6rdert die Feinmotorik Ihres Kindes.<br \/>Soziale Interaktion: Ihr Kind kann seine Freunde einladen, um gemeinsam spannende Rettungsmissionen zu planen und durchzuf\u00fchren.<\/p>\n<p>Das Abschleppwagen und SUV-Spielzeugset ist das ideale Geschenk f\u00fcr Kinder, die von Fahrzeugen und Abenteuern fasziniert sind.<br \/>Bestellen Sie noch heute und lassen Sie Ihr Kind die Freude des Spielens und Entdeckens erleben!<\/p>\n<p>Inhalt: 1x Abschleppwagen, 1x SUV<br \/>Altersempfehlung: ab 3 Jahre<br \/>Verpackung: ca. 40 x 19,5 x 7 cm<br \/>Material: Kunststoff, Metall<\/p>\n<p>Achtung: Nicht f\u00fcr Kinder unter 36 Monaten geeignet wegen verschluckbarer Kleinteile, Erstickungsgefahr.<\/p>\n","protected":false},"excerpt":{"rendered":"<p>Das Set enth\u00e4lt einen realistischen Abschleppwagen und einen SUV, die perfekt f\u00fcr abenteuerliche Geschichten und aufregende Rettungseins\u00e4tze geeignet sind.<\/p>\n","protected":false},"featured_media":18800,"comment_status":"closed","ping_status":"open","template":"","meta":[],"product_brand":[],"product_cat":[466],"product_tag":[],"class_list":{"0":"post-18799","1":"product","2":"type-product","3":"status-publish","4":"has-post-thumbnail","6":"product_cat-dienstfahrzeuge","8":"first","9":"instock","10":"shipping-taxable","11":"purchasable","12":"product-type-simple"},"_links":{"self":[{"href":"https:\/\/9play.de\/shop\/wp-json\/wp\/v2\/product\/18799","targetHints":{"allow":["GET"]}}],"collection":[{"href":"https:\/\/9play.de\/shop\/wp-json\/wp\/v2\/product"}],"about":[{"href":"https:\/\/9play.de\/shop\/wp-json\/wp\/v2\/types\/product"}],"replies":[{"embeddable":true,"href":"https:\/\/9play.de\/shop\/wp-json\/wp\/v2\/comments?post=18799"}],"wp:featuredmedia":[{"embeddable":true,"href":"https:\/\/9play.de\/shop\/wp-json\/wp\/v2\/media\/18800"}],"wp:attachment":[{"href":"https:\/\/9play.de\/shop\/wp-json\/wp\/v2\/media?parent=18799"}],"wp:term":[{"taxonomy":"product_brand","embeddable":true,"href":"https:\/\/9play.de\/shop\/wp-json\/wp\/v2\/product_brand?post=18799"},{"taxonomy":"product_cat","embeddable":true,"href":"https:\/\/9play.de\/shop\/wp-json\/wp\/v2\/product_cat?post=18799"},{"taxonomy":"product_tag","embeddable":true,"href":"https:\/\/9play.de\/shop\/wp-json\/wp\/v2\/product_tag?post=18799"}],"curies":[{"name":"wp","href":"https:\/\/api.w.org\/{rel}","templated":true}]}}