{"id":18806,"date":"2024-10-06T18:39:45","date_gmt":"2024-10-06T16:39:45","guid":{"rendered":"https:\/\/9play.de\/shop\/produkt\/raumfaehre-mit-treibstofftank-licht-sound-effekte-bewegliche-teile\/"},"modified":"2024-10-06T18:39:55","modified_gmt":"2024-10-06T16:39:55","slug":"raumfaehre-mit-treibstofftank-licht-sound-effekte-bewegliche-teile","status":"publish","type":"product","link":"https:\/\/9play.de\/shop\/produkt\/raumfaehre-mit-treibstofftank-licht-sound-effekte-bewegliche-teile\/","title":{"rendered":"Raumf\u00e4hre mit Treibstofftank Licht Sound Effekte bewegliche Teile"},"content":{"rendered":"<p>Realistisches Raumf\u00e4hrendesign: Diese Raumf\u00e4hre ist detailgetreu gestaltet und sieht aus wie die echten Raumf\u00e4hren der NASA.<br \/>Ihr Kind wird das Gef\u00fchl haben, ein echter Astronaut zu sein, wenn es mit diesem Spielzeug spielt.<br \/>Externer Treibstofftank: Die Raumf\u00e4hre ist mit einem abnehmbaren externen Treibstofftank ausgestattet, der Ihrem Kind erm\u00f6glicht, realistische Starts und Landungen zu inszenieren. Die Tankverbindung ist beweglich und sorgt f\u00fcr stundenlangen Spielspa\u00df.<br \/>Licht- und Soundeffekte: Dr\u00fccken Sie auf den Knopf, und die Raumf\u00e4hre wird mit aufregenden Licht- und Soundeffekten zum Leben erweckt.<\/p>\n<p>Ihr Kind wird das Gef\u00fchl haben, in den Weltraum zu starten und zu landen, wann immer es m\u00f6chte.<br \/>Mit dieser Kinderspielzeug-Raumf\u00e4hre k\u00f6nnen Ihre kleinen Astronauten den Weltraum erkunden, Missionen durchf\u00fchren und spannende Abenteuer erleben.<br \/>Es ist das ideale Geschenk f\u00fcr neugierige Kinder, die von den unendlichen Weiten des Weltalls fasziniert sind.<br \/>Bringen Sie die Sterne n\u00e4her und f\u00f6rdern Sie die Entdeckungsfreude Ihres Kindes mit diesem fantastischen Spielzeug!<\/p>\n<p>Inhalt: 1x Raumf\u00e4hre mit externem Treibstofftank<br \/>Altersempfehlung: ab 3 Jahre<br \/>Material: Kunststoff<br \/>Stromversorgung: Batterie (sind im Lieferumfang enthalten)<br \/>Verpackung: ca. 10 x 14 x 29 cm<\/p>\n<p>Achtung: Nicht f\u00fcr Kinder unter 36 Monaten geeignet wegen verschluckbarer Kleinteile, Erstickungsgefahr.<\/p>\n<p>Hinweis zur Entsorgung von Altbatterien<br \/>Der nachfolgende Hinweis richtet sich an diejenigen, die Batterien oder Produkte mit eingebauten Batterien nutzen und in der an sie gelieferten Form nicht mehr weiterver\u00e4u\u00dfern (Endnutzer): 1. Unentgeltliche R\u00fccknahme von Altbatterien Batterien d\u00fcrfen nicht \u00fcber den Hausm\u00fcll entsorgt werden. Sie sind zur R\u00fcckgabe von Altbatterien gesetzlich verpflichtet, damit eine fachgerechte Entsorgung gew\u00e4hrleistet werden kann. Sie k\u00f6nnen Altbatterien an einer kommunalen Sammelstelle oder im Handel vor Ort abgeben. Auch wir sind als Vertreiber von Batterien zur R\u00fccknahme von Altbatterien verpflichtet, wobei sich unsere R\u00fccknahmeverpflichtung auf Altbatterien der Art beschr\u00e4nkt, die wir als Neubatterien in unserem Sortiment f\u00fchren oder gef\u00fchrt haben. Altbatterien vorgenannter Art k\u00f6nnen Sie daher entweder ausreichend frankiert an uns zur\u00fccksenden oder sie direkt an unserem Versandlager unter der im Impressum genannten Adresse unentgeltlich abgeben. 2. Bedeutung der Batteriesymbole Batterien sind mit dem Symbol einer durchgekreuzten M\u00fclltonne gekennzeichnet. Dieses Symbol weist darauf hin, dass Batterien nicht in den Hausm\u00fcll gegeben werden d\u00fcrfen. Bei Batterien, die mehr als 0,0005 Masseprozent Quecksilber, mehr als 0,002 Masseprozent Cadmium oder mehr als 0,004 Masseprozent Blei enthalten, befindet sich unter dem M\u00fclltonnen-Symbol die chemische Bezeichnung des jeweils eingesetzten Schadstoffes \u2013 dabei steht &#8222;Cd&#8220; f\u00fcr Cadmium, &#8222;Pb&#8220; steht f\u00fcr Blei, und &#8222;Hg&#8220; f\u00fcr Quecksilber.<\/p>\n","protected":false},"excerpt":{"rendered":"<p>Mit realistischen Licht- und Soundeffekten sowie beweglichen Teilen ist dieses Spielzeug eine Quelle f\u00fcr endlose Weltraumbegeisterung.<\/p>\n","protected":false},"featured_media":18807,"comment_status":"closed","ping_status":"open","template":"","meta":[],"product_brand":[],"product_cat":[478],"product_tag":[],"class_list":{"0":"post-18806","1":"product","2":"type-product","3":"status-publish","4":"has-post-thumbnail","6":"product_cat-flugzeuge","8":"first","9":"instock","10":"shipping-taxable","11":"purchasable","12":"product-type-simple"},"_links":{"self":[{"href":"https:\/\/9play.de\/shop\/wp-json\/wp\/v2\/product\/18806","targetHints":{"allow":["GET"]}}],"collection":[{"href":"https:\/\/9play.de\/shop\/wp-json\/wp\/v2\/product"}],"about":[{"href":"https:\/\/9play.de\/shop\/wp-json\/wp\/v2\/types\/product"}],"replies":[{"embeddable":true,"href":"https:\/\/9play.de\/shop\/wp-json\/wp\/v2\/comments?post=18806"}],"wp:featuredmedia":[{"embeddable":true,"href":"https:\/\/9play.de\/shop\/wp-json\/wp\/v2\/media\/18807"}],"wp:attachment":[{"href":"https:\/\/9play.de\/shop\/wp-json\/wp\/v2\/media?parent=18806"}],"wp:term":[{"taxonomy":"product_brand","embeddable":true,"href":"https:\/\/9play.de\/shop\/wp-json\/wp\/v2\/product_brand?post=18806"},{"taxonomy":"product_cat","embeddable":true,"href":"https:\/\/9play.de\/shop\/wp-json\/wp\/v2\/product_cat?post=18806"},{"taxonomy":"product_tag","embeddable":true,"href":"https:\/\/9play.de\/shop\/wp-json\/wp\/v2\/product_tag?post=18806"}],"curies":[{"name":"wp","href":"https:\/\/api.w.org\/{rel}","templated":true}]}}