{"id":18811,"date":"2024-10-06T18:39:45","date_gmt":"2024-10-06T16:39:45","guid":{"rendered":"https:\/\/9play.de\/shop\/produkt\/polizeibus-mit-licht-sound-und-tueren-zum-oeffnen\/"},"modified":"2024-10-06T18:39:59","modified_gmt":"2024-10-06T16:39:59","slug":"polizeibus-mit-licht-sound-und-tueren-zum-oeffnen","status":"publish","type":"product","link":"https:\/\/9play.de\/shop\/produkt\/polizeibus-mit-licht-sound-und-tueren-zum-oeffnen\/","title":{"rendered":"Polizeibus mit Licht Sound und T\u00fcren zum \u00f6ffnen"},"content":{"rendered":"<p>Realistisches Polizei-Design: Dieser Polizeibus ist detailgetreu gestaltet und erweckt den Eindruck eines echten Polizeifahrzeugs.<br \/>Mit seinen aufregenden Farben und dem Polizei-Logo wird er die Fantasie Ihrer Kinder anregen.<br \/>Licht- und Soundeffekte: Dr\u00fccken Sie die Kn\u00f6pfe auf dem Polizeibus, um die Lichter zu aktivieren und realistische Sirenen- und Motorger\u00e4usche zu h\u00f6ren. Ihre Kinder werden sich wie echte Polizisten f\u00fchlen, wenn sie auf Verbrecherjagd gehen.<br \/>T\u00fcren zum \u00d6ffnen: Dieser Polizeibus verf\u00fcgt \u00fcber funktionierende T\u00fcren, die sich leicht \u00f6ffnen lassen. Dadurch k\u00f6nnen Ihre Kinder problemlos Polizei-Figuren oder Spielzeugfiguren hineinsetzen und spannende Abenteuer nachspielen.<br \/>Bildung und Fantasie: Spielen mit diesem Polizeibus f\u00f6rdert die Kreativit\u00e4t Ihrer Kinder und lehrt sie wichtige soziale F\u00e4higkeiten wie Teamarbeit und Rollenspiel.<\/p>\n<p>Ob Ihre Kinder Verbrecher jagen, Rettungseins\u00e4tze durchf\u00fchren oder spannende Geschichten erfinden &#8211; mit diesem Polizeibus werden sie die aufregende Welt der Polizeiarbeit kennenlernen. Bringen Sie mit diesem Spielzeug Fahrspa\u00df und Abenteuer in das Leben Ihrer Kinder und lassen Sie ihrer Fantasie freien Lauf.<br \/>Der Polizeibus mit Licht, Sound und T\u00fcren zum \u00d6ffnen wird sicherlich ein Lieblingsspielzeug in ihrer Sammlung sein.<\/p>\n<p>Inhalt: 1x Polizei Bus<br \/>Altersempfehlung: ab 3 Jahre<br \/>Material: Kunststoff<br \/>Stromversorgung: Batterie (sind im Lieferumfang enthalten)<br \/>Verpackung: ca. 13,5 x 24,5 x 15 cm<\/p>\n<p>Achtung: Nicht f\u00fcr Kinder unter 36 Monaten geeignet wegen verschluckbarer Kleinteile, Erstickungsgefahr.<\/p>\n<p>Hinweis zur Entsorgung von Altbatterien<br \/>Der nachfolgende Hinweis richtet sich an diejenigen, die Batterien oder Produkte mit eingebauten Batterien nutzen und in der an sie gelieferten Form nicht mehr weiterver\u00e4u\u00dfern (Endnutzer): 1. Unentgeltliche R\u00fccknahme von Altbatterien Batterien d\u00fcrfen nicht \u00fcber den Hausm\u00fcll entsorgt werden. Sie sind zur R\u00fcckgabe von Altbatterien gesetzlich verpflichtet, damit eine fachgerechte Entsorgung gew\u00e4hrleistet werden kann. Sie k\u00f6nnen Altbatterien an einer kommunalen Sammelstelle oder im Handel vor Ort abgeben. Auch wir sind als Vertreiber von Batterien zur R\u00fccknahme von Altbatterien verpflichtet, wobei sich unsere R\u00fccknahmeverpflichtung auf Altbatterien der Art beschr\u00e4nkt, die wir als Neubatterien in unserem Sortiment f\u00fchren oder gef\u00fchrt haben. Altbatterien vorgenannter Art k\u00f6nnen Sie daher entweder ausreichend frankiert an uns zur\u00fccksenden oder sie direkt an unserem Versandlager unter der im Impressum genannten Adresse unentgeltlich abgeben. 2. Bedeutung der Batteriesymbole Batterien sind mit dem Symbol einer durchgekreuzten M\u00fclltonne gekennzeichnet. Dieses Symbol weist darauf hin, dass Batterien nicht in den Hausm\u00fcll gegeben werden d\u00fcrfen. Bei Batterien, die mehr als 0,0005 Masseprozent Quecksilber, mehr als 0,002 Masseprozent Cadmium oder mehr als 0,004 Masseprozent Blei enthalten, befindet sich unter dem M\u00fclltonnen-Symbol die chemische Bezeichnung des jeweils eingesetzten Schadstoffes \u2013 dabei steht &#8222;Cd&#8220; f\u00fcr Cadmium, &#8222;Pb&#8220; steht f\u00fcr Blei, und &#8222;Hg&#8220; f\u00fcr Quecksilber.<\/p>\n","protected":false},"excerpt":{"rendered":"<p>Der Polizeibus mit Licht, Sound und T\u00fcren zum \u00d6ffnen, wird Ihre Kleinen begeistern und stundenlangen Spielspa\u00df garantieren.<\/p>\n","protected":false},"featured_media":18812,"comment_status":"closed","ping_status":"open","template":"","meta":[],"product_brand":[],"product_cat":[466],"product_tag":[],"class_list":{"0":"post-18811","1":"product","2":"type-product","3":"status-publish","4":"has-post-thumbnail","6":"product_cat-dienstfahrzeuge","8":"first","9":"instock","10":"shipping-taxable","11":"purchasable","12":"product-type-simple"},"_links":{"self":[{"href":"https:\/\/9play.de\/shop\/wp-json\/wp\/v2\/product\/18811","targetHints":{"allow":["GET"]}}],"collection":[{"href":"https:\/\/9play.de\/shop\/wp-json\/wp\/v2\/product"}],"about":[{"href":"https:\/\/9play.de\/shop\/wp-json\/wp\/v2\/types\/product"}],"replies":[{"embeddable":true,"href":"https:\/\/9play.de\/shop\/wp-json\/wp\/v2\/comments?post=18811"}],"wp:featuredmedia":[{"embeddable":true,"href":"https:\/\/9play.de\/shop\/wp-json\/wp\/v2\/media\/18812"}],"wp:attachment":[{"href":"https:\/\/9play.de\/shop\/wp-json\/wp\/v2\/media?parent=18811"}],"wp:term":[{"taxonomy":"product_brand","embeddable":true,"href":"https:\/\/9play.de\/shop\/wp-json\/wp\/v2\/product_brand?post=18811"},{"taxonomy":"product_cat","embeddable":true,"href":"https:\/\/9play.de\/shop\/wp-json\/wp\/v2\/product_cat?post=18811"},{"taxonomy":"product_tag","embeddable":true,"href":"https:\/\/9play.de\/shop\/wp-json\/wp\/v2\/product_tag?post=18811"}],"curies":[{"name":"wp","href":"https:\/\/api.w.org\/{rel}","templated":true}]}}