{"id":18850,"date":"2024-10-06T18:39:45","date_gmt":"2024-10-06T16:39:45","guid":{"rendered":"https:\/\/9play.de\/shop\/produkt\/barbie-mikrofon-mit-licht-und-lautsprecher\/"},"modified":"2024-10-06T18:40:24","modified_gmt":"2024-10-06T16:40:24","slug":"barbie-mikrofon-mit-licht-und-lautsprecher","status":"publish","type":"product","link":"https:\/\/9play.de\/shop\/produkt\/barbie-mikrofon-mit-licht-und-lautsprecher\/","title":{"rendered":"Barbie Mikrofon mit Licht und Lautsprecher"},"content":{"rendered":"<p>Genie\u00dfen Sie stundenlangen musikalischen Spa\u00df mit dem Barbie Mikrofon!<br \/>Dieses einzigartige Mikrofon bringt nicht nur den Gesang zum Leben, sondern schafft auch eine mitrei\u00dfende Atmosph\u00e4re mit bunten Lichtern am Mikrofonkopf.<\/p>\n<p><strong>Funktionen:<\/strong><\/p>\n<p><strong>Singe im Takt der Musik:<\/strong> Das Barbie Mikrofon erm\u00f6glicht es kleinen S\u00e4ngern, im Takt der Musik zu singen. Die bunten Lichter am Mikrofonkopf sorgen f\u00fcr eine dynamische und unterhaltsame B\u00fchnenpr\u00e4senz.<\/p>\n<p><strong>Applaus und Jubeleffekte:<\/strong> Nach jeder Performance k\u00f6nnen sich die jungen K\u00fcnstler auf k\u00fcnstlichen Applaus und Jubeleffekte freuen, die das Singen zu einem echten B\u00fchnenerlebnis machen.<\/p>\n<p><strong>Anschluss f\u00fcr externes Audioger\u00e4t:<\/strong> Schlie\u00dfen Sie externe Audioger\u00e4te an, um noch mehr musikalische Vielfalt zu erleben. H\u00f6ren Sie die ikonischen Melodien Ihrer Lieblingshelden und viele weitere Songs f\u00fcr stundenlanges Singen und Tanzen.<\/p>\n<p><strong>Eingebauter Lautsprecher:<\/strong> Das Barbie Mikrofon verf\u00fcgt \u00fcber einen eingebauten Lautsprecher, der den Gesang mit klarer Klangqualit\u00e4t verst\u00e4rkt. Kinder k\u00f6nnen ihre Stimme kraftvoll h\u00f6ren und dabei in die Welt der Musik eintauchen.<\/p>\n<p>Das Barbie Mikrofon ist nicht nur ein Spielzeug, sondern auch ein kreatives Werkzeug, das die Fantasie f\u00f6rdert und musikalisches Selbstvertrauen st\u00e4rkt. Lassen Sie Ihr Kind die B\u00fchne betreten, singen und mit dem Barbie Mikrofon eine eigene musikalische Welt erschaffen!<\/p>\n<p>Lieferumfang: 1x Mikrofon<br \/>Stromversorgung \u00fcber 2x AA\/LR6 Batterien 1,5 V (nicht im Lieferumfang enthalten).<br \/>Altersempfehlung: Ab 3 Jahre<br \/>Material: Kunststoff<br \/>Gr\u00f6\u00dfe: ca. 35 x 11 x 7 cm<\/p>\n<p>Achtung! Nicht f\u00fcr Kinder unter 36 Monaten geeignet wegen verschluckbarer Kleinteile, Erstickungsgefahr.<\/p>\n<p>Hinweis zur Entsorgung von Altbatterien<br \/>Der nachfolgende Hinweis richtet sich an diejenigen, die Batterien oder Produkte mit eingebauten Batterien nutzen und in der an sie gelieferten Form nicht mehr weiterver\u00e4u\u00dfern (Endnutzer): 1. Unentgeltliche R\u00fccknahme von Altbatterien Batterien d\u00fcrfen nicht \u00fcber den Hausm\u00fcll entsorgt werden. Sie sind zur R\u00fcckgabe von Altbatterien gesetzlich verpflichtet, damit eine fachgerechte Entsorgung gew\u00e4hrleistet werden kann. Sie k\u00f6nnen Altbatterien an einer kommunalen Sammelstelle oder im Handel vor Ort abgeben. Auch wir sind als Vertreiber von Batterien zur R\u00fccknahme von Altbatterien verpflichtet, wobei sich unsere R\u00fccknahmeverpflichtung auf Altbatterien der Art beschr\u00e4nkt, die wir als Neubatterien in unserem Sortiment f\u00fchren oder gef\u00fchrt haben. Altbatterien vorgenannter Art k\u00f6nnen Sie daher entweder ausreichend frankiert an uns zur\u00fccksenden oder sie direkt an unserem Versandlager unter der im Impressum genannten Adresse unentgeltlich abgeben. 2. Bedeutung der Batteriesymbole Batterien sind mit dem Symbol einer durchgekreuzten M\u00fclltonne gekennzeichnet. Dieses Symbol weist darauf hin, dass Batterien nicht in den Hausm\u00fcll gegeben werden d\u00fcrfen. Bei Batterien, die mehr als 0,0005 Masseprozent Quecksilber, mehr als 0,002 Masseprozent Cadmium oder mehr als 0,004 Masseprozent Blei enthalten, befindet sich unter dem M\u00fclltonnen-Symbol die chemische Bezeichnung des jeweils eingesetzten Schadstoffes \u2013 dabei steht &#8222;Cd&#8220; f\u00fcr Cadmium, &#8222;Pb&#8220; steht f\u00fcr Blei, und &#8222;Hg&#8220; f\u00fcr Quecksilber.<\/p>\n","protected":false},"excerpt":{"rendered":"<p>Das Barbie Mikrofon ist ein kreatives Spielzeug, das die Fantasie f\u00f6rdert und musikalisches Selbstvertrauen st\u00e4rkt.<\/p>\n","protected":false},"featured_media":18851,"comment_status":"closed","ping_status":"open","template":"","meta":[],"product_brand":[],"product_cat":[500],"product_tag":[],"class_list":{"0":"post-18850","1":"product","2":"type-product","3":"status-publish","4":"has-post-thumbnail","6":"product_cat-karaoke-musik","8":"first","9":"instock","10":"shipping-taxable","11":"purchasable","12":"product-type-simple"},"_links":{"self":[{"href":"https:\/\/9play.de\/shop\/wp-json\/wp\/v2\/product\/18850","targetHints":{"allow":["GET"]}}],"collection":[{"href":"https:\/\/9play.de\/shop\/wp-json\/wp\/v2\/product"}],"about":[{"href":"https:\/\/9play.de\/shop\/wp-json\/wp\/v2\/types\/product"}],"replies":[{"embeddable":true,"href":"https:\/\/9play.de\/shop\/wp-json\/wp\/v2\/comments?post=18850"}],"wp:featuredmedia":[{"embeddable":true,"href":"https:\/\/9play.de\/shop\/wp-json\/wp\/v2\/media\/18851"}],"wp:attachment":[{"href":"https:\/\/9play.de\/shop\/wp-json\/wp\/v2\/media?parent=18850"}],"wp:term":[{"taxonomy":"product_brand","embeddable":true,"href":"https:\/\/9play.de\/shop\/wp-json\/wp\/v2\/product_brand?post=18850"},{"taxonomy":"product_cat","embeddable":true,"href":"https:\/\/9play.de\/shop\/wp-json\/wp\/v2\/product_cat?post=18850"},{"taxonomy":"product_tag","embeddable":true,"href":"https:\/\/9play.de\/shop\/wp-json\/wp\/v2\/product_tag?post=18850"}],"curies":[{"name":"wp","href":"https:\/\/api.w.org\/{rel}","templated":true}]}}