{"id":18905,"date":"2024-10-06T18:40:45","date_gmt":"2024-10-06T16:40:45","guid":{"rendered":"https:\/\/9play.de\/shop\/produkt\/regenschirm-peppa-wutz-sunny-days-ahead\/"},"modified":"2024-10-06T18:41:03","modified_gmt":"2024-10-06T16:41:03","slug":"regenschirm-peppa-wutz-sunny-days-ahead","status":"publish","type":"product","link":"https:\/\/9play.de\/shop\/produkt\/regenschirm-peppa-wutz-sunny-days-ahead\/","title":{"rendered":"Regenschirm Peppa Wutz Sunny Days Ahead"},"content":{"rendered":"<p>Lassen Sie die Sonne auch an regnerischen Tagen scheinen mit unserem bezaubernden Kinder Regenschirm aus der &#8222;Sunny Days Ahead&#8220; Kollektion, pr\u00e4sentiert von Peppa Wutz.<br \/>Dieser niedliche Peppa Pig Regenschirm verleiht dem grauen Himmel eine fr\u00f6hliche Note und l\u00e4sst Kinderherzen h\u00f6herschlagen. Die bunten Oberfl\u00e4chen des Schirms zeigen liebevoll gestaltete Abbildungen von Peppa Pig, die den Regenschirm zu einem abwechslungsreichen und verspielten Begleiter machen. Das \u00d6ffnen und Schlie\u00dfen des Schirms ist kinderleicht und dank seines leichten Gewichts k\u00f6nnen Kinder dies m\u00fchelos selbstst\u00e4ndig erledigen. Der runde Griff liegt gut in kleinen H\u00e4nden, und die Enden der Rippen sind mit sch\u00fctzenden Kappen versehen, um jede M\u00f6glichkeit von Verletzungen zu minimieren.<br \/>Mit einem Durchmesser von 71 cm bietet der Regenschirm gro\u00dfz\u00fcgigen Schutz vor Regen oder Sonnenschein.<br \/>Egal, ob es st\u00fcrmt oder die Sonne scheint, Ihr kleiner Liebling wird stilvoll und mit viel Freude unterwegs sein.<br \/>G\u00f6nnen Sie Ihrem Kind diesen bezaubernden Begleiter und machen Sie selbst graue Regentage zu aufregenden Abenteuern!<\/p>\n<p>Lieferumfang: 1x Regenschirm<br \/>Gr\u00f6\u00dfe: ca. \u00f8 71 x 60 cm<br \/>Material: Polyester, Kunststoff, Metall<br \/>Altersfreigabe: ab 3 Jahre<\/p>\n<p>Achtung: Nicht f\u00fcr Kinder unter 36 Monaten geeignet wegen verschluckbarer Kleinteile, Erstickungsgefahr.&nbsp;<\/p>\n","protected":false},"excerpt":{"rendered":"<p>Mit einem Durchmesser von 71 cm bietet der Regenschirm gro\u00dfz\u00fcgigen Schutz vor Regen oder Sonnenschein.<\/p>\n","protected":false},"featured_media":18906,"comment_status":"closed","ping_status":"open","template":"","meta":[],"product_brand":[],"product_cat":[464],"product_tag":[],"class_list":{"0":"post-18905","1":"product","2":"type-product","3":"status-publish","4":"has-post-thumbnail","6":"product_cat-regenschirme","8":"first","9":"instock","10":"shipping-taxable","11":"purchasable","12":"product-type-simple"},"_links":{"self":[{"href":"https:\/\/9play.de\/shop\/wp-json\/wp\/v2\/product\/18905","targetHints":{"allow":["GET"]}}],"collection":[{"href":"https:\/\/9play.de\/shop\/wp-json\/wp\/v2\/product"}],"about":[{"href":"https:\/\/9play.de\/shop\/wp-json\/wp\/v2\/types\/product"}],"replies":[{"embeddable":true,"href":"https:\/\/9play.de\/shop\/wp-json\/wp\/v2\/comments?post=18905"}],"wp:featuredmedia":[{"embeddable":true,"href":"https:\/\/9play.de\/shop\/wp-json\/wp\/v2\/media\/18906"}],"wp:attachment":[{"href":"https:\/\/9play.de\/shop\/wp-json\/wp\/v2\/media?parent=18905"}],"wp:term":[{"taxonomy":"product_brand","embeddable":true,"href":"https:\/\/9play.de\/shop\/wp-json\/wp\/v2\/product_brand?post=18905"},{"taxonomy":"product_cat","embeddable":true,"href":"https:\/\/9play.de\/shop\/wp-json\/wp\/v2\/product_cat?post=18905"},{"taxonomy":"product_tag","embeddable":true,"href":"https:\/\/9play.de\/shop\/wp-json\/wp\/v2\/product_tag?post=18905"}],"curies":[{"name":"wp","href":"https:\/\/api.w.org\/{rel}","templated":true}]}}