{"id":18915,"date":"2024-10-06T18:40:45","date_gmt":"2024-10-06T16:40:45","guid":{"rendered":"https:\/\/9play.de\/shop\/produkt\/regenschirm-paw-patrol-rainy-days-skye-und-everest\/"},"modified":"2024-10-06T18:41:09","modified_gmt":"2024-10-06T16:41:09","slug":"regenschirm-paw-patrol-rainy-days-skye-und-everest","status":"publish","type":"product","link":"https:\/\/9play.de\/shop\/produkt\/regenschirm-paw-patrol-rainy-days-skye-und-everest\/","title":{"rendered":"Regenschirm Paw Patrol Rainy Days Skye und Everest"},"content":{"rendered":"<p>In einem verspielten Design aus zarten rosa wird jeder Regenspaziergang mit Skye und Everest zu einem echten Highlight.<br \/>Der Regenschirm ist nicht nur funktional, sondern auch ein echter Hingucker.<br \/>Auf den vier wei\u00dfen Streifen stehlen die liebenswerten Welpen Skye und Everest die Show, w\u00e4hrend auf den rosa Streifen dekorative kleine Herzen, Sterne und Hundeknochen Ihr Kind begeistern werden.<br \/>Das bunte Gesamtbild schafft eine fr\u00f6hliche Atmosph\u00e4re und wird Ihr Kind dazu inspirieren, bei jedem Wetter nach drau\u00dfen zu gehen. Der runde Griff des Regenschirms liegt gut in der Hand, sodass Ihr kleiner Abenteurer den Schirm m\u00fchelos tragen kann. Die Kappen an der Unterseite der Rippen gew\u00e4hrleisten dabei die Sicherheit Ihres Kindes, indem sie Verletzungen vorbeugen.<br \/>Leicht und einfach zusammenklappbar, ben\u00f6tigt dieser Regenschirm minimale Hilfe von Mama oder Papa, sodass Ihr Kind unbeschwert die Natur erkunden kann.<br \/>Machen Sie aus einem regnerischen Tag einen Paw Patrol-Tag mit unserem &#8222;Paw Patrol Rainy Days&#8220; Regenschirm &#8211; der ideale Begleiter f\u00fcr kleine Entdeckerinnen und Entdecker!<\/p>\n<p>Lieferumfang: 1x Regenschirm<br \/>Gr\u00f6\u00dfe: ca. \u00f8 71 x 60 cm<br \/>Material: Polyester, Kunststoff, Metall<br \/>Altersfreigabe: ab 3 Jahre<\/p>\n<p>Achtung: Nicht f\u00fcr Kinder unter 36 Monaten geeignet wegen verschluckbarer Kleinteile, Erstickungsgefahr.<\/p>\n","protected":false},"excerpt":{"rendered":"<p>Dieser entz\u00fcckende Regenschirm macht selbst graue Tage zu einem fr\u00f6hlichen Abenteuer!<\/p>\n","protected":false},"featured_media":18916,"comment_status":"closed","ping_status":"open","template":"","meta":[],"product_brand":[],"product_cat":[464],"product_tag":[],"class_list":{"0":"post-18915","1":"product","2":"type-product","3":"status-publish","4":"has-post-thumbnail","6":"product_cat-regenschirme","8":"first","9":"instock","10":"shipping-taxable","11":"purchasable","12":"product-type-simple"},"_links":{"self":[{"href":"https:\/\/9play.de\/shop\/wp-json\/wp\/v2\/product\/18915","targetHints":{"allow":["GET"]}}],"collection":[{"href":"https:\/\/9play.de\/shop\/wp-json\/wp\/v2\/product"}],"about":[{"href":"https:\/\/9play.de\/shop\/wp-json\/wp\/v2\/types\/product"}],"replies":[{"embeddable":true,"href":"https:\/\/9play.de\/shop\/wp-json\/wp\/v2\/comments?post=18915"}],"wp:featuredmedia":[{"embeddable":true,"href":"https:\/\/9play.de\/shop\/wp-json\/wp\/v2\/media\/18916"}],"wp:attachment":[{"href":"https:\/\/9play.de\/shop\/wp-json\/wp\/v2\/media?parent=18915"}],"wp:term":[{"taxonomy":"product_brand","embeddable":true,"href":"https:\/\/9play.de\/shop\/wp-json\/wp\/v2\/product_brand?post=18915"},{"taxonomy":"product_cat","embeddable":true,"href":"https:\/\/9play.de\/shop\/wp-json\/wp\/v2\/product_cat?post=18915"},{"taxonomy":"product_tag","embeddable":true,"href":"https:\/\/9play.de\/shop\/wp-json\/wp\/v2\/product_tag?post=18915"}],"curies":[{"name":"wp","href":"https:\/\/api.w.org\/{rel}","templated":true}]}}