{"id":18925,"date":"2024-10-06T18:40:45","date_gmt":"2024-10-06T16:40:45","guid":{"rendered":"https:\/\/9play.de\/shop\/produkt\/regenschirm-sonic-prime-sunny-days-ahead\/"},"modified":"2024-10-06T18:41:15","modified_gmt":"2024-10-06T16:41:15","slug":"regenschirm-sonic-prime-sunny-days-ahead","status":"publish","type":"product","link":"https:\/\/9play.de\/shop\/produkt\/regenschirm-sonic-prime-sunny-days-ahead\/","title":{"rendered":"Regenschirm Sonic Prime Sunny Days Ahead"},"content":{"rendered":"<p>Dieser trendige Regenschirm stammt aus der exklusiven &#8222;Sunny Days Ahead&#8220;-Kollektion und macht es kinderleicht, dem Regen mit Stil zu trotzen.<br \/>Mit seinen verschiedenen Oberfl\u00e4chen, die Sonic in Aktion zeigen, verleiht dieser Regenschirm Ihrem kleinen Abenteurer ein abwechslungsreiches und spielerisches Erlebnis, selbst wenn das Wetter mal nicht mitspielt.<br \/>Das hochwertige Material und die sorgf\u00e4ltige Verarbeitung machen ihn zu einem langlebigen Begleiter f\u00fcr viele Regentage. Die kinderleichte Bedienung erm\u00f6glicht es den Kleinen, den Schirm m\u00fchelos zu \u00f6ffnen und zu schlie\u00dfen. Dank seines leichten Gewichts ist er besonders benutzerfreundlich, sodass Ihr Kind stolz seinen eigenen Schirm handhaben kann. Der runde Griff liegt dabei angenehm in kleinen H\u00e4nden, und die Enden der Rippen sind mit kleinen Kappen versehen, um jegliches Verletzungsrisiko zu minimieren.<br \/>Mit einem Durchmesser von 71 cm bietet der Sonic Prime Regenschirm ausreichend Schutz vor Regen und Sonnenschein gleicherma\u00dfen.<br \/>Ganz gleich, ob es drau\u00dfen regnet oder die Sonne lacht \u2013 Ihr kleiner Held wird mit diesem Schirm mit Spa\u00df und Stil unterwegs sein.<br \/>Sonic Prime Sunny Days Ahead \u2013 der perfekte Begleiter f\u00fcr kleine Abenteurer, die wissen, wie man jedem Wetter mit einem L\u00e4cheln begegnet!<\/p>\n<p>Lieferumfang: 1x Regenschirm<br \/>Gr\u00f6\u00dfe: ca. \u00f8 71 x 60 cm<br \/>Material: Polyester, Kunststoff, Metall<br \/>Altersfreigabe: ab 3 Jahre<\/p>\n<p>Achtung: Nicht f\u00fcr Kinder unter 36 Monaten geeignet wegen verschluckbarer Kleinteile, Erstickungsgefahr.<\/p>\n","protected":false},"excerpt":{"rendered":"<p>Mit einem Durchmesser von 71 cm bietet der Sonic Prime Regenschirm ausreichend Schutz vor Regen und Sonnenschein gleicherma\u00dfen.<\/p>\n","protected":false},"featured_media":18926,"comment_status":"closed","ping_status":"open","template":"","meta":[],"product_brand":[],"product_cat":[464],"product_tag":[],"class_list":{"0":"post-18925","1":"product","2":"type-product","3":"status-publish","4":"has-post-thumbnail","6":"product_cat-regenschirme","8":"first","9":"instock","10":"shipping-taxable","11":"purchasable","12":"product-type-simple"},"_links":{"self":[{"href":"https:\/\/9play.de\/shop\/wp-json\/wp\/v2\/product\/18925","targetHints":{"allow":["GET"]}}],"collection":[{"href":"https:\/\/9play.de\/shop\/wp-json\/wp\/v2\/product"}],"about":[{"href":"https:\/\/9play.de\/shop\/wp-json\/wp\/v2\/types\/product"}],"replies":[{"embeddable":true,"href":"https:\/\/9play.de\/shop\/wp-json\/wp\/v2\/comments?post=18925"}],"wp:featuredmedia":[{"embeddable":true,"href":"https:\/\/9play.de\/shop\/wp-json\/wp\/v2\/media\/18926"}],"wp:attachment":[{"href":"https:\/\/9play.de\/shop\/wp-json\/wp\/v2\/media?parent=18925"}],"wp:term":[{"taxonomy":"product_brand","embeddable":true,"href":"https:\/\/9play.de\/shop\/wp-json\/wp\/v2\/product_brand?post=18925"},{"taxonomy":"product_cat","embeddable":true,"href":"https:\/\/9play.de\/shop\/wp-json\/wp\/v2\/product_cat?post=18925"},{"taxonomy":"product_tag","embeddable":true,"href":"https:\/\/9play.de\/shop\/wp-json\/wp\/v2\/product_tag?post=18925"}],"curies":[{"name":"wp","href":"https:\/\/api.w.org\/{rel}","templated":true}]}}