{"id":18930,"date":"2024-10-06T18:40:45","date_gmt":"2024-10-06T16:40:45","guid":{"rendered":"https:\/\/9play.de\/shop\/produkt\/regenschirm-disney-cars-rainy-days\/"},"modified":"2024-10-06T18:41:18","modified_gmt":"2024-10-06T16:41:18","slug":"regenschirm-disney-cars-rainy-days","status":"publish","type":"product","link":"https:\/\/9play.de\/shop\/produkt\/regenschirm-disney-cars-rainy-days\/","title":{"rendered":"Regenschirm Disney Cars Rainy Days"},"content":{"rendered":"<p>Der Regenschirm pr\u00e4sentiert sich in einem lebendigen Design mit schwarzen und durchsichtigen Streifen, die von Lightning McQueen in seinem roten Auto und Cruz in ihrem gelben Auto geschm\u00fcckt werden.<br \/>Die beiden Helden stehlen die Show, w\u00e4hrend auf den schwarzen Streifen dekorative Rennfiguren das Gesamtbild abrunden.<br \/>Die besondere Gestaltung des Schirms wird nicht nur die Fantasie Ihres Kindes anregen, sondern auch f\u00fcr bewundernde Blicke sorgen.<br \/>Der runde Griff sorgt daf\u00fcr, dass der Schirm bequem in der Hand liegt, und die Kappen an der Unterseite der Rippen gew\u00e4hrleisten, dass Ihr Kind sicher unterwegs ist, ohne sich zu verletzen.<br \/>Leicht und einfach zusammenklappbar ist unser Disney Cars Regenschirm ein praktischer Begleiter f\u00fcr unterwegs.<br \/>Kinderleicht zu handhaben, ben\u00f6tigt Ihr kleiner Entdecker keine Hilfe von Mama oder Papa, um sich drau\u00dfen zu am\u00fcsieren.<br \/>Machen Sie die Regentage zu einem Fest und schenken Sie Ihrem Kind den &#8222;Disney Cars Rainy Days&#8220; Regenschirm \u2013 ein cooles, farbenfrohes Set, das nicht nur vor N\u00e4sse sch\u00fctzt, sondern auch f\u00fcr strahlende Kinderaugen sorgt.<\/p>\n<p>Lieferumfang: 1x Regenschirm<br \/>Gr\u00f6\u00dfe: ca. \u00f8 73 x 61 cm<br \/>Material: Polyester, Kunststoff, Metall<br \/>Altersfreigabe: ab 3 Jahre<\/p>\n<p>Achtung: Nicht f\u00fcr Kinder unter 36 Monaten geeignet wegen verschluckbarer Kleinteile, Erstickungsgefahr.<br \/>Achtung:&nbsp;Strangulationsgefahr durch lange&nbsp;Seile.<\/p>\n","protected":false},"excerpt":{"rendered":"<p>Dieser farbenfrohe und kinderfreundliche Schirm macht jeden Spaziergang im Regen zu einem aufregenden Abenteuer.<\/p>\n","protected":false},"featured_media":18931,"comment_status":"closed","ping_status":"open","template":"","meta":[],"product_brand":[],"product_cat":[464],"product_tag":[],"class_list":{"0":"post-18930","1":"product","2":"type-product","3":"status-publish","4":"has-post-thumbnail","6":"product_cat-regenschirme","8":"first","9":"instock","10":"shipping-taxable","11":"purchasable","12":"product-type-simple"},"_links":{"self":[{"href":"https:\/\/9play.de\/shop\/wp-json\/wp\/v2\/product\/18930","targetHints":{"allow":["GET"]}}],"collection":[{"href":"https:\/\/9play.de\/shop\/wp-json\/wp\/v2\/product"}],"about":[{"href":"https:\/\/9play.de\/shop\/wp-json\/wp\/v2\/types\/product"}],"replies":[{"embeddable":true,"href":"https:\/\/9play.de\/shop\/wp-json\/wp\/v2\/comments?post=18930"}],"wp:featuredmedia":[{"embeddable":true,"href":"https:\/\/9play.de\/shop\/wp-json\/wp\/v2\/media\/18931"}],"wp:attachment":[{"href":"https:\/\/9play.de\/shop\/wp-json\/wp\/v2\/media?parent=18930"}],"wp:term":[{"taxonomy":"product_brand","embeddable":true,"href":"https:\/\/9play.de\/shop\/wp-json\/wp\/v2\/product_brand?post=18930"},{"taxonomy":"product_cat","embeddable":true,"href":"https:\/\/9play.de\/shop\/wp-json\/wp\/v2\/product_cat?post=18930"},{"taxonomy":"product_tag","embeddable":true,"href":"https:\/\/9play.de\/shop\/wp-json\/wp\/v2\/product_tag?post=18930"}],"curies":[{"name":"wp","href":"https:\/\/api.w.org\/{rel}","templated":true}]}}