{"id":18940,"date":"2024-10-06T18:40:45","date_gmt":"2024-10-06T16:40:45","guid":{"rendered":"https:\/\/9play.de\/shop\/produkt\/regenschirm-paw-patrol-skye-sunny-days-ahead\/"},"modified":"2024-10-06T18:41:24","modified_gmt":"2024-10-06T16:41:24","slug":"regenschirm-paw-patrol-skye-sunny-days-ahead","status":"publish","type":"product","link":"https:\/\/9play.de\/shop\/produkt\/regenschirm-paw-patrol-skye-sunny-days-ahead\/","title":{"rendered":"Regenschirm Paw Patrol Skye Sunny Days Ahead"},"content":{"rendered":"<p>Der Regenschirm ist Teil unserer exklusiven &#8222;Sunny Days Ahead&#8220;-Kollektion und pr\u00e4sentiert verschiedene Oberfl\u00e4chen mit detailreichen Abbildungen von Skye und anderen Paw Patrol Charakteren.<br \/>Der verspielte Aufdruck verleiht dem Schirm eine fr\u00f6hliche Note und macht ihn zum perfekten Begleiter an regnerischen Tagen.Die einfache Handhabung steht im Vordergrund: Unser Paw Patrol Regenschirm l\u00e4sst sich m\u00fchelos auf- und zuklappen.Die leichte Konstruktion erm\u00f6glicht es Kindern, ihre Unabh\u00e4ngigkeit zu entfalten, indem sie den Schirm eigenst\u00e4ndig handhaben k\u00f6nnen. Der runde Griff sorgt f\u00fcr eine bequeme Handhabung, w\u00e4hrend die kleinen Kappen an den Enden der Rippen daf\u00fcr sorgen, dass keine Verletzungsgefahr besteht. Mit einem Durchmesser von 71 cm bietet der Schirm ausreichend Schutz vor Regen und kann auch an sonnigen Tagen als stilvolles Accessoire genutzt werden.<br \/>Ob im Kindergarten, auf dem Schulweg oder bei einem Spaziergang im Park &#8211; mit unserem Paw Patrol Regenschirm sind Spa\u00df und Stil immer dabei.<br \/>Bereiten Sie sich darauf vor, die Sonnenseite auch an regnerischen Tagen zu sehen, denn mit dem &#8222;Sunny Days Ahead&#8220; Kinderregenschirm ist jeder Tag ein Abenteuer!<\/p>\n<p>Lieferumfang: 1x Regenschirm<br \/>Gr\u00f6\u00dfe: ca. \u00f8 71 x 60 cm<br \/>Material: Polyester, Kunststoff, Metall<br \/>Altersfreigabe: ab 3 Jahre<\/p>\n<p>Achtung: Nicht f\u00fcr Kinder unter 36 Monaten geeignet wegen verschluckbarer Kleinteile, Erstickungsgefahr.&nbsp;<\/p>\n","protected":false},"excerpt":{"rendered":"<p>Dieser niedliche Paw Patrol Regenschirm ist ein Must-Have f\u00fcr kleine AbenteurerDieser niedliche Paw Patrol Regenschirm ist ein Must-Have f\u00fcr kleine Abenteurer<\/p>\n","protected":false},"featured_media":18941,"comment_status":"closed","ping_status":"open","template":"","meta":[],"product_brand":[],"product_cat":[464],"product_tag":[],"class_list":{"0":"post-18940","1":"product","2":"type-product","3":"status-publish","4":"has-post-thumbnail","6":"product_cat-regenschirme","8":"first","9":"instock","10":"shipping-taxable","11":"purchasable","12":"product-type-simple"},"_links":{"self":[{"href":"https:\/\/9play.de\/shop\/wp-json\/wp\/v2\/product\/18940","targetHints":{"allow":["GET"]}}],"collection":[{"href":"https:\/\/9play.de\/shop\/wp-json\/wp\/v2\/product"}],"about":[{"href":"https:\/\/9play.de\/shop\/wp-json\/wp\/v2\/types\/product"}],"replies":[{"embeddable":true,"href":"https:\/\/9play.de\/shop\/wp-json\/wp\/v2\/comments?post=18940"}],"wp:featuredmedia":[{"embeddable":true,"href":"https:\/\/9play.de\/shop\/wp-json\/wp\/v2\/media\/18941"}],"wp:attachment":[{"href":"https:\/\/9play.de\/shop\/wp-json\/wp\/v2\/media?parent=18940"}],"wp:term":[{"taxonomy":"product_brand","embeddable":true,"href":"https:\/\/9play.de\/shop\/wp-json\/wp\/v2\/product_brand?post=18940"},{"taxonomy":"product_cat","embeddable":true,"href":"https:\/\/9play.de\/shop\/wp-json\/wp\/v2\/product_cat?post=18940"},{"taxonomy":"product_tag","embeddable":true,"href":"https:\/\/9play.de\/shop\/wp-json\/wp\/v2\/product_tag?post=18940"}],"curies":[{"name":"wp","href":"https:\/\/api.w.org\/{rel}","templated":true}]}}