{"id":19035,"date":"2024-10-06T18:41:45","date_gmt":"2024-10-06T16:41:45","guid":{"rendered":"https:\/\/9play.de\/shop\/produkt\/federmaeppchen-minnie-mouse-gefuellt-make-and-create\/"},"modified":"2024-10-06T18:42:25","modified_gmt":"2024-10-06T16:42:25","slug":"federmaeppchen-minnie-mouse-gefuellt-make-and-create","status":"publish","type":"product","link":"https:\/\/9play.de\/shop\/produkt\/federmaeppchen-minnie-mouse-gefuellt-make-and-create\/","title":{"rendered":"Federm\u00e4ppchen Minnie Mouse Gef\u00fcllt Make and Create"},"content":{"rendered":"<p>Dieses bezaubernde Federm\u00e4ppchen, das von der beliebten Disney-Figur Minnie Mouse inspiriert ist, wird die Fantasie junger K\u00fcnstler entfesseln und stundenlangen Malspa\u00df bieten. Die lebendigen Farben und die pr\u00e4zise Verarbeitung der Stifte machen das Malen zu einem echten Vergn\u00fcgen und lassen die kreativen Ideen der Kinder lebendig werden.<br \/>Mit seinem schlanken Profil ist das Federm\u00e4ppchen nicht nur ideal zum Aufbewahren, sondern auch zum Mitnehmen. Die handliche Gr\u00f6\u00dfe macht es einfach, das M\u00e4ppchen in der Schultasche zu verstauen oder es im Koffer f\u00fcr den n\u00e4chsten Familienurlaub zu verstauen. Die Minnie Mouse Motive auf dem Federm\u00e4ppchen werden die Herzen kleiner Disney-Fans h\u00f6herschlagen lassen und bringen eine extra Portion Spa\u00df in den Malalltag. Egal, ob zu Hause, bei Freunden oder im Urlaub \u2013 das Minnie Mouse Make and Create Federm\u00e4ppchen begleitet die kleinen K\u00fcnstler \u00fcberall hin und inspiriert sie zu neuen kreativen Abenteuern.<br \/>Schenken Sie Ihrem Kind das perfekte Werkzeug, um seine k\u00fcnstlerischen F\u00e4higkeiten zu entfalten, mit dem Federm\u00e4ppchen Minnie Mouse Gef\u00fcllt Make and Create!<\/p>\n<p>Lieferumfang: 1x Federmappe<br \/>Gr\u00f6\u00dfe: ca. 21 x 15 x 4 cm<br \/>Material: Polyester<br \/>Altersfreigabe: ab 3 Jahre<\/p>\n<p>Achtung: Nicht f\u00fcr Kinder unter 36 Monaten geeignet wegen verschluckbarer Kleinteile, Erstickungsgefahr.<\/p>\n","protected":false},"excerpt":{"rendered":"<p>Die Minnie Mouse Motive auf dem Federm\u00e4ppchen werden die Herzen kleiner Disney-Fans h\u00f6herschlagen lassen<\/p>\n","protected":false},"featured_media":19036,"comment_status":"closed","ping_status":"open","template":"","meta":[],"product_brand":[],"product_cat":[510],"product_tag":[],"class_list":{"0":"post-19035","1":"product","2":"type-product","3":"status-publish","4":"has-post-thumbnail","6":"product_cat-federtaschen","8":"first","9":"instock","10":"shipping-taxable","11":"purchasable","12":"product-type-simple"},"_links":{"self":[{"href":"https:\/\/9play.de\/shop\/wp-json\/wp\/v2\/product\/19035","targetHints":{"allow":["GET"]}}],"collection":[{"href":"https:\/\/9play.de\/shop\/wp-json\/wp\/v2\/product"}],"about":[{"href":"https:\/\/9play.de\/shop\/wp-json\/wp\/v2\/types\/product"}],"replies":[{"embeddable":true,"href":"https:\/\/9play.de\/shop\/wp-json\/wp\/v2\/comments?post=19035"}],"wp:featuredmedia":[{"embeddable":true,"href":"https:\/\/9play.de\/shop\/wp-json\/wp\/v2\/media\/19036"}],"wp:attachment":[{"href":"https:\/\/9play.de\/shop\/wp-json\/wp\/v2\/media?parent=19035"}],"wp:term":[{"taxonomy":"product_brand","embeddable":true,"href":"https:\/\/9play.de\/shop\/wp-json\/wp\/v2\/product_brand?post=19035"},{"taxonomy":"product_cat","embeddable":true,"href":"https:\/\/9play.de\/shop\/wp-json\/wp\/v2\/product_cat?post=19035"},{"taxonomy":"product_tag","embeddable":true,"href":"https:\/\/9play.de\/shop\/wp-json\/wp\/v2\/product_tag?post=19035"}],"curies":[{"name":"wp","href":"https:\/\/api.w.org\/{rel}","templated":true}]}}