{"id":19050,"date":"2024-10-06T18:41:45","date_gmt":"2024-10-06T16:41:45","guid":{"rendered":"https:\/\/9play.de\/shop\/produkt\/kinder-trolley-rucksack-3d-peppa-wutz\/"},"modified":"2024-10-06T18:42:35","modified_gmt":"2024-10-06T16:42:35","slug":"kinder-trolley-rucksack-3d-peppa-wutz","status":"publish","type":"product","link":"https:\/\/9play.de\/shop\/produkt\/kinder-trolley-rucksack-3d-peppa-wutz\/","title":{"rendered":"Kinder Trolley-Rucksack 3D Peppa Wutz"},"content":{"rendered":"<p>Ist Ihr kleiner Abenteurer ein gro\u00dfer Fan von Peppa Wutz?<br \/>Dann ist unser Trolley-Rucksack 3D Peppa Wutz genau das Richtige! Dieser farbenfrohe Kinder-Trolley-Rucksack ist nicht nur mit einem bezaubernden 3D Peppa Wutz-Motiv versehen, sondern auch \u00e4u\u00dferst praktisch.<br \/>Der eingebaute Teleskopgriff macht es Ihrem Kind einfach, den Trolley zu ziehen, w\u00e4hrend die verstellbaren Schultergurte es ihm erm\u00f6glichen, den Rucksack bequem auf dem R\u00fccken zu tragen.<br \/>Ob f\u00fcr die Schule, Tagesausfl\u00fcge oder \u00dcbernachtungen bei Freunden \u2013 mit unserem Peppa Wutz Trolley-Rucksack hat Ihr kleiner Entdecker immer alles Wichtige dabei.<br \/>Das gro\u00dfz\u00fcgige Hauptfach bietet ausreichend Platz f\u00fcr Snacks und pers\u00f6nliche Sch\u00e4tze, w\u00e4hrend die praktische Vordertasche zus\u00e4tzlichen Stauraum f\u00fcr kleine Entdeckungen bietet.<br \/>Die strapazierf\u00e4higen Materialien sorgen f\u00fcr eine lange Lebensdauer, selbst bei den wildesten Abenteuern.<br \/>Mit dem Trolley-Rucksack 3D Peppa Wutz wird jeder Tag zu einer fr\u00f6hlichen Reise in die Welt von Peppa Wutz!<br \/>Schenken Sie Ihrem kleinen Abenteurer ein L\u00e4cheln und lassen Sie ihn stilvoll und funktional unterwegs sein.<\/p>\n<p>Lieferumfang: 1x Trolley (Rucksack)<br \/>Gr\u00f6\u00dfe: ca. 31 x 25 x 12 cm Teleskopgriff bis ca. 55 cm H\u00f6he<br \/>Material: Polyester, Kunststoff<br \/>Altersfreigabe: ab 3 Jahre<\/p>\n<p>Achtung: Nicht f\u00fcr Kinder unter 36 Monaten geeignet wegen verschluckbarer Kleinteile, Erstickungsgefahr.<br \/>Achtung:&nbsp;Strangulationsgefahr durch lange&nbsp;Seile.<\/p>\n","protected":false},"excerpt":{"rendered":"<p>Mit einem entz\u00fcckenden 3D Peppa Wutz-Motiv, verstellbaren Schultergurten und einem praktischen Teleskopgriff<\/p>\n","protected":false},"featured_media":19051,"comment_status":"closed","ping_status":"open","template":"","meta":[],"product_brand":[],"product_cat":[465],"product_tag":[],"class_list":{"0":"post-19050","1":"product","2":"type-product","3":"status-publish","4":"has-post-thumbnail","6":"product_cat-rucksaecke-taschen","8":"first","9":"instock","10":"shipping-taxable","11":"purchasable","12":"product-type-simple"},"_links":{"self":[{"href":"https:\/\/9play.de\/shop\/wp-json\/wp\/v2\/product\/19050","targetHints":{"allow":["GET"]}}],"collection":[{"href":"https:\/\/9play.de\/shop\/wp-json\/wp\/v2\/product"}],"about":[{"href":"https:\/\/9play.de\/shop\/wp-json\/wp\/v2\/types\/product"}],"replies":[{"embeddable":true,"href":"https:\/\/9play.de\/shop\/wp-json\/wp\/v2\/comments?post=19050"}],"wp:featuredmedia":[{"embeddable":true,"href":"https:\/\/9play.de\/shop\/wp-json\/wp\/v2\/media\/19051"}],"wp:attachment":[{"href":"https:\/\/9play.de\/shop\/wp-json\/wp\/v2\/media?parent=19050"}],"wp:term":[{"taxonomy":"product_brand","embeddable":true,"href":"https:\/\/9play.de\/shop\/wp-json\/wp\/v2\/product_brand?post=19050"},{"taxonomy":"product_cat","embeddable":true,"href":"https:\/\/9play.de\/shop\/wp-json\/wp\/v2\/product_cat?post=19050"},{"taxonomy":"product_tag","embeddable":true,"href":"https:\/\/9play.de\/shop\/wp-json\/wp\/v2\/product_tag?post=19050"}],"curies":[{"name":"wp","href":"https:\/\/api.w.org\/{rel}","templated":true}]}}