{"id":19143,"date":"2024-10-06T18:42:44","date_gmt":"2024-10-06T16:42:44","guid":{"rendered":"https:\/\/9play.de\/shop\/produkt\/rucksack-mini-fit-ergonomisches-schulranzen-set-4-teilig-lion\/"},"modified":"2024-10-06T18:43:52","modified_gmt":"2024-10-06T16:43:52","slug":"rucksack-mini-fit-ergonomisches-schulranzen-set-4-teilig-lion","status":"publish","type":"product","link":"https:\/\/9play.de\/shop\/produkt\/rucksack-mini-fit-ergonomisches-schulranzen-set-4-teilig-lion\/","title":{"rendered":"Rucksack Mini-Fit ergonomisches Schulranzen-Set 4-teilig &#8222;Lion&#8220;"},"content":{"rendered":"<p>MINI-FIT SET (405-33\/AG\/S)<br \/>Schulranzen-Set enth\u00e4lt: &#8211; 1 Schulranzen &#8211; 1 Federm\u00e4ppchen (ungef\u00fcllt) &#8211; 1 Schlamperm\u00e4ppchen &#8211; 1 Turnbeutel &#8211; 1 Stundenplan &#8211; 1 Schl\u00fcsselanh\u00e4nger<\/p>\n<p>FUNKTIONALIT\u00c4T<br \/>&#8211; Ideale Gr\u00f6\u00dfe f\u00fcr 6-8-j\u00e4hrige Grundsch\u00fcler<br \/>&#8211; Superleicht &#8211; wiegt nur 800-860 g<br \/>&#8211; Ma\u00dfe: 36 x 28 x 17 cm<br \/>&#8211; Volumen: 17 L<br \/>&#8211; Material: Polyester, wasserdicht &#8211; Ausstattung: Brustgurt, f\u00fcr DIN A4<br \/>&#8211; Verschlussart: Starke, Easy-to-use Schnalle mit reflektierenden Elementen<br \/>&#8211; Verschiedene Griffe: ein langlebiger und robuster Stoffgriff mit Polsterung und ein Stoffgriff zum Aufh\u00e4ngen des Ranzens im Klassenzimmer<br \/>&#8211; Lieferumfang: 1 Schulranzen, 1 Federm\u00e4ppchen (ungef\u00fcllt), 1 Schlamperm\u00e4ppchen, 1 Turnbeutel, 1 Stundenplan, 1 Schl\u00fcsselanh\u00e4nger<\/p>\n<p>INNENF\u00c4CHER<br \/>&#8211; Volumen: 17 L<br \/>&#8211; Zwei Seitentaschen<br \/>&#8211; geeignet zum Verstauen einer Wasserflasche (0,7 L) und einem Regenschirm.<br \/>&#8211; Vordertasche bietet Platz f\u00fcr Federm\u00e4ppchen<br \/>&#8211; Zwei gro\u00dfe Innenf\u00e4cher. Geeignet f\u00fcr das Format A4.<br \/>&#8211; Stundenplanhalter auf der Vorderseite.<\/p>\n<p>ERGONOMIE<br \/>&#8211; Ergonomische Form und atmungsaktive R\u00fcckenpolsterung sorgen daf\u00fcr, dass der Druck auf den R\u00fccken der Kinder minimiert wird<br \/>&#8211; Bequeme, S-f\u00f6rmige Schultergurte, die an zwei Punkten verstellbar sind: oben und unten f\u00fcr die perfekte Passform<br \/>&#8211; Gut gepolsterte R\u00fcckwand sorgt f\u00fcr angenehmen Tragekomfort<br \/>&#8211; Bequeme, gut gepolsterte Schultergurte<br \/>&#8211; \u201eGepr\u00fcft &amp; empfohlen\u201c der Aktion Gesunder R\u00fccken e.V., AGR<br \/>&#8211; Verstellbare Schultergurte mit Brustgurt zum optimieren des Gewichtes<\/p>\n<p>HALTBARKEIT<br \/>&#8211; Verst\u00e4rkung an allen Seiten<br \/>&#8211; Der starke Unterboden aus Kunststoff dient einem dreifachen Zweck: sichert die Stabilit\u00e4t, ist Schmutz abweisend und sorgt f\u00fcr die Langlebigkeit der Tasche<br \/>&#8211; Hergestellt aus wasserdichtem Polyester Stoffen<\/p>\n<p>DESIGN<br \/>&#8211; Lebendige und bunte Motive<br \/>&#8211; Ausf\u00fchrliche Stickerei und Applikation<br \/>&#8211; entworfen &amp; produziert in Europa<\/p>\n<p>SICHERHEIT:<br \/>&#8211; Reflektierende Elemente an allen Seiten des Ranzens f\u00fcr bessere Sichtbarkeit<\/p>\n<p>Kurzbeschreibung<br \/>&#8211; Ergonomisches Schulranzen-Set 4-teilig mit Brustgurt f\u00fcr die Grundschule 1. &#8211; 2. Klasse<br \/>&#8211; Ideale f\u00fcr kleine Erstkl\u00e4ssler: sehr leicht wiegt nur 800 &#8211; 860 g<br \/>&#8211; Ma\u00dfe: 36 x 28 x 17 cm<br \/>&#8211; Volumen: 17 L<br \/>&#8211; Material: Polyester, wasserdicht<br \/>&#8211; Reflektierende Elemente an allen Seiten \/ Stabilit\u00e4t dank dem starken Kunststoffboden<br \/>&#8211; Ergonomie: \u201eGepr\u00fcft &amp; empfohlen\u201c der Aktion Gesunder R\u00fccken e.V., AGR<br \/>&#8211; Entworfen und hergestellt in Europa<\/p>\n<p>Alter: 6 &#8211; 9 Jahre<br \/>Ma\u00dfe: 36 x 28 x 17 cm<br \/>Gewicht: 800 &#8211; 860 g<br \/>Lieferumfang: 1 Schulranzen, 1 Federm\u00e4ppchen (ungef\u00fcllt), 1 Schlamperm\u00e4ppchen, 1 Turnbeutel, 1 Stundenplan, 1 Schl\u00fcsselanh\u00e4nger<\/p>\n<p>Achtung: Nicht f\u00fcr Kinder unter 36 Monaten geeignet wegen verschluckbarer Kleinteile, Erstickungsgefahr.<br \/>Achtung: Strangulationsgefahr durch lange Seile.<\/p>\n","protected":false},"excerpt":{"rendered":"<p>Rucksack Mini-Fit ergonomisches Schulranzen-Set 4-teilig &#8222;Lion&#8220; mit Brustgurt<\/p>\n","protected":false},"featured_media":19144,"comment_status":"closed","ping_status":"open","template":"","meta":[],"product_brand":[],"product_cat":[562],"product_tag":[],"class_list":{"0":"post-19143","1":"product","2":"type-product","3":"status-publish","4":"has-post-thumbnail","6":"product_cat-jungen","8":"first","9":"instock","10":"shipping-taxable","11":"purchasable","12":"product-type-simple"},"_links":{"self":[{"href":"https:\/\/9play.de\/shop\/wp-json\/wp\/v2\/product\/19143","targetHints":{"allow":["GET"]}}],"collection":[{"href":"https:\/\/9play.de\/shop\/wp-json\/wp\/v2\/product"}],"about":[{"href":"https:\/\/9play.de\/shop\/wp-json\/wp\/v2\/types\/product"}],"replies":[{"embeddable":true,"href":"https:\/\/9play.de\/shop\/wp-json\/wp\/v2\/comments?post=19143"}],"wp:featuredmedia":[{"embeddable":true,"href":"https:\/\/9play.de\/shop\/wp-json\/wp\/v2\/media\/19144"}],"wp:attachment":[{"href":"https:\/\/9play.de\/shop\/wp-json\/wp\/v2\/media?parent=19143"}],"wp:term":[{"taxonomy":"product_brand","embeddable":true,"href":"https:\/\/9play.de\/shop\/wp-json\/wp\/v2\/product_brand?post=19143"},{"taxonomy":"product_cat","embeddable":true,"href":"https:\/\/9play.de\/shop\/wp-json\/wp\/v2\/product_cat?post=19143"},{"taxonomy":"product_tag","embeddable":true,"href":"https:\/\/9play.de\/shop\/wp-json\/wp\/v2\/product_tag?post=19143"}],"curies":[{"name":"wp","href":"https:\/\/api.w.org\/{rel}","templated":true}]}}