{"id":19173,"date":"2024-10-06T18:44:01","date_gmt":"2024-10-06T16:44:01","guid":{"rendered":"https:\/\/9play.de\/shop\/produkt\/rucksack-classy-ergonomisches-schulranzen-4-teile-marble-mit-brustgurt\/"},"modified":"2024-10-06T18:44:18","modified_gmt":"2024-10-06T16:44:18","slug":"rucksack-classy-ergonomisches-schulranzen-4-teile-marble-mit-brustgurt","status":"publish","type":"product","link":"https:\/\/9play.de\/shop\/produkt\/rucksack-classy-ergonomisches-schulranzen-4-teile-marble-mit-brustgurt\/","title":{"rendered":"Rucksack Classy ergonomisches Schulranzen 4-Teile Marble mit Brustgurt"},"content":{"rendered":"<p>CLASSY SET (403-13\/AG\/S) CLASSY<\/p>\n<p>FUNKTIONALIT\u00c4T<strong> <\/strong><br \/>&#8211; Ergonomisches Schulranzen-Set f\u00fcr die Grundschule, 1. &#8211; 3. Klasse<br \/>&#8211; Sehr leicht: wiegt nur 930-990 g<br \/>&#8211; Ausstattung: Brustgurt, f\u00fcr DIN A4<br \/>&#8211; Verschlussart: Starke, Easy-to-use Metallschnalle mit reflektierenden Elementen<br \/>&#8211; Verschiedene Griffe: ein langlebiger und robuster Stoffgriff mit Polsterung und ein Stoffgriff zum Aufh\u00e4ngen des Ranzens im Klassenzimmer<br \/>&#8211; Lieferumfang: 1 Schulranzen, 1 Federm\u00e4ppchen (ungef\u00fcllt), 1 Schlamperm\u00e4ppchen, 1 Turnbeutel, 1 Stundenplan, 1 Schl\u00fcsselanh\u00e4nger<\/p>\n<p>INNENF\u00c4CHER<br \/>&#8211; Volumen: 19 L<br \/>&#8211; Zwei gro\u00dfe Innenf\u00e4cher f\u00fcr Hefte und B\u00fccher in allen Gr\u00f6\u00dfen<br \/>&#8211; Frontfach mit mehreren kleinen F\u00e4chern f\u00fcr Schere, kleinere Hefte und Schl\u00fcssel<br \/>&#8211; Stundenplanhalter innerhalb des Oberteiles<br \/>&#8211; Zwei Seitenf\u00e4cher f\u00fcr Trinkflaschen (bis 0,7 L) und Regenschirm<\/p>\n<p>ERGONOMIE<br \/>&#8211; Ergonomische Form und atmungsaktive R\u00fcckenpolsterung sorgen daf\u00fcr, dass der Druck auf den R\u00fccken der Kinder minimiert wird<br \/>&#8211; Bequeme, S-f\u00f6rmige Schultergurte, die an zwei Punkten verstellbar sind: oben und unten f\u00fcr die perfekte Passform<br \/>&#8211; Gut gepolsterte R\u00fcckwand sorgt f\u00fcr angenehmen Tragekomfort<br \/>&#8211; Bequeme, gut gepolsterte Schultergurte<br \/>&#8211; \u201eGepr\u00fcft &amp; empfohlen\u201c der Aktion Gesunder R\u00fccken e.V., AGR<\/p>\n<p>HALTBARKEIT<br \/>&#8211; Verst\u00e4rkungen an allen Seiten<br \/>&#8211; Der starke Unterboden aus Kunststoff dient einem dreifachen Zweck: sichert die Stabilit\u00e4t, ist Schmutz abweisend und sorgt f\u00fcr die Langlebigkeit der Tasche<br \/>&#8211; Hergestellt aus wasserdichtem Polyesterstoffen<\/p>\n<p>DESIGN<br \/>&#8211; Lebendige und bunte Motive<br \/>&#8211; Ausf\u00fchrliche Stickerei und Applikation<br \/>&#8211; entworfen &amp; produziert in Europa<\/p>\n<p>SICHERHEIT<br \/>&#8211; Reflektierende Elemente an allen Seiten des Ranzens f\u00fcr bessere Sichtbarkeit<\/p>\n<p>Kurzbeschreibung<br \/>&#8211; Ergonomisches Schulranzen-Set 4-teilig mit Brustgurt f\u00fcr die Grundschule 1. &#8211; 3. Klasse &#8211; Leichter Schulranzen wiegt nur 930-990 g<br \/>&#8211; Ma\u00dfe: 36 x 32 x 19 cm \/ 19 L<br \/>&#8211; Hergestellt aus wasserdichtem Polyester<\/p>\n<p>Ergonomie<br \/>-\u201eGepr\u00fcft &amp; empfohlen\u201c der Aktion Gesunder R\u00fccken e.V., AGR<br \/>&#8211; Entworfen und hergestellt in Europa<\/p>\n<p>Alter: 6 &#8211; 9 Jahre<br \/>Schulranzen-Set enth\u00e4lt: &#8211; Schulranzen &#8211; Federm\u00e4ppchen (ungef\u00fcllt) &#8211; Schlamperm\u00e4ppchen &#8211; Turnbeutel &#8211; Stundenplan &#8211; Schl\u00fcsselanh\u00e4nger<br \/>Ma\u00dfe: 36 x 32 x 19 cm<br \/>Volumen: 19 L<br \/>Material: Polyester, wasserdicht<\/p>\n<p>Achtung: Nicht f\u00fcr Kinder unter 36 Monaten geeignet wegen verschluckbarer Kleinteile, Erstickungsgefahr.<br \/>Achtung: Strangulationsgefahr durch lange Seile.<\/p>\n","protected":false},"excerpt":{"rendered":"<p>Rucksack Classy ergonomisches Schulranzen-Set 4-teilig &#8222;Marble&#8220; mit Brustgurt<\/p>\n","protected":false},"featured_media":19174,"comment_status":"closed","ping_status":"open","template":"","meta":[],"product_brand":[],"product_cat":[561],"product_tag":[],"class_list":{"0":"post-19173","1":"product","2":"type-product","3":"status-publish","4":"has-post-thumbnail","6":"product_cat-maedchen","8":"first","9":"instock","10":"shipping-taxable","11":"purchasable","12":"product-type-simple"},"_links":{"self":[{"href":"https:\/\/9play.de\/shop\/wp-json\/wp\/v2\/product\/19173","targetHints":{"allow":["GET"]}}],"collection":[{"href":"https:\/\/9play.de\/shop\/wp-json\/wp\/v2\/product"}],"about":[{"href":"https:\/\/9play.de\/shop\/wp-json\/wp\/v2\/types\/product"}],"replies":[{"embeddable":true,"href":"https:\/\/9play.de\/shop\/wp-json\/wp\/v2\/comments?post=19173"}],"wp:featuredmedia":[{"embeddable":true,"href":"https:\/\/9play.de\/shop\/wp-json\/wp\/v2\/media\/19174"}],"wp:attachment":[{"href":"https:\/\/9play.de\/shop\/wp-json\/wp\/v2\/media?parent=19173"}],"wp:term":[{"taxonomy":"product_brand","embeddable":true,"href":"https:\/\/9play.de\/shop\/wp-json\/wp\/v2\/product_brand?post=19173"},{"taxonomy":"product_cat","embeddable":true,"href":"https:\/\/9play.de\/shop\/wp-json\/wp\/v2\/product_cat?post=19173"},{"taxonomy":"product_tag","embeddable":true,"href":"https:\/\/9play.de\/shop\/wp-json\/wp\/v2\/product_tag?post=19173"}],"curies":[{"name":"wp","href":"https:\/\/api.w.org\/{rel}","templated":true}]}}