{"id":19632,"date":"2024-10-06T18:49:20","date_gmt":"2024-10-06T16:49:20","guid":{"rendered":"https:\/\/9play.de\/shop\/produkt\/rucksack-smarty-ergonomisches-schulranzen-set-5-t-amazing-polka-dot-2\/"},"modified":"2024-10-06T18:50:34","modified_gmt":"2024-10-06T16:50:34","slug":"rucksack-smarty-ergonomisches-schulranzen-set-5-t-amazing-polka-dot-2","status":"publish","type":"product","link":"https:\/\/9play.de\/shop\/produkt\/rucksack-smarty-ergonomisches-schulranzen-set-5-t-amazing-polka-dot-2\/","title":{"rendered":"Rucksack Smarty ergonomisches Schulranzen Set 5-t. Amazing Polka Dot 2"},"content":{"rendered":"<p><strong>Schulranzen-Set enth\u00e4lt:<\/strong><br \/>&#8211; 1 Schulranzen<br \/>&#8211; 1 Federm\u00e4ppchen (ungef\u00fcllt)<br \/>&#8211; 1 Schlamperm\u00e4ppchen<br \/>&#8211; 1 Turnbeutel<br \/>&#8211; 6 Patchies<br \/>&#8211; Stundenplan<br \/>&#8211; Schl\u00fcsselanh\u00e4nger<br \/><strong>Ausstattung:<\/strong><br \/>&#8211; Brustgurt, H\u00fcftgurt, f\u00fcr DIN A4<br \/>&#8211; Verschlussart: Fidlock Magnetverschluss<br \/>&#8211; Verschiedene Griffe: ein langlebiger und robuster Stoffgriff mit Polsterung und ein Stoffgriff zum Aufh\u00e4ngen des Ranzens im Klassenzimmer&nbsp;<br \/><strong>Innenf\u00e4cher:<\/strong>&nbsp;<br \/>&#8211; Volumen: 20 L<br \/>&#8211; Zwei Seitentaschen &#8211; geeignet zum Verstauen einer Wasserflasche (0,7 L) und einem Regenschirm.<br \/>&#8211; Fronttasche bietet gen\u00fcgend Platz f\u00fcr Federm\u00e4ppchen.<br \/>&#8211; Drei Trennw\u00e4nde innen, um alles an seinem Platz und organisiert zu halten (A4 Format).<br \/>&#8211; Der Inhalt kann mit Kordelzug fixiert werden. &#8211; Stundenplanhalter auf der Vorderseite.<br \/><strong>Ergonomie:<\/strong><br \/>&#8211; Ergonomische Form und atmungsaktive R\u00fcckenpolsterung sorgen daf\u00fcr, dass der Druck auf den R\u00fccken der Kinder minimiert wird<br \/>&#8211; Bequeme, S-f\u00f6rmige Schultergurte, die an zwei Punkten verstellbar sind: oben und unten f\u00fcr die perfekte Passform<br \/>&#8211; Gut gepolsterte R\u00fcckwand sorgt f\u00fcr angenehmen Tragekomfort<br \/>&#8211; verstellbarer Brustgurt &#8211; abnehmbarer H\u00fcftgurt<br \/>&#8211; h\u00f6henverstellbares Tragesystem (S-M-L-XL-XXL)<br \/>&#8211; \u201eGepr\u00fcft &amp; empfohlen\u201c der Aktion Gesunder R\u00fccken e.V., AGR<strong><br \/>Haltbarkeit:<\/strong><br \/>&#8211; Verst\u00e4rkung an allen Seiten<br \/>&#8211; Der starke Unterboden aus Kunststoff dient einem dreifachen Zweck: sichert Stabilit\u00e4t, weist Schmutz ab und sorgt f\u00fcr die Langlebigkeit der Tasche<br \/>&#8211; Hergestellt aus wasserdichten Polyesterstoffen<br \/><strong>Design:<\/strong><br \/>&#8211; \u201eSmarty\u201c wird in einem Set geliefert, bestehend aus 3 Patches, die an der Vordertasche und Deckel haften<br \/>&#8211; Lebendige und bunte Motive \/ Detaillierte Stickerei und Applikation &#8211; Entworfen und hergestellt in Europa<br \/>&#8211; Familienunternehmen in der 3. Generation<br \/><strong>Sicherheit:<\/strong><br \/>&#8211; Reflektierende Elemente an allen Seiten des Ranzens f\u00fcr bessere Sichtbarkeit<\/p>\n<p>&nbsp;<\/p>\n<p>Lieferumfang: 1 Schulranzen, 1 Federm\u00e4ppchen (ungef\u00fcllt), 1 Schlamperm\u00e4ppchen, 1 Turnbeutel, 1 Stundenplan, 1 Schl\u00fcsselanh\u00e4nger, 6&nbsp;Patchies-Set&nbsp;<br \/>Funktionalit\u00e4t: &#8211; Durch seine Gr\u00f6\u00dfe ist er geeignet von der 1. bis zur 4. Klasse<br \/>Altersempfehlung: 6 &#8211; 10 Jahre<br \/>Ma\u00dfe: 37 x 26 x 18 cm<br \/>Volumen: 20 L<br \/>Gewicht: ca. 1130-1160 g<br \/>Material: Polyester, wasserdicht<\/p>\n<p>Achtung: Nicht f\u00fcr Kinder unter 36 Monaten geeignet wegen verschluckbarer Kleinteile, Erstickungsgefahr.<br \/>Achtung: Strangulationsgefahr durch lange Seile.<\/p>\n","protected":false},"excerpt":{"rendered":"<p>Reflektierende Elemente an allen Seiten des Ranzens f\u00fcr bessere Sichtbarkeit<\/p>\n","protected":false},"featured_media":19633,"comment_status":"closed","ping_status":"open","template":"","meta":[],"product_brand":[],"product_cat":[561],"product_tag":[],"class_list":{"0":"post-19632","1":"product","2":"type-product","3":"status-publish","4":"has-post-thumbnail","6":"product_cat-maedchen","8":"first","9":"instock","10":"shipping-taxable","11":"purchasable","12":"product-type-simple"},"_links":{"self":[{"href":"https:\/\/9play.de\/shop\/wp-json\/wp\/v2\/product\/19632","targetHints":{"allow":["GET"]}}],"collection":[{"href":"https:\/\/9play.de\/shop\/wp-json\/wp\/v2\/product"}],"about":[{"href":"https:\/\/9play.de\/shop\/wp-json\/wp\/v2\/types\/product"}],"replies":[{"embeddable":true,"href":"https:\/\/9play.de\/shop\/wp-json\/wp\/v2\/comments?post=19632"}],"wp:featuredmedia":[{"embeddable":true,"href":"https:\/\/9play.de\/shop\/wp-json\/wp\/v2\/media\/19633"}],"wp:attachment":[{"href":"https:\/\/9play.de\/shop\/wp-json\/wp\/v2\/media?parent=19632"}],"wp:term":[{"taxonomy":"product_brand","embeddable":true,"href":"https:\/\/9play.de\/shop\/wp-json\/wp\/v2\/product_brand?post=19632"},{"taxonomy":"product_cat","embeddable":true,"href":"https:\/\/9play.de\/shop\/wp-json\/wp\/v2\/product_cat?post=19632"},{"taxonomy":"product_tag","embeddable":true,"href":"https:\/\/9play.de\/shop\/wp-json\/wp\/v2\/product_tag?post=19632"}],"curies":[{"name":"wp","href":"https:\/\/api.w.org\/{rel}","templated":true}]}}