{"id":19697,"date":"2024-10-06T18:50:43","date_gmt":"2024-10-06T16:50:43","guid":{"rendered":"https:\/\/9play.de\/shop\/produkt\/rucksack-motion-ergonomisches-schulranzen-set-5-teilig-shiny-pink\/"},"modified":"2024-10-06T18:51:28","modified_gmt":"2024-10-06T16:51:28","slug":"rucksack-motion-ergonomisches-schulranzen-set-5-teilig-shiny-pink","status":"publish","type":"product","link":"https:\/\/9play.de\/shop\/produkt\/rucksack-motion-ergonomisches-schulranzen-set-5-teilig-shiny-pink\/","title":{"rendered":"Rucksack Motion ergonomisches Schulranzen Set 5-teilig Shiny Pink"},"content":{"rendered":"<p>Altersepfehlung:&nbsp;Grundschule, von 1. bis 3. &#8211; Klasse zwischen 6 und 9 Jahren<\/p>\n<p><strong>Motion Schulranzen-Set enth\u00e4lt:<\/strong><br \/>&#8211; 1 Ergonomischer Schulranzen aus recyceltem Material<br \/>&#8211; 1 Federm\u00e4ppchen (leer)<br \/>&#8211; 1 Schlamperm\u00e4ppchen<br \/>&#8211; 1 Turnbeutel<br \/>&#8211; 6 austauschbare Patches (6 St\u00fcck)<br \/>&#8211; 1 Stundenplan<br \/>&#8211; 1 Schl\u00fcsselbund<br \/><strong>Ausstattung:<\/strong><br \/>&#8211; Ergonomisches R\u00fcckendesign, verstellbarer und leicht abnehmbarer Brustgurt und gepolsterter H\u00fcftgurt, verstellbare Schultergurte, geeignet f\u00fcr A4-Format &nbsp;<br \/><strong>Verschlussart:<\/strong><br \/>&#8211; Einfach zu bedienende und reflektierende magnetische &#8222;PUSH&#8220;-Schlie\u00dfe<br \/>&#8211; Gro\u00dfer Stauraum mit Kordelzug zur Fixierung des Inhalts, Vordertasche mit Thermofutter f\u00fcr Brotdose, Seitentaschen mit Rei\u00dfverschluss (f\u00fcr Regenschirm oder Trinkflasche bis 0,7 L), ein separates Fach f\u00fcr Federm\u00e4ppchen, Extrafach mit Rei\u00dfverschluss oben f\u00fcr kleinere Gegenst\u00e4nde, Stundenplanhalter auf dem Deckel<br \/><strong>Ergonomie:<\/strong><br \/>&#8211; Ergonomische Form und atmungsaktive R\u00fcckenpolsterung f\u00fcr zus\u00e4tzlichen Komfort<br \/>&#8211; Gut gepolsterte Schultergurte, die an zwei Punkten verstellbar sind: oben und unten f\u00fcr perfekten Sitz<br \/>&#8211; F\u00fcr eine optimale Gewichtsverteilung ist die Tasche mit einem verstellbaren und abnehmbaren Brustgurt und einem gepolsterten H\u00fcftgurt ausgestattet<br \/><strong>Langlebigkeit:<\/strong><br \/>&#8211; Verst\u00e4rkungen an allen Seiten und ein starkes Hartplastik-Bodenteil erh\u00f6hen die Stabilit\u00e4t und Haltbarkeit<br \/>&#8211; Das Bodenteil hat noch weitere<br \/><strong>Funktionen:<\/strong><br \/>&#8211; Es sorgt daf\u00fcr, dass die Tasche in der gleichen Position bleibt und verhindert, dass sie schmutzig wird<br \/><strong>Design:<\/strong><br \/>&#8211; \u201eMotion\u201c wird mit einem Set von 3 austauschbaren Klettverschl\u00fcssen geliefert, die an der Vordertasche, dem Deckel und dem M\u00e4ppchen befestigt werden k\u00f6nnen<br \/>&#8211; Einzigartige und bunte Motive<br \/>&#8211; Au\u00dfenmaterial aus recyceltem Material<br \/>&#8211; Entworfen und hergestellt in Europa<br \/><strong>Sicherheit:<\/strong><br \/>&#8211; Sorgf\u00e4ltig platzierte reflektierende Elemente auf allen Seiten, auf der Magnetschnalle, auf dem Deckel und der Vordertasche, auch auf den Schultergurten und dem H\u00fcftgurt&nbsp;<\/p>\n<p>Packungsinhalt: 1 Schulranzen; 1 Federm\u00e4ppchen (leer); 1 Schlamperm\u00e4ppchen; 1 Turnbeutel; 6 Patches, 1 Stundenplan, 1 Schl\u00fcsselanh\u00e4nger<br \/>Funktionsweise: Geeignet f\u00fcr die Grundschule<br \/>Altersempfehlung: 6-9-J\u00e4hrige &nbsp;<br \/>Ma\u00dfe: 35 x 27 x 20 cm &nbsp;<br \/>Volumen: 19 L &nbsp;<br \/>Gewicht: 1060-1120 g &nbsp;<br \/>Au\u00dfenmaterial: recyceltes Material &nbsp;<\/p>\n<p>Achtung: Nicht f\u00fcr Kinder unter 36 Monaten geeignet wegen verschluckbarer Kleinteile, Erstickungsgefahr.<br \/>Achtung: Strangulationsgefahr durch lange Seile.<\/p>\n","protected":false},"excerpt":{"rendered":"<p>Rucksack Motion ergonomisches Schulranzen Set 5-teilig &#8222;Shiny Pink&#8220; aus recyceltem Material mit Brustgurt, H\u00fcftgurt, Magnetverschluss, Patch Set 6 St\u00fcck<\/p>\n","protected":false},"featured_media":19698,"comment_status":"closed","ping_status":"open","template":"","meta":[],"product_brand":[],"product_cat":[561],"product_tag":[],"class_list":{"0":"post-19697","1":"product","2":"type-product","3":"status-publish","4":"has-post-thumbnail","6":"product_cat-maedchen","8":"first","9":"instock","10":"shipping-taxable","11":"purchasable","12":"product-type-simple"},"_links":{"self":[{"href":"https:\/\/9play.de\/shop\/wp-json\/wp\/v2\/product\/19697","targetHints":{"allow":["GET"]}}],"collection":[{"href":"https:\/\/9play.de\/shop\/wp-json\/wp\/v2\/product"}],"about":[{"href":"https:\/\/9play.de\/shop\/wp-json\/wp\/v2\/types\/product"}],"replies":[{"embeddable":true,"href":"https:\/\/9play.de\/shop\/wp-json\/wp\/v2\/comments?post=19697"}],"wp:featuredmedia":[{"embeddable":true,"href":"https:\/\/9play.de\/shop\/wp-json\/wp\/v2\/media\/19698"}],"wp:attachment":[{"href":"https:\/\/9play.de\/shop\/wp-json\/wp\/v2\/media?parent=19697"}],"wp:term":[{"taxonomy":"product_brand","embeddable":true,"href":"https:\/\/9play.de\/shop\/wp-json\/wp\/v2\/product_brand?post=19697"},{"taxonomy":"product_cat","embeddable":true,"href":"https:\/\/9play.de\/shop\/wp-json\/wp\/v2\/product_cat?post=19697"},{"taxonomy":"product_tag","embeddable":true,"href":"https:\/\/9play.de\/shop\/wp-json\/wp\/v2\/product_tag?post=19697"}],"curies":[{"name":"wp","href":"https:\/\/api.w.org\/{rel}","templated":true}]}}