{"id":19777,"date":"2024-10-06T18:52:05","date_gmt":"2024-10-06T16:52:05","guid":{"rendered":"https:\/\/9play.de\/shop\/produkt\/rucksack-infinity-schulrucksack-deep-ocean\/"},"modified":"2024-10-06T18:52:34","modified_gmt":"2024-10-06T16:52:34","slug":"rucksack-infinity-schulrucksack-deep-ocean","status":"publish","type":"product","link":"https:\/\/9play.de\/shop\/produkt\/rucksack-infinity-schulrucksack-deep-ocean\/","title":{"rendered":"Rucksack Infinity Schulrucksack &#8222;Deep Ocean&#8220;"},"content":{"rendered":"<p>WAVE INFINITY Schulrucksack<\/p>\n<p>FUNKTIONALIT\u00c4T:<br \/>&#8211; Superleichter Schulrucksack f\u00fcr die Schule, auf Reisen oder andere Freizeitaktivit\u00e4ten.<br \/>&#8211; Alter: Ab 10 Jahre<br \/>&#8211; Ma\u00dfe: 43 x 31 x 22 cm<br \/>&#8211; Gewicht: ca. 980-1040 g<br \/>&#8211; Volumen: ca. 30 L<br \/>&#8211; Material: Polyester, wasserabweisend<br \/>&#8211; Einfaches Aussehen mit praktischem Design geeignet f\u00fcr Business- und pers\u00f6nlicher Verwendung<br \/>&#8211; Innenf\u00e4cher und Taschen: 11 F\u00e4cher: 2 gro\u00dfe Hauptf\u00e4cher; 1 gepolstertes Laptop-Einschubfach; 1 kleine Rei\u00dfverschlusstasche; 1 kleine Tasche; 1 Geheimfach am R\u00fcckenpanel; 1 Powerbank-Halter; 1 Brillenfach; 1 vordere Tasche; 2 Seitentaschen; Befestigungsriemen<br \/>&#8211; Verschlussart: Rei\u00dfverschluss<br \/>&#8211; Lieferumfang: 1 Rucksack<\/p>\n<p>ERGONOMIE:<br \/>&#8211; Ergonomische Form und atmungsaktive R\u00fcckenpolsterung<br \/>&#8211; Verstellbare Schultergurte, Brustgurt und abnehmbarer H\u00fcftgurt<br \/>&#8211; Gepolsterte R\u00fcckenpanel, versteckte Tasche am R\u00fcckenpanel<\/p>\n<p>DESIGN<br \/>&#8211; Lebendige und bunte Motivdrucke<br \/>&#8211; Einfaches Aussehen mit praktischem Design<br \/>&#8211; Entworfen &amp; produziert in Europa<\/p>\n<p>Kurzbeschreibung<br \/>&#8211; Schulrucksack mit Laptopfach und Tabletfach<br \/>&#8211; Brustgurt und H\u00fcftgurt<br \/>&#8211; Ergonomisches Design<br \/>&#8211; Entworfen und hergestellt in Europa<br \/>&#8211; 2 Hauptf\u00e4cher, Brillenfach, 2 Seitentaschen,1 kleine Rei\u00dfverschlusstasche, 2 elastische Taschen, Geheim-Einsteckfach, Laptop\/ Tabletfach<br \/>&#8211; Ergonomisches Design: atmungsaktives;gepolstertes R\u00fcckenpanel mit stufenlos verstellbaren Schultergurten-Laptop, Tabletfach, Brustgurt, H\u00fcftgurt, Sonnenbrillenfach-Rei\u00dfverschluss<\/p>\n<p>Alter: Ab 10 Jahre<br \/>Ma\u00dfe: 43 x 31 x 22 cm<br \/>Gewicht: ca. 980-1040 g<br \/>Volumen: ca. 30 L<\/p>\n<p>Achtung: Nicht f\u00fcr Kinder unter 36 Monaten geeignet wegen verschluckbarer Kleinteile, Erstickungsgefahr.<br \/>Achtung: Strangulationsgefahr durch lange Seile.<\/p>\n<p>&nbsp;<\/p>\n","protected":false},"excerpt":{"rendered":"<p>Rucksack Infinity Schulrucksack &#8222;Deep Ocean&#8220;<\/p>\n","protected":false},"featured_media":19778,"comment_status":"closed","ping_status":"open","template":"","meta":[],"product_brand":[],"product_cat":[563],"product_tag":[],"class_list":{"0":"post-19777","1":"product","2":"type-product","3":"status-publish","4":"has-post-thumbnail","6":"product_cat-rucksaecke","8":"first","9":"instock","10":"shipping-taxable","11":"purchasable","12":"product-type-simple"},"_links":{"self":[{"href":"https:\/\/9play.de\/shop\/wp-json\/wp\/v2\/product\/19777","targetHints":{"allow":["GET"]}}],"collection":[{"href":"https:\/\/9play.de\/shop\/wp-json\/wp\/v2\/product"}],"about":[{"href":"https:\/\/9play.de\/shop\/wp-json\/wp\/v2\/types\/product"}],"replies":[{"embeddable":true,"href":"https:\/\/9play.de\/shop\/wp-json\/wp\/v2\/comments?post=19777"}],"wp:featuredmedia":[{"embeddable":true,"href":"https:\/\/9play.de\/shop\/wp-json\/wp\/v2\/media\/19778"}],"wp:attachment":[{"href":"https:\/\/9play.de\/shop\/wp-json\/wp\/v2\/media?parent=19777"}],"wp:term":[{"taxonomy":"product_brand","embeddable":true,"href":"https:\/\/9play.de\/shop\/wp-json\/wp\/v2\/product_brand?post=19777"},{"taxonomy":"product_cat","embeddable":true,"href":"https:\/\/9play.de\/shop\/wp-json\/wp\/v2\/product_cat?post=19777"},{"taxonomy":"product_tag","embeddable":true,"href":"https:\/\/9play.de\/shop\/wp-json\/wp\/v2\/product_tag?post=19777"}],"curies":[{"name":"wp","href":"https:\/\/api.w.org\/{rel}","templated":true}]}}