{"id":19805,"date":"2024-10-06T18:52:05","date_gmt":"2024-10-06T16:52:05","guid":{"rendered":"https:\/\/9play.de\/shop\/produkt\/rucksack-infinity-move-schulrucksack-sand\/"},"modified":"2024-10-06T18:52:56","modified_gmt":"2024-10-06T16:52:56","slug":"rucksack-infinity-move-schulrucksack-sand","status":"publish","type":"product","link":"https:\/\/9play.de\/shop\/produkt\/rucksack-infinity-move-schulrucksack-sand\/","title":{"rendered":"Rucksack Infinity Move Schulrucksack &#8222;Sand&#8220;"},"content":{"rendered":"<p>WAVE Infinity Move&nbsp;Schulrucksack<\/p>\n<p>FUNKTIONALIT\u00c4T:<br \/>&#8211; Schulrucksack f\u00fcr die Schule, Reisen oder andere Freizeitaktivit\u00e4ten<br \/>&#8211; Ma\u00dfe: 40 x 27 x 21 cm<br \/>&#8211; Gewicht: ca. 1020 g<br \/>&#8211; Volumen: ca. 30 L<br \/>&#8211; Material: Polyester, wasserabweisend<br \/>&#8211; Einfaches Aussehen mit praktischem Design geeignet f\u00fcr schulische und andere Verwendung<br \/>&#8211; Innenf\u00e4cher und Taschen: 2 gro\u00dfe Hauptf\u00e4cher; 1 gepolstertes Laptopfach;1 Tabletfach; 1 kleine Rei\u00dfverschlusstasche; 1 kleine Tasche; 1 Geheimfach am R\u00fcckenpanel; 1 Powerbank-Halter; 1 Sonnenbrillenfach; 1 Vordertasche; 2 Seitentaschen; Befestigungsriemen f\u00fcr Jacke<br \/>&#8211; Verschlussart: Rei\u00dfverschluss \u2022 Lieferumfang: 1 Rucksack<\/p>\n<p>ERGONOMIE:<br \/>&#8211; Ergonomische Form und atmungsaktive R\u00fcckenpolsterung<br \/>&#8211; Verstellbare Schultergurte, Brustgurt und abnehmbarer H\u00fcftgurt<br \/>&#8211; Gepolsterte R\u00fcckenpanel, versteckte Tasche am R\u00fcckenpanel<\/p>\n<p>DESIGN<br \/>&#8211; Lebendige und bunte Motivdrucke<br \/>&#8211; Einfaches Aussehen mit praktischem Design<br \/>&#8211; Innen des Schulrucksacks befindet sich eine kleine Nachricht f\u00fcr den Kunden<br \/>&#8211; Entworfen &amp; produziert in Europa<br \/>&#8211; Schulrucksack mit Laptopfach und Tabletfach<br \/>&#8211; Brustgurt und H\u00fcftgurt<br \/>&#8211; Ergonomisches Design<\/p>\n<p>&#8211; Entworfen und hergestellt in Europa<br \/>&#8211; 2 gro\u00dfe Hauptf\u00e4cher; 1 gepolstertes Laptop-Einschubfach;1 Tablet-Fach; 1 kleine Rei\u00dfverschlusstasche; 1 kleine Tasche; 1 Geheimfach am R\u00fcckenpanel; 1 Powerbank-Halter; 1 Sonnenbrillen Fach; 1 vordere Tasche; 2 Seitentaschen; Befestigungsriemen f\u00fcr Jacke -Ergonomisches Design: atmungsaktives;gepolstertes R\u00fcckenpanel mit stufenlos verstellbaren Schultergurten-Laptop, Tabletfach, Brustgurt, H\u00fcftgurt, Sonnenbrillenfach-Rei\u00dfverschluss<\/p>\n<p>Alter: Ab 10 Jahre<br \/>Ma\u00dfe: 40 x 27 x 21 cm<br \/>Gewicht: ca. 1020 g<br \/>Volumen: ca. 30 L<\/p>\n<p>Achtung: Nicht f\u00fcr Kinder unter 36 Monaten geeignet wegen verschluckbarer Kleinteile, Erstickungsgefahr.<br \/>Achtung: Strangulationsgefahr durch lange Seile.<\/p>\n<p>&nbsp;<\/p>\n","protected":false},"excerpt":{"rendered":"<p>Rucksack Infinity Move Schulrucksack &#8222;Sand&#8220;<\/p>\n","protected":false},"featured_media":19806,"comment_status":"closed","ping_status":"open","template":"","meta":[],"product_brand":[],"product_cat":[563],"product_tag":[],"class_list":{"0":"post-19805","1":"product","2":"type-product","3":"status-publish","4":"has-post-thumbnail","6":"product_cat-rucksaecke","8":"first","9":"instock","10":"shipping-taxable","11":"purchasable","12":"product-type-simple"},"_links":{"self":[{"href":"https:\/\/9play.de\/shop\/wp-json\/wp\/v2\/product\/19805","targetHints":{"allow":["GET"]}}],"collection":[{"href":"https:\/\/9play.de\/shop\/wp-json\/wp\/v2\/product"}],"about":[{"href":"https:\/\/9play.de\/shop\/wp-json\/wp\/v2\/types\/product"}],"replies":[{"embeddable":true,"href":"https:\/\/9play.de\/shop\/wp-json\/wp\/v2\/comments?post=19805"}],"wp:featuredmedia":[{"embeddable":true,"href":"https:\/\/9play.de\/shop\/wp-json\/wp\/v2\/media\/19806"}],"wp:attachment":[{"href":"https:\/\/9play.de\/shop\/wp-json\/wp\/v2\/media?parent=19805"}],"wp:term":[{"taxonomy":"product_brand","embeddable":true,"href":"https:\/\/9play.de\/shop\/wp-json\/wp\/v2\/product_brand?post=19805"},{"taxonomy":"product_cat","embeddable":true,"href":"https:\/\/9play.de\/shop\/wp-json\/wp\/v2\/product_cat?post=19805"},{"taxonomy":"product_tag","embeddable":true,"href":"https:\/\/9play.de\/shop\/wp-json\/wp\/v2\/product_tag?post=19805"}],"curies":[{"name":"wp","href":"https:\/\/api.w.org\/{rel}","templated":true}]}}