{"id":20006,"date":"2024-10-06T20:19:28","date_gmt":"2024-10-06T18:19:28","guid":{"rendered":"https:\/\/9play.de\/shop\/produkt\/rucksack-prime-schulrucksack-dots-pinky\/"},"modified":"2024-10-06T20:19:50","modified_gmt":"2024-10-06T18:19:50","slug":"rucksack-prime-schulrucksack-dots-pinky","status":"publish","type":"product","link":"https:\/\/9play.de\/shop\/produkt\/rucksack-prime-schulrucksack-dots-pinky\/","title":{"rendered":"Rucksack Prime Schulrucksack &#8222;Dots Pinky&#8220;"},"content":{"rendered":"<p>WAVE Prime Schulrucksack<\/p>\n<p>FUNKTIONALIT\u00c4T:<br \/>&#8211; Cooler Rucksack f\u00fcr die Schule, Reisen oder andere Freizeitaktivit\u00e4ten<br \/>&#8211; Alter: Ab 10 Jahre<br \/>&#8211; Ma\u00dfe: 40 x 27 x 18 cm<br \/>&#8211; Gewicht: ca. 950 g<br \/>&#8211; Volumen: ca. 30 L<br \/>&#8211; Material: Polyester, wasserabweisend<br \/>&#8211; Einfaches Aussehen mit praktischem Design geeignet f\u00fcr schulische und andere Verwendung<br \/>&#8211; Innenf\u00e4cher und Taschen: 3 Hauptf\u00e4cher; 1 Laptopfach; 1 kleine Rei\u00dfverschlusstasche; 2 Seitentaschen; Gurte am Vorderteil f\u00fcr Jacke, 1 Isoliertes Fach f\u00fcr Brotdose, Befestigungsriemen, Schl\u00fcsselanh\u00e4nger<br \/>&#8211; Verschlussart: Rei\u00dfverschluss<br \/>&#8211; Lieferumfang: 1 Rucksack<\/p>\n<p>ERGONOMIE:<br \/>&#8211; Ergonomische Form und atmungsaktive R\u00fcckenpolsterung<br \/>&#8211; Verstellbare Schultergurte, Brustgurt<br \/>&#8211; Gepolstertes R\u00fcckenpanel<\/p>\n<p>DESIGN<br \/>&#8211; Lebendige und bunte Motivdrucke<br \/>&#8211; Einfaches Aussehen mit praktischem Design<br \/>&#8211; Reflektierende Elemente am vorderteil und auf den Schultergurten des Rucksacks<br \/>&#8211; Entworfen &amp; produziert in Europa<\/p>\n<p>Kurzbeschreibung<br \/>&#8211; Schulrucksack mit Laptopfach<br \/>&#8211; Brustgurt \/ Ergonomisches Design<br \/>&#8211; Entworfen und hergestellt in Europa<br \/>&#8211; 3 Hauptf\u00e4cher; 1 Laptopfach; 1 kleine Rei\u00dfverschlusstasche; 2 Seitentaschen; Gurte am Vorderteil f\u00fcr Jacke, 1 Isoliertes Fach f\u00fcr Brotdose, Befestigungsriemen<br \/>&#8211; Ergonomisches Design: atmungsaktives;gepolstertes R\u00fcckenpanel mit stufenlos verstellbaren Schultergurten-Laptopfach, Brustgurt, Frontgurte f\u00fcr Jacke, Isoliertes Fach f\u00fcr Brotdose-Rei\u00dfverschluss<\/p>\n<p>Alter: Ab 10 Jahre<br \/>Ma\u00dfe: 40 x 27 x 18 cm<br \/>Gewicht: ca. 950 g<br \/>Volumen: ca. 30 L<\/p>\n<p>Achtung: Nicht f\u00fcr Kinder unter 36 Monaten geeignet wegen verschluckbarer Kleinteile, Erstickungsgefahr.<br \/>Achtung: Strangulationsgefahr durch lange Seile.<\/p>\n","protected":false},"excerpt":{"rendered":"<p>Rucksack Prime Schulrucksack &#8222;Dots Pinky&#8220;<\/p>\n","protected":false},"featured_media":20007,"comment_status":"closed","ping_status":"open","template":"","meta":[],"product_brand":[],"product_cat":[563],"product_tag":[],"class_list":{"0":"post-20006","1":"product","2":"type-product","3":"status-publish","4":"has-post-thumbnail","6":"product_cat-rucksaecke","8":"first","9":"instock","10":"shipping-taxable","11":"purchasable","12":"product-type-simple"},"_links":{"self":[{"href":"https:\/\/9play.de\/shop\/wp-json\/wp\/v2\/product\/20006","targetHints":{"allow":["GET"]}}],"collection":[{"href":"https:\/\/9play.de\/shop\/wp-json\/wp\/v2\/product"}],"about":[{"href":"https:\/\/9play.de\/shop\/wp-json\/wp\/v2\/types\/product"}],"replies":[{"embeddable":true,"href":"https:\/\/9play.de\/shop\/wp-json\/wp\/v2\/comments?post=20006"}],"wp:featuredmedia":[{"embeddable":true,"href":"https:\/\/9play.de\/shop\/wp-json\/wp\/v2\/media\/20007"}],"wp:attachment":[{"href":"https:\/\/9play.de\/shop\/wp-json\/wp\/v2\/media?parent=20006"}],"wp:term":[{"taxonomy":"product_brand","embeddable":true,"href":"https:\/\/9play.de\/shop\/wp-json\/wp\/v2\/product_brand?post=20006"},{"taxonomy":"product_cat","embeddable":true,"href":"https:\/\/9play.de\/shop\/wp-json\/wp\/v2\/product_cat?post=20006"},{"taxonomy":"product_tag","embeddable":true,"href":"https:\/\/9play.de\/shop\/wp-json\/wp\/v2\/product_tag?post=20006"}],"curies":[{"name":"wp","href":"https:\/\/api.w.org\/{rel}","templated":true}]}}