{"id":20137,"date":"2024-10-06T20:21:18","date_gmt":"2024-10-06T18:21:18","guid":{"rendered":"https:\/\/9play.de\/shop\/produkt\/rucksack-infinity-schulrucksack-set-3-tlg-feathers\/"},"modified":"2024-10-06T20:21:36","modified_gmt":"2024-10-06T18:21:36","slug":"rucksack-infinity-schulrucksack-set-3-tlg-feathers","status":"publish","type":"product","link":"https:\/\/9play.de\/shop\/produkt\/rucksack-infinity-schulrucksack-set-3-tlg-feathers\/","title":{"rendered":"Rucksack Infinity Schulrucksack Set 3 tlg. &#8222;Feathers&#8220;"},"content":{"rendered":"<p>WAVE INFINITY Schulrucksack<\/p>\n<p>SET-1 INFINITY Schulranzen Set-1 enth\u00e4lt:<br \/>&#8211; 1 Schulranzen<br \/>&#8211; 1 Schlamperm\u00e4ppchen (ungef\u00fcllt)<br \/>&#8211; Sporttasche<\/p>\n<p>FUNKTIONALIT\u00c4T:<br \/>&#8211; Superleichtes Schulrucksack-Set f\u00fcr die Schule, auf Reisen oder andere Freizeitaktivit\u00e4ten.<br \/>&#8211; Alter: Ab 10 Jahre<br \/>&#8211; Ma\u00dfe: 43 x 31 x 22 cm<br \/>&#8211; Gewicht: ca. 980-1040 g<br \/>&#8211; Volumen: ca. 30 L<br \/>&#8211; Material: Polyester, wasserabweisend<br \/>&#8211; Einfaches Aussehen mit praktischem Design geeignet f\u00fcr Business- und pers\u00f6nlicher Verwendung<br \/>&#8211; Innenf\u00e4cher und Taschen: 11 F\u00e4cher: 2 gro\u00dfe Hauptf\u00e4cher; 1 gepolstertes Laptop-Einschubfach; 1 kleine Rei\u00dfverschlusstasche; 1 kleine Tasche; 1 Geheimfach am R\u00fcckenpanel; 1 Powerbank-Halter; 1 Brillenfach; 1 vordere Tasche; 2 Seitentaschen; Befestigungsriemen<br \/>&#8211; Verschlussart: Rei\u00dfverschluss<br \/>&#8211; Lieferumfang: 1 Rucksack, 1 Schlamperm\u00e4ppchen (nicht gef\u00fcllt), Sporttasche<br \/>&#8211; Schlamperm\u00e4ppchen: 22 x 10 x 6 cm \/ a.. 100 g<br \/>&#8211; Material: Polyester<br \/>&#8211; Volumen: 1 L<\/p>\n<p>ERGONOMIE:<br \/>&#8211; Ergonomische Form und atmungsaktive R\u00fcckenpolsterung<br \/>&#8211; Verstellbare Schultergurte, Brustgurt und abnehmbarer H\u00fcftgurt; Lagekontrolleriemen<br \/>&#8211; Gepolsterte R\u00fcckenpanel, versteckte Tasche am R\u00fcckenpanel<\/p>\n<p>DESIGN<br \/>&#8211; Lebendige und bunte Motivdrucke<br \/>&#8211; Einfaches Aussehen mit praktischem Design<br \/>&#8211; Entworfen &amp; produziert in Europa<\/p>\n<p>Kurzbeschreibung<br \/>&#8211; Schulrucksack Set 2-tlg. mit Laptopfach und Tabletfach mit passendem Schlamperm\u00e4ppchen<br \/>&#8211; Brustgurt und H\u00fcftgurt \/ Ergonomisches Design<br \/>&#8211; Entworfen und hergestellt in Europa<br \/>&#8211; 2 Hauptf\u00e4cher, Brillenfach, 2 Seitentaschen,1 kleine Rei\u00dfverschlusstasche, 2 elastische Taschen, Geheim-Einsteckfach, Laptop\/ Tabletfach<br \/>&#8211; Ergonomisches Design: atmungsaktives;gepolstertes R\u00fcckenpanel mit stufenlos verstellbaren Schultergurten-Laptop, Tabletfach, Brustgurt, Brillenfach-Rei\u00dfverschluss<\/p>\n<p>Alter: Ab 10 Jahre<br \/>Ma\u00dfe: 43 x 31 x 22 cm<br \/>Gewicht: ca. 980-1040 g<br \/>Volumen: ca. 30 L<\/p>\n<p>Achtung: Nicht f\u00fcr Kinder unter 36 Monaten geeignet wegen verschluckbarer Kleinteile, Erstickungsgefahr.<br \/>Achtung: Strangulationsgefahr durch lange Seile.<\/p>\n<p>&nbsp;<\/p>\n","protected":false},"excerpt":{"rendered":"<p>Rucksack Infinity Schulrucksack Set 3 tlg. &#8222;Feathers&#8220;<\/p>\n","protected":false},"featured_media":20138,"comment_status":"closed","ping_status":"open","template":"","meta":[],"product_brand":[],"product_cat":[563],"product_tag":[],"class_list":{"0":"post-20137","1":"product","2":"type-product","3":"status-publish","4":"has-post-thumbnail","6":"product_cat-rucksaecke","8":"first","9":"instock","10":"shipping-taxable","11":"purchasable","12":"product-type-simple"},"_links":{"self":[{"href":"https:\/\/9play.de\/shop\/wp-json\/wp\/v2\/product\/20137","targetHints":{"allow":["GET"]}}],"collection":[{"href":"https:\/\/9play.de\/shop\/wp-json\/wp\/v2\/product"}],"about":[{"href":"https:\/\/9play.de\/shop\/wp-json\/wp\/v2\/types\/product"}],"replies":[{"embeddable":true,"href":"https:\/\/9play.de\/shop\/wp-json\/wp\/v2\/comments?post=20137"}],"wp:featuredmedia":[{"embeddable":true,"href":"https:\/\/9play.de\/shop\/wp-json\/wp\/v2\/media\/20138"}],"wp:attachment":[{"href":"https:\/\/9play.de\/shop\/wp-json\/wp\/v2\/media?parent=20137"}],"wp:term":[{"taxonomy":"product_brand","embeddable":true,"href":"https:\/\/9play.de\/shop\/wp-json\/wp\/v2\/product_brand?post=20137"},{"taxonomy":"product_cat","embeddable":true,"href":"https:\/\/9play.de\/shop\/wp-json\/wp\/v2\/product_cat?post=20137"},{"taxonomy":"product_tag","embeddable":true,"href":"https:\/\/9play.de\/shop\/wp-json\/wp\/v2\/product_tag?post=20137"}],"curies":[{"name":"wp","href":"https:\/\/api.w.org\/{rel}","templated":true}]}}