{"id":20296,"date":"2024-10-06T20:23:32","date_gmt":"2024-10-06T18:23:32","guid":{"rendered":"https:\/\/9play.de\/shop\/produkt\/schlamperbox-fuer-kinder-federtasche-stripes-purple-federmappe\/"},"modified":"2024-10-06T20:23:37","modified_gmt":"2024-10-06T18:23:37","slug":"schlamperbox-fuer-kinder-federtasche-stripes-purple-federmappe","status":"publish","type":"product","link":"https:\/\/9play.de\/shop\/produkt\/schlamperbox-fuer-kinder-federtasche-stripes-purple-federmappe\/","title":{"rendered":"Schlamperbox f\u00fcr Kinder Federtasche &#8222;Stripes Purple&#8220; Federmappe"},"content":{"rendered":"<p>WAVE Schlamperbox<\/p>\n<p>FUNKTIONALIT\u00c4T:<br \/>&#8211; F\u00fcr die Schule geeignet<br \/>&#8211; Alter: 5 &#8211; 18 Jahre<br \/>&#8211; Rei\u00dfverschluss, elastische Gummib\u00e4nder f\u00fcr Stifte<br \/>&#8211; Made in Europe<br \/>&#8211; Das Set besteht aus: 1 Schlamperbox<\/p>\n<p>DESIGN<br \/>&#8211; Designs die zu den Schulrucksacken der Wave Kollektion passen<br \/>&#8211; Entworfen &amp; produziert in Europa<\/p>\n<p>Kurzbeschreibung<br \/>&#8211; F\u00fcr die Schule geeignet<br \/>&#8211; Entworfen und hergestellt in Europa<\/p>\n<p>Alter: 5 &#8211; 18 Jahre<br \/>Gr\u00f6\u00dfe: 6 x 23 x 9 cm<br \/>Gewicht: ca. 120 g<br \/>Material: Polyester<\/p>\n<p>Achtung: Nicht f\u00fcr Kinder unter 36 Monaten geeignet wegen verschluckbarer Kleinteile, Erstickungsgefahr.<br \/>Achtung: Strangulationsgefahr durch lange Seile.<\/p>\n","protected":false},"excerpt":{"rendered":"<p>Rucksack Schlamperbox &#8222;Stripes Purple&#8220;<\/p>\n","protected":false},"featured_media":20297,"comment_status":"closed","ping_status":"open","template":"","meta":[],"product_brand":[],"product_cat":[510],"product_tag":[],"class_list":{"0":"post-20296","1":"product","2":"type-product","3":"status-publish","4":"has-post-thumbnail","6":"product_cat-federtaschen","8":"first","9":"instock","10":"shipping-taxable","11":"purchasable","12":"product-type-simple"},"_links":{"self":[{"href":"https:\/\/9play.de\/shop\/wp-json\/wp\/v2\/product\/20296","targetHints":{"allow":["GET"]}}],"collection":[{"href":"https:\/\/9play.de\/shop\/wp-json\/wp\/v2\/product"}],"about":[{"href":"https:\/\/9play.de\/shop\/wp-json\/wp\/v2\/types\/product"}],"replies":[{"embeddable":true,"href":"https:\/\/9play.de\/shop\/wp-json\/wp\/v2\/comments?post=20296"}],"wp:featuredmedia":[{"embeddable":true,"href":"https:\/\/9play.de\/shop\/wp-json\/wp\/v2\/media\/20297"}],"wp:attachment":[{"href":"https:\/\/9play.de\/shop\/wp-json\/wp\/v2\/media?parent=20296"}],"wp:term":[{"taxonomy":"product_brand","embeddable":true,"href":"https:\/\/9play.de\/shop\/wp-json\/wp\/v2\/product_brand?post=20296"},{"taxonomy":"product_cat","embeddable":true,"href":"https:\/\/9play.de\/shop\/wp-json\/wp\/v2\/product_cat?post=20296"},{"taxonomy":"product_tag","embeddable":true,"href":"https:\/\/9play.de\/shop\/wp-json\/wp\/v2\/product_tag?post=20296"}],"curies":[{"name":"wp","href":"https:\/\/api.w.org\/{rel}","templated":true}]}}