{"id":20512,"date":"2024-10-06T20:26:10","date_gmt":"2024-10-06T18:26:10","guid":{"rendered":"https:\/\/9play.de\/shop\/produkt\/kindergartenrucksack-little-sloth-fuer-1-3-jaehrige-kinder-rucksack\/"},"modified":"2024-10-06T20:26:18","modified_gmt":"2024-10-06T18:26:18","slug":"kindergartenrucksack-little-sloth-fuer-1-3-jaehrige-kinder-rucksack","status":"publish","type":"product","link":"https:\/\/9play.de\/shop\/produkt\/kindergartenrucksack-little-sloth-fuer-1-3-jaehrige-kinder-rucksack\/","title":{"rendered":"Kindergartenrucksack &#8222;Little Sloth&#8220; f\u00fcr 1-3 J\u00e4hrige Kinder Rucksack"},"content":{"rendered":"<p>Mini Kiddy Kindergarten Rucksack f\u00fcr 1-3 Jahren &#8222;Mini Kiddy&#8220; wurde konzipiert als perfekter Begleiter f\u00fcr Kinder von 1-3 Jahren, egal ob im t\u00e4glichen Alltag oder auf Reisen.<br \/>Hergestellt aus leichten, dennoch robusten und wasserfesten Materialien wiegt er gerade mal ca. 270-290 g.<br \/>Hergestellt mit robusten Rei\u00dfverschl\u00fcssen, die sich auch von kleinen Kinderh\u00e4nden leicht \u00f6ffnen und schlie\u00dfen lassen.<br \/>Der Haltegriff ist ausreichend, damit auch Eltern diesen kleinen Rucksack problemlos tragen k\u00f6nnen.<br \/>Sie k\u00f6nnen den \u201eMini Kiddy\u201c ohne Probleme in der Waschmaschine waschen.<\/p>\n<p>FUNKTIONALIT\u00c4T:<br \/>&#8211; Belmil &#8222;Mini Kiddy&#8220; Kinderrucksack: Idealer Begleiter f\u00fcr Kindergarten, Reisen, Freizeit.<br \/>&#8211; Platz f\u00fcr ein Pl\u00fcschtier\/ Lieblingsspielzeug und eine kleine Decke.<br \/>&#8211; Vordertasche erweiterbar (+6 cm)<br \/>&#8211; Elastischer Kordelzug zur Aufbewahrung z. B. einer Jacke<br \/>&#8211; Gedrucktes Namenschild<\/p>\n<p>HALTBARKEIT: &#8211; Verst\u00e4rkung an allen Seiten<br \/>&#8211; Hergestellt mit robusten Rei\u00dfverschl\u00fcssen, die sich auch von kleinen Kinderh\u00e4nden leicht \u00f6ffnen und schlie\u00dfen lassen.<br \/>&#8211; Hergestellt aus wasserdichtem Polyesterstoffen<\/p>\n<p>INNENF\u00c4CHER:<br \/>&#8211; Dieses Fach ist erweiterbar um ca. 6 cm.<br \/>&#8211; Die elastischen B\u00e4nder an der Vorderseite k\u00f6nnen genutzt werden, um die Jacke zu tragen, das ist vor allem sinnvoll bei dem Reisen.<br \/>&#8211; Das gro\u00dfe Innenfach bietet ausreichend Platz f\u00fcr Kuscheltiere, eine kleine Schmusedecke oder Kleidung.<br \/>&#8211; Die Tasche an der Vorderseite ist ideal, um eine Pausenbox oder ein Federm\u00e4ppchen zu verstauen.<br \/>&#8211; Seitentaschen bieten Platz f\u00fcr eine Getr\u00e4nkeflasche (0,5 l) und einen kleinen Regenschirm.<\/p>\n<p>KOMFORT:<br \/>&#8211; Die R\u00fcckseite wurde mit Schaumstoff gestaltet, f\u00fcr ein angenehmeres Tragegef\u00fchl.<br \/>&#8211; Brustgurt f\u00fcr mehr Stabilit\u00e4t<br \/>&#8211; Die gepolsterten Schultergurte lassen sich leicht verstellen, somit kann der Rucksack an das Kindergartenkind angepasst werden.<\/p>\n<p>SICHERHEIT:<br \/>&#8211; Reflektierende Elemente an der Vorder- und R\u00fcckseite positioniert sorgen f\u00fcr eine h\u00f6here Sichtbarkeit im Dunkeln.<\/p>\n<p>DESIGN:<br \/>&#8211; Lebendige und bunte Motive<br \/>&#8211; Entworfen und hergestellt in Europa<br \/>&#8211; Gepolsterte Schultergurte und Brustgurt \/ Ausreichend Platz f\u00fcr das Lieblingskuscheltier<br \/>&#8211; Elastischer Kordelzug zur Aufbewahrung einer Jacke \/ Beschreibbares Namensschild auf R\u00fcckseite<\/p>\n<p>Empfohlenes Alter: 1-3<br \/>Ma\u00dfe: 23 x 20 x 9+6 cm<br \/>Gewicht: 270-290 g<br \/>Material: Wasserdichter Polyester<br \/>Volumen: 6,5 L<br \/>Entworfen und hergestellt in Europa<\/p>\n<p>Achtung: Nicht f\u00fcr Kinder unter 36 Monaten geeignet wegen verschluckbarer Kleinteile, Erstickungsgefahr.<br \/>Achtung: Strangulationsgefahr durch lange Seile.<\/p>\n","protected":false},"excerpt":{"rendered":"<p>Belmil Mini Kiddy Kindergartenrucksack &#8222;Little Sloth&#8220; f\u00fcr 1-3 J\u00e4hrige Kinder mit Brustgurt<\/p>\n","protected":false},"featured_media":20513,"comment_status":"closed","ping_status":"open","template":"","meta":[],"product_brand":[],"product_cat":[563],"product_tag":[],"class_list":{"0":"post-20512","1":"product","2":"type-product","3":"status-publish","4":"has-post-thumbnail","6":"product_cat-rucksaecke","8":"first","9":"instock","10":"shipping-taxable","11":"purchasable","12":"product-type-simple"},"_links":{"self":[{"href":"https:\/\/9play.de\/shop\/wp-json\/wp\/v2\/product\/20512","targetHints":{"allow":["GET"]}}],"collection":[{"href":"https:\/\/9play.de\/shop\/wp-json\/wp\/v2\/product"}],"about":[{"href":"https:\/\/9play.de\/shop\/wp-json\/wp\/v2\/types\/product"}],"replies":[{"embeddable":true,"href":"https:\/\/9play.de\/shop\/wp-json\/wp\/v2\/comments?post=20512"}],"wp:featuredmedia":[{"embeddable":true,"href":"https:\/\/9play.de\/shop\/wp-json\/wp\/v2\/media\/20513"}],"wp:attachment":[{"href":"https:\/\/9play.de\/shop\/wp-json\/wp\/v2\/media?parent=20512"}],"wp:term":[{"taxonomy":"product_brand","embeddable":true,"href":"https:\/\/9play.de\/shop\/wp-json\/wp\/v2\/product_brand?post=20512"},{"taxonomy":"product_cat","embeddable":true,"href":"https:\/\/9play.de\/shop\/wp-json\/wp\/v2\/product_cat?post=20512"},{"taxonomy":"product_tag","embeddable":true,"href":"https:\/\/9play.de\/shop\/wp-json\/wp\/v2\/product_tag?post=20512"}],"curies":[{"name":"wp","href":"https:\/\/api.w.org\/{rel}","templated":true}]}}