{"id":20695,"date":"2024-10-06T20:28:17","date_gmt":"2024-10-06T18:28:17","guid":{"rendered":"https:\/\/9play.de\/shop\/produkt\/kiddy-sporty-kindergartenrucksack-funride-3-6-jaehrige-kinder-rucksack\/"},"modified":"2024-10-06T20:28:39","modified_gmt":"2024-10-06T18:28:39","slug":"kiddy-sporty-kindergartenrucksack-funride-3-6-jaehrige-kinder-rucksack","status":"publish","type":"product","link":"https:\/\/9play.de\/shop\/produkt\/kiddy-sporty-kindergartenrucksack-funride-3-6-jaehrige-kinder-rucksack\/","title":{"rendered":"Kiddy Sporty Kindergartenrucksack Funride 3-6 J\u00e4hrige Kinder Rucksack"},"content":{"rendered":"<p>Kiddy Sporty Kindergarten Rucksack f\u00fcr 3-6 Jahren<br \/>&#8222;Kiddy Sporty&#8220; wurde entworfen, um der perfekte Begleiter f\u00fcr Vorschulkinder im Kindergarten, Outdoor Aktivit\u00e4ten und f\u00fcr Reisen zu sein.<br \/>Er wurde hergestellt aus leichten aber robusten und wasserabweisenden Materialien, dabei wiegt er nur ca. 390 g.<br \/>Diese Tasche kann in der Waschmaschine gewaschen werden.<br \/>Ein Handgriff, gro\u00df genug, dass auch Eltern diesen Rucksack angenehm tragen und halten k\u00f6nnen.<\/p>\n<p>FUNKTIONALIT\u00c4T:<br \/>&#8211; Der ideale Rucksack f\u00fcr Kinder ab 3 Jahren<br \/>&#8211; Egal ob auf Reisen oder f\u00fcr den Kindergarten, Belmil Kiddy Sporty ist eine gute Wahl<br \/>&#8211; Ausreichend Platz f\u00fcr Spielsachen und Gegenst\u00e4nde in A4 Gr\u00f6\u00dfe, kleine Decken und \/oder eine Pausenbrotbox<br \/>&#8211; Dank dem verstellbaren Brustgurt verrutscht der Rucksack nicht auf dem Kinderr\u00fccken<br \/>&#8211; Versteckte Tasche mit Rei\u00dfverschluss am Deckel f\u00fcr kleinere Gegenst\u00e4nde<\/p>\n<p>KOMFORT:<br \/>&#8211; Ergonomische Form und atmungsaktive R\u00fcckenpolsterung<br \/>&#8211; Brustgurt f\u00fcr optimale Lastverteilung<br \/>&#8211; Entworfen mit zus\u00e4tzlichem Schaum f\u00fcr angenehmen Tragekomfort<br \/>&#8211; Verstellbare Schultergurte und Brustgurt &#8211; Gepolstertes R\u00fcckenpanel, versteckte Tasche am R\u00fcckenpanel INNENF\u00c4CHER: &#8211; Zwei Seitentaschen k\u00f6nnen eine Wasserflasche (bis 0,5 l) und einen kleinen Regenschirm halten. &#8211; Zwei Innenf\u00e4cher f\u00fcr Hefte, Federmappe und Kuscheltiere<br \/>&#8211; In die Vordertasche passen kleinere Gegenst\u00e4nde<br \/>&#8211; An der Innenseite des Deckels ist ein Namensschild eingen\u00e4ht<\/p>\n<p>SICHERHEIT:<br \/>&#8211; Die reflektierenden Elemente verbessern die Sichtbarkeit des Kindes bei Dunkelheit<\/p>\n<p>DESIGN:<br \/>&#8211; Lebendige und bunte Motive<br \/>&#8211; Mit Patches oder gedruckten Motiven verziert<br \/>&#8211; Geeignet f\u00fcr A4 Gegenst\u00e4nde<br \/>&#8211; Entworfen und hergestellt in Europa<br \/>&#8211; Rucksack als Begleiter f\u00fcr den Kindergarten oder auf Reisen<br \/>&#8211; Gepolstertes R\u00fcckenpanel und verstellbare Schultergurte mit Brustgurt und Namensschild<\/p>\n<p>Lieferumfang: &#8211; Kinderrucksack &#8211; Patch Set (2 St\u00fcck)<br \/>Empfohlenes Alter: 3-6<br \/>Ma\u00dfe: 36 x 27 x 15 cm<br \/>Gewicht: 390 g<br \/>Material: Wasserdichter Polyester<br \/>Volumen: 13 L<\/p>\n<p>Achtung: Nicht f\u00fcr Kinder unter 36 Monaten geeignet wegen verschluckbarer Kleinteile, Erstickungsgefahr.<br \/>Achtung: Strangulationsgefahr durch lange Seile.<\/p>\n","protected":false},"excerpt":{"rendered":"<p>Belmil Kiddy Sporty Kindergartenrucksack &#8222;Funride&#8220; f\u00fcr 3-6 J\u00e4hrige Kinder mit Brustgurt<\/p>\n","protected":false},"featured_media":20696,"comment_status":"closed","ping_status":"open","template":"","meta":[],"product_brand":[],"product_cat":[563],"product_tag":[],"class_list":{"0":"post-20695","1":"product","2":"type-product","3":"status-publish","4":"has-post-thumbnail","6":"product_cat-rucksaecke","8":"first","9":"instock","10":"shipping-taxable","11":"purchasable","12":"product-type-simple"},"_links":{"self":[{"href":"https:\/\/9play.de\/shop\/wp-json\/wp\/v2\/product\/20695","targetHints":{"allow":["GET"]}}],"collection":[{"href":"https:\/\/9play.de\/shop\/wp-json\/wp\/v2\/product"}],"about":[{"href":"https:\/\/9play.de\/shop\/wp-json\/wp\/v2\/types\/product"}],"replies":[{"embeddable":true,"href":"https:\/\/9play.de\/shop\/wp-json\/wp\/v2\/comments?post=20695"}],"wp:featuredmedia":[{"embeddable":true,"href":"https:\/\/9play.de\/shop\/wp-json\/wp\/v2\/media\/20696"}],"wp:attachment":[{"href":"https:\/\/9play.de\/shop\/wp-json\/wp\/v2\/media?parent=20695"}],"wp:term":[{"taxonomy":"product_brand","embeddable":true,"href":"https:\/\/9play.de\/shop\/wp-json\/wp\/v2\/product_brand?post=20695"},{"taxonomy":"product_cat","embeddable":true,"href":"https:\/\/9play.de\/shop\/wp-json\/wp\/v2\/product_cat?post=20695"},{"taxonomy":"product_tag","embeddable":true,"href":"https:\/\/9play.de\/shop\/wp-json\/wp\/v2\/product_tag?post=20695"}],"curies":[{"name":"wp","href":"https:\/\/api.w.org\/{rel}","templated":true}]}}