{"id":20734,"date":"2024-10-06T20:28:48","date_gmt":"2024-10-06T18:28:48","guid":{"rendered":"https:\/\/9play.de\/shop\/produkt\/rucksack-smarty-plus-premium-schulranzen-set-5-t-glacier-blue-tasche\/"},"modified":"2024-10-06T20:29:12","modified_gmt":"2024-10-06T18:29:12","slug":"rucksack-smarty-plus-premium-schulranzen-set-5-t-glacier-blue-tasche","status":"publish","type":"product","link":"https:\/\/9play.de\/shop\/produkt\/rucksack-smarty-plus-premium-schulranzen-set-5-t-glacier-blue-tasche\/","title":{"rendered":"Rucksack Smarty Plus Premium Schulranzen Set 5-t. Glacier Blue Tasche"},"content":{"rendered":"<p><strong>Schulranzen Set 5-teilig:<\/strong><br \/>&#8211; Ergonomische Schulranzen<br \/>&#8211; Federtasche gef\u00fcllt mit STAEDTLER Stiften<br \/>&#8211; Wechselbare Patchies (6 Stck.)<br \/>&#8211; Federm\u00e4ppchen<br \/>&#8211; Turnbeutel<br \/>&#8211; Schl\u00fcsselanh\u00e4nger<br \/>&#8211; Stundenplan<br \/><strong>Eigenschaften:<\/strong><br \/>&#8211; h\u00f6henverstellbares R\u00fcckensystem, abnehmbarer Brustgurt, abnehmbarer H\u00fcftgurt, DIN A4 geeignet<br \/><strong>Verschluss:<\/strong><br \/>&#8211; \u00d6ffnen und Schlie\u00dfen der Schultasche funktioniert ganz leicht \u00fcber einen Fidlock Magnetverschluss<br \/><strong>2 Haltegriffe:<\/strong><br \/>&#8211; Ein Griff ist mit Gummi \u00fcberzogen, damit auch Kinder die Tasche leicht und bequem in den H\u00e4nden halten k\u00f6nnen und der zweite Griff dient dazu, die Tasche im Klassenzimmer aufzuh\u00e4ngen.<br \/><strong>Gro\u00dfe Vortasche:<\/strong>&nbsp;<br \/>&#8211; praktisch aufgeteilte F\u00e4cher, die den Kindern helfen, ihre Schulsachen besser zu organisieren, elastische Seitentaschen (bis zu 0,7 l) und ein extra Halter mit Kordelzug&nbsp;<br \/><strong>Ergonomie:<\/strong><br \/>&#8211; Ergonomisches Design und atmungsaktive R\u00fcckenpolsterung<br \/>&#8211; Gut gepolsterte, S-f\u00f6rmige und verstellbare Schultergurte<br \/>&#8211; H\u00f6henverstellbares System mit f\u00fcnf Einstellungen versehen: (S\u2013M-L\u2013XL-XXL)<br \/>&#8211; Ein Beckengurt\/H\u00fcftgurt mit weich gepolsterten Beckenflossen sowie ein l\u00e4ngen- und h\u00f6henverstellbarer Brustgurt fixieren den Schulrucksack sicher am K\u00f6rper<br \/>-\u201eGepr\u00fcft &amp; empfohlen\u201c von der Aktion Gesunder R\u00fccken e.V., AGR<br \/><strong>Dauerhaftigkeit:<\/strong><br \/>&#8211; Verst\u00e4rkungen an allen Seiten und ein starker Bodenteil erh\u00f6hen die Stabilit\u00e4t und Haltbarkeit<br \/><strong>Design:<\/strong><br \/>&#8211; \u201cSmarty Plus\u201d wird entweder mit einem austauschbaren Patch-Set aus 6 Patchies oder mit detaillierter Stickerei geliefert<br \/>&#8211; Einzigartige, bunte Motive \/ Detaillierte Stickerei und Bearbeitung<br \/>&#8211; Entworfen und hergestellt in Europa<br \/><strong>Sicherheit:<\/strong><br \/>&#8211; Reflektierende Elemente an allen Seiten, an der Fronttasche und an den Schultergurten<\/p>\n<p>Lieferumfang: 1 Schulranzen; 1 Federtasche gef\u00fcllt mit STAEDTLER Produkten ; 1 Federm\u00e4ppchen; 1 Turnbeutel; 1 Schl\u00fcsselanh\u00e4nger; 6 Stck. Patchies<br \/>Funktionalit\u00e4t: Schulranzen geeignet f\u00fcr die Grundsch\u00fcler und -sch\u00fclerinnen<br \/>Altersempfehlung: 7 &#8211; 10 Jahre<br \/>Gr\u00f6\u00dfe: 40 x 29 x 21 cm<br \/>Volumen: 20L<br \/>Gewicht: zirka 1100-1200 g<br \/>Material: Polyester, synthetisches Material<\/p>\n<p>Achtung: Nicht f\u00fcr Kinder unter 36 Monaten geeignet wegen verschluckbarer Kleinteile, Erstickungsgefahr.<br \/>Achtung: Strangulationsgefahr durch lange Seile.<\/p>\n","protected":false},"excerpt":{"rendered":"<p>Reflektierende Elemente an allen Seiten, an der Fronttasche und an den Schultergurten<\/p>\n","protected":false},"featured_media":20735,"comment_status":"closed","ping_status":"open","template":"","meta":[],"product_brand":[],"product_cat":[562],"product_tag":[],"class_list":{"0":"post-20734","1":"product","2":"type-product","3":"status-publish","4":"has-post-thumbnail","6":"product_cat-jungen","8":"first","9":"instock","10":"shipping-taxable","11":"purchasable","12":"product-type-simple"},"_links":{"self":[{"href":"https:\/\/9play.de\/shop\/wp-json\/wp\/v2\/product\/20734","targetHints":{"allow":["GET"]}}],"collection":[{"href":"https:\/\/9play.de\/shop\/wp-json\/wp\/v2\/product"}],"about":[{"href":"https:\/\/9play.de\/shop\/wp-json\/wp\/v2\/types\/product"}],"replies":[{"embeddable":true,"href":"https:\/\/9play.de\/shop\/wp-json\/wp\/v2\/comments?post=20734"}],"wp:featuredmedia":[{"embeddable":true,"href":"https:\/\/9play.de\/shop\/wp-json\/wp\/v2\/media\/20735"}],"wp:attachment":[{"href":"https:\/\/9play.de\/shop\/wp-json\/wp\/v2\/media?parent=20734"}],"wp:term":[{"taxonomy":"product_brand","embeddable":true,"href":"https:\/\/9play.de\/shop\/wp-json\/wp\/v2\/product_brand?post=20734"},{"taxonomy":"product_cat","embeddable":true,"href":"https:\/\/9play.de\/shop\/wp-json\/wp\/v2\/product_cat?post=20734"},{"taxonomy":"product_tag","embeddable":true,"href":"https:\/\/9play.de\/shop\/wp-json\/wp\/v2\/product_tag?post=20734"}],"curies":[{"name":"wp","href":"https:\/\/api.w.org\/{rel}","templated":true}]}}