{"id":20923,"date":"2024-10-06T20:31:37","date_gmt":"2024-10-06T18:31:37","guid":{"rendered":"https:\/\/9play.de\/shop\/produkt\/rucksack-comfy-plus-premium-schulranzen-set-5-teilig-mint-federtasche\/"},"modified":"2024-10-06T20:31:52","modified_gmt":"2024-10-06T18:31:52","slug":"rucksack-comfy-plus-premium-schulranzen-set-5-teilig-mint-federtasche","status":"publish","type":"product","link":"https:\/\/9play.de\/shop\/produkt\/rucksack-comfy-plus-premium-schulranzen-set-5-teilig-mint-federtasche\/","title":{"rendered":"Rucksack Comfy Plus Premium Schulranzen Set 5-teilig Mint Federtasche"},"content":{"rendered":"<p>Altersempfehlung: 7 &#8211; 10 Jahre, geeignet f\u00fcr die Grundsch\u00fcler und -sch\u00fclerinnen<\/p>\n<p><strong>Schulranzen Set 5-teilig:<\/strong><br \/>&#8211; Ergonomischer Schulranzen<br \/>&#8211; Federtasche gef\u00fcllt mit STAEDTLER Stiften<br \/>&#8211; Wechselbare Patchies (6 Stck.)<br \/>&#8211; Federm\u00e4ppchen<br \/>&#8211; Turnbeutel<br \/>&#8211; Schl\u00fcsselanh\u00e4nger<br \/>&#8211; Stundenplan<br \/><strong>Eigenschaften:<\/strong><br \/>&#8211; h\u00f6henverstellbares R\u00fcckensystem, abnehmbarer Brustgurt, abnehmbarer H\u00fcftgurt, DIN A4 geeignet, gewebtes Namensschild, Laptopfach<br \/><strong>Verschlussart:<\/strong><br \/>&#8211; Reflektierender \u201ePush\u201c-Mangetverschluss<br \/>&#8211; Haltegriff f\u00fcr leichtes und angenehmes Tragen<br \/>&#8211; Gro\u00dfe Vortasche, praktisch aufgeteilte F\u00e4cher, die den Kindern helfen, ihre Schulsachen besser zu organisieren, elastische Seitentaschen (bis zu 0,7 l) und ein extra Halter mit Kordelzug<br \/><strong>Ergonomie:<\/strong><br \/>&#8211; Ergonomisches Design und atmungsaktive R\u00fcckenpolsterung<br \/>&#8211; Gut gepolsterte und verstellbare Schultergurte<br \/>&#8211; H\u00f6henverstellbares System mit f\u00fcnf Einstellungen versehen: (S\u2013M-L\u2013XL-XXL)<br \/>&#8211; Ein Beckengurt\/H\u00fcftgurt mit weich gepolsterten Beckenflossen sowie ein l\u00e4ngen- und h\u00f6henverstellbarer Brustgurt fixieren den Schulrucksack sicher am K\u00f6rper<br \/>&#8211; \u201eGepr\u00fcft &amp; empfohlen\u201c von der Aktion Gesunder R\u00fccken e.V., AGR<br \/><strong>Dauerhaftigkeit:<\/strong><br \/>&#8211; Verst\u00e4rkungen an allen Seiten und ein starker Bodenteil erh\u00f6hen die Stabilit\u00e4t und Haltbarkeit<br \/><strong>Design:<\/strong><br \/>&#8211; \u201cComfy Plus\u201d wird entweder mit einem austauschbaren Patch-Set aus 6 Patchies oder mit detaillierter Stickerei geliefert<br \/>&#8211; Einzigartige, bunte Motive \/ Detaillierte Stickerei und Bearbeitung<br \/>&#8211; Entworfen und hergestellt in Europa<br \/><strong>Sicherheit:<\/strong><br \/>&#8211; Reflektierende Elemente an allen Seiten, an der Fronttasche, am Magnetverschluss und an den Schultergurten<\/p>\n<p>Lieferumfang: 1 Schulranzen; 1 Federtasche gef\u00fcllt mit STAEDTLER Produkten; 1 Federm\u00e4ppchen; 1 Turnbeutel 1 Stundenplan; 1 Schl\u00fcsselanh\u00e4nger; 6 Stck. Patchies<br \/>Funktionalit\u00e4t: Schulranzen geeignet f\u00fcr die Grundsch\u00fcler und -sch\u00fclerinnen<br \/>Altersempfehlung: 7 &#8211; 10 Jahre&nbsp;<br \/>Gr\u00f6\u00dfe: 36 x 27 x 19 cm<br \/>Volumen: 16 L \/<br \/>Gewicht: zirka 950-1020 g<br \/>Material: Polyester, synthetisches Material<\/p>\n<p>Achtung: Nicht f\u00fcr Kinder unter 36 Monaten geeignet wegen verschluckbarer Kleinteile, Erstickungsgefahr.<br \/>Achtung: Strangulationsgefahr durch lange Seile.<\/p>\n","protected":false},"excerpt":{"rendered":"<p>Reflektierende Elemente an allen Seiten, an der Fronttasche, am Magnetverschluss und an den Schultergurten<\/p>\n","protected":false},"featured_media":20924,"comment_status":"closed","ping_status":"open","template":"","meta":[],"product_brand":[],"product_cat":[561],"product_tag":[],"class_list":{"0":"post-20923","1":"product","2":"type-product","3":"status-publish","4":"has-post-thumbnail","6":"product_cat-maedchen","8":"first","9":"instock","10":"shipping-taxable","11":"purchasable","12":"product-type-simple"},"_links":{"self":[{"href":"https:\/\/9play.de\/shop\/wp-json\/wp\/v2\/product\/20923","targetHints":{"allow":["GET"]}}],"collection":[{"href":"https:\/\/9play.de\/shop\/wp-json\/wp\/v2\/product"}],"about":[{"href":"https:\/\/9play.de\/shop\/wp-json\/wp\/v2\/types\/product"}],"replies":[{"embeddable":true,"href":"https:\/\/9play.de\/shop\/wp-json\/wp\/v2\/comments?post=20923"}],"wp:featuredmedia":[{"embeddable":true,"href":"https:\/\/9play.de\/shop\/wp-json\/wp\/v2\/media\/20924"}],"wp:attachment":[{"href":"https:\/\/9play.de\/shop\/wp-json\/wp\/v2\/media?parent=20923"}],"wp:term":[{"taxonomy":"product_brand","embeddable":true,"href":"https:\/\/9play.de\/shop\/wp-json\/wp\/v2\/product_brand?post=20923"},{"taxonomy":"product_cat","embeddable":true,"href":"https:\/\/9play.de\/shop\/wp-json\/wp\/v2\/product_cat?post=20923"},{"taxonomy":"product_tag","embeddable":true,"href":"https:\/\/9play.de\/shop\/wp-json\/wp\/v2\/product_tag?post=20923"}],"curies":[{"name":"wp","href":"https:\/\/api.w.org\/{rel}","templated":true}]}}