{"id":21033,"date":"2024-10-06T20:32:56","date_gmt":"2024-10-06T18:32:56","guid":{"rendered":"https:\/\/9play.de\/shop\/produkt\/2-in-1-schultasche-guerteltasche-2-teilig-ranzen-navy-blue-rucksack\/"},"modified":"2024-10-06T20:33:21","modified_gmt":"2024-10-06T18:33:21","slug":"2-in-1-schultasche-guerteltasche-2-teilig-ranzen-navy-blue-rucksack","status":"publish","type":"product","link":"https:\/\/9play.de\/shop\/produkt\/2-in-1-schultasche-guerteltasche-2-teilig-ranzen-navy-blue-rucksack\/","title":{"rendered":"2-IN-1 Schultasche &#038; G\u00fcrteltasche 2-teilig Ranzen Navy Blue Rucksack"},"content":{"rendered":"<p><strong>Premium 2-IN-1 Schultasche &amp; G\u00fcrteltasche:<\/strong><br \/>&#8211; Ergonomische Schultasche &amp; eine G\u00fcrteltasche<br \/>&#8211; abnehmbare G\u00fcrteltasche mit magnetischen Fidlock Sicherheitskn\u00f6pfen<\/p>\n<p><strong>Funktionalit\u00e4t<\/strong>:<br \/>&#8211; F\u00fcr Schule und f\u00fcr Freizeitaktivit\u00e4ten geeignet<br \/>&#8211; verstellbarer und abnehmbarer Brustgurt, abnehmbarer H\u00fcftgurt, DIN A4 geeignet, gewebtes Namensschild, Laptopfach 39.1 cm<br \/>&#8211; Hochwertige Rei\u00dfverschl\u00fcsse und Rei\u00dfverschlussschieber<br \/>&#8211; Haltegriff f\u00fcr leichtes und angenehmes Tragen<br \/>&#8211; Ger\u00e4umige Vordertasche, gepolsterter Laptophalter (39.1 cm), abnehmbare G\u00fcrteltasche<\/p>\n<p><strong>Ergonomie<\/strong>:<br \/>&#8211; Ergonomisches Design und atmungsaktive R\u00fcckenpolsterung<br \/>&#8211; Gut gepolsterte und verstellbare Schultergurte<br \/>&#8211; H\u00f6henverstellbares System mit f\u00fcnf Einstellungen versehen: (S\u2013M-L\u2013XL-XXL)<br \/>&#8211; Ein Beckengurt\/H\u00fcftgurt mit weich gepolsterten Beckenflossen sowie ein l\u00e4ngen- und h\u00f6henverstellbarer Brustgurt fixieren den Schulrucksack sicher am K\u00f6rper<br \/>-\u201eGepr\u00fcft &amp; empfohlen\u201c von der Aktion Gesunder R\u00fccken e.V., AGR<\/p>\n<p><strong>Dauerhaftigkeit<\/strong>:<br \/>&#8211; Verst\u00e4rkungen an allen Seiten und ein starker Bodenteil erh\u00f6hen die Stabilit\u00e4t und Haltbarkeit Design<br \/>-\u201c2-IN-1 Backpack &amp; Fanny Pack\u201d wird mit detaillierter Stickerei geliefert<br \/>&#8211; Einzigartige, bunte Motive \/ Detaillierte Stickerei und Bearbeitung<br \/>&#8211; Entworfen und hergestellt in Europa<\/p>\n<p><strong>Sicherheit <\/strong><br \/>&#8211; abnehmbare G\u00fcrteltasche mit magnetischen Fidlock Sicherheitskn\u00f6pfen<\/p>\n<p><strong>\u00dcber das Produkt<\/strong>:<br \/>&#8211; 2-teiliges Rucksack-Set f\u00fcr M\u00e4dchen \/ Jungen, f\u00fcr Schule und f\u00fcr Freizeitaktivit\u00e4ten geeignet<\/p>\n<p><strong>Eigenschaften<\/strong>:<br \/>&#8211; h\u00f6henverstellbares R\u00fcckensystem, abnehmbarer Brustgurt, abnehmbarer H\u00fcftgurt<br \/>-\u201eGepr\u00fcft &amp; empfohlen\u201c von der Aktion Gesunder R\u00fccken e.V., AGR<br \/>&#8211; Hochwertige Rei\u00dfverschl\u00fcsse und Rei\u00dfverschlussschieber<\/p>\n<p>Alter: 6 &#8211; 10 Jahre<br \/>Gr\u00f6\u00dfe: 45 x 28 x 20 cm<br \/>Volumen: 20 L<br \/>Gewicht: zirka 1080-1200 g<br \/>Material: Polyester, synthetisches Material<br \/>Das Set besteht aus: 1 Schultasche; 1 abnehmbare G\u00fcrteltasche<\/p>\n<p>Achtung: Nicht f\u00fcr Kinder unter 36 Monaten geeignet wegen verschluckbarer Kleinteile, Erstickungsgefahr.<br \/>Achtung: Strangulationsgefahr durch lange Seile.<\/p>\n","protected":false},"excerpt":{"rendered":"<p>2-IN-1 Schultasche &#038; G\u00fcrteltasche 2-teilig Navy Blue<\/p>\n","protected":false},"featured_media":21034,"comment_status":"closed","ping_status":"open","template":"","meta":[],"product_brand":[],"product_cat":[566],"product_tag":[],"class_list":{"0":"post-21033","1":"product","2":"type-product","3":"status-publish","4":"has-post-thumbnail","6":"product_cat-schulranzen","8":"first","9":"instock","10":"shipping-taxable","11":"purchasable","12":"product-type-simple"},"_links":{"self":[{"href":"https:\/\/9play.de\/shop\/wp-json\/wp\/v2\/product\/21033","targetHints":{"allow":["GET"]}}],"collection":[{"href":"https:\/\/9play.de\/shop\/wp-json\/wp\/v2\/product"}],"about":[{"href":"https:\/\/9play.de\/shop\/wp-json\/wp\/v2\/types\/product"}],"replies":[{"embeddable":true,"href":"https:\/\/9play.de\/shop\/wp-json\/wp\/v2\/comments?post=21033"}],"wp:featuredmedia":[{"embeddable":true,"href":"https:\/\/9play.de\/shop\/wp-json\/wp\/v2\/media\/21034"}],"wp:attachment":[{"href":"https:\/\/9play.de\/shop\/wp-json\/wp\/v2\/media?parent=21033"}],"wp:term":[{"taxonomy":"product_brand","embeddable":true,"href":"https:\/\/9play.de\/shop\/wp-json\/wp\/v2\/product_brand?post=21033"},{"taxonomy":"product_cat","embeddable":true,"href":"https:\/\/9play.de\/shop\/wp-json\/wp\/v2\/product_cat?post=21033"},{"taxonomy":"product_tag","embeddable":true,"href":"https:\/\/9play.de\/shop\/wp-json\/wp\/v2\/product_tag?post=21033"}],"curies":[{"name":"wp","href":"https:\/\/api.w.org\/{rel}","templated":true}]}}