{"id":21177,"date":"2024-10-06T20:35:04","date_gmt":"2024-10-06T18:35:04","guid":{"rendered":"https:\/\/9play.de\/shop\/produkt\/petite-premium-umhaengetasche-candy-kinder-tasche\/"},"modified":"2024-10-06T20:35:12","modified_gmt":"2024-10-06T18:35:12","slug":"petite-premium-umhaengetasche-candy-kinder-tasche","status":"publish","type":"product","link":"https:\/\/9play.de\/shop\/produkt\/petite-premium-umhaengetasche-candy-kinder-tasche\/","title":{"rendered":"Petite Premium Umh\u00e4ngetasche Candy Kinder Tasche"},"content":{"rendered":"<p>PETITE Premium Umh\u00e4ngetasche<br \/>&#8211; Umh\u00e4ngetasche\/Handtasche<br \/>&#8211; Abnehmbarer und verstellbarer Schultergurt<\/p>\n<p><strong>Funktionalit\u00e4t:<\/strong><br \/>&#8211; F\u00fcr Reisen und Freizeitaktivit\u00e4ten geeignet<br \/>&#8211; abnehmbarer Schultergurt, gewebtes Namensschild<br \/>&#8211; Innentasche mit Rei\u00dfverschluss<\/p>\n<p><strong>Komfort: <\/strong><br \/>&#8211; kompakte Form<br \/>&#8211; Verstellbarer Schultergurt, max. L\u00e4nge 104 cm, Mindestl\u00e4nge 54 cm<br \/>&#8211; Durch Entfernen des Schulterg\u00fcrtels kann Umh\u00e4ngetasche zur Handtasche umfunktioniert werden<\/p>\n<p><strong>Design<\/strong><br \/>&#8211; \u201cPetite Shoulder bag\u201d wird mit bedrucktem Innenfutter und mit detaillierter Stickerei geliefert<br \/>&#8211; Einzigartige, bunte Motive \/ Detaillierte Stickerei und Bearbeitung<br \/>&#8211; Entworfen und hergestellt in Europa<\/p>\n<p><strong>Produkt:<\/strong><br \/>&#8211; Kindergarten Schultertasche f\u00fcr M\u00e4dchen, f\u00fcr Reisen und Freizeitaktivit\u00e4ten geeignet<br \/>&#8211; abnehmbarer Schulterg\u00fcrtel<\/p>\n<p>Alter: 6 &#8211; 10 Jahre<br \/>Gr\u00f6\u00dfe: 20 x 23.5 x 14 cm<br \/>Volumen: 3 L<br \/>Gewicht: zirka 330-360 g<br \/>Material: Polyester, synthetisches Material<br \/>Das Set besteht aus: 1 Umh\u00e4ngetasche; 1 abnehmbarer Schultergurt<\/p>\n<p>Achtung: Nicht f\u00fcr Kinder unter 36 Monaten geeignet wegen verschluckbarer Kleinteile, Erstickungsgefahr.<br \/>Achtung: Strangulationsgefahr durch lange Seile.<\/p>\n","protected":false},"excerpt":{"rendered":"<p>Petite Premium Umh\u00e4ngetasche Candy<\/p>\n","protected":false},"featured_media":21178,"comment_status":"closed","ping_status":"open","template":"","meta":[],"product_brand":[],"product_cat":[565],"product_tag":[],"class_list":{"0":"post-21177","1":"product","2":"type-product","3":"status-publish","4":"has-post-thumbnail","6":"product_cat-taschen","8":"first","9":"instock","10":"shipping-taxable","11":"purchasable","12":"product-type-simple"},"_links":{"self":[{"href":"https:\/\/9play.de\/shop\/wp-json\/wp\/v2\/product\/21177","targetHints":{"allow":["GET"]}}],"collection":[{"href":"https:\/\/9play.de\/shop\/wp-json\/wp\/v2\/product"}],"about":[{"href":"https:\/\/9play.de\/shop\/wp-json\/wp\/v2\/types\/product"}],"replies":[{"embeddable":true,"href":"https:\/\/9play.de\/shop\/wp-json\/wp\/v2\/comments?post=21177"}],"wp:featuredmedia":[{"embeddable":true,"href":"https:\/\/9play.de\/shop\/wp-json\/wp\/v2\/media\/21178"}],"wp:attachment":[{"href":"https:\/\/9play.de\/shop\/wp-json\/wp\/v2\/media?parent=21177"}],"wp:term":[{"taxonomy":"product_brand","embeddable":true,"href":"https:\/\/9play.de\/shop\/wp-json\/wp\/v2\/product_brand?post=21177"},{"taxonomy":"product_cat","embeddable":true,"href":"https:\/\/9play.de\/shop\/wp-json\/wp\/v2\/product_cat?post=21177"},{"taxonomy":"product_tag","embeddable":true,"href":"https:\/\/9play.de\/shop\/wp-json\/wp\/v2\/product_tag?post=21177"}],"curies":[{"name":"wp","href":"https:\/\/api.w.org\/{rel}","templated":true}]}}