{"id":21282,"date":"2024-10-06T20:36:14","date_gmt":"2024-10-06T18:36:14","guid":{"rendered":"https:\/\/9play.de\/shop\/produkt\/strassenkreide-24-stueck-kreidestifte\/"},"modified":"2024-10-06T20:36:35","modified_gmt":"2024-10-06T18:36:35","slug":"strassenkreide-24-stueck-kreidestifte","status":"publish","type":"product","link":"https:\/\/9play.de\/shop\/produkt\/strassenkreide-24-stueck-kreidestifte\/","title":{"rendered":"Strassenkreide 24 St\u00fcck Kreidestifte"},"content":{"rendered":"<p>Erwecken Sie die Stra\u00dfen zum Leben mit unserer hochwertigen Stra\u00dfenkreide-Kollektion, bestehend aus 24 lebendigen Farben, die der Fantasie Ihres Kindes freien Lauf lassen!<br \/>Ob Stra\u00dfengestaltung, Spiele im Freien oder kreative Kunstprojekte auf Gehwegen, mit dieser vielseitigen Stra\u00dfenkreide k\u00f6nnen Sie grenzenlose Abenteuer erleben.&nbsp;<br \/>Unsere Stra\u00dfenkreidekollektion bietet eine breite Palette von 24 lebendigen Farben, darunter leuchtende Prim\u00e4rfarben und beruhigende Pastellt\u00f6ne.<br \/>Mit dieser Auswahl kann Ihr Kind seine Kreativit\u00e4t entfesseln und farbenfrohe Meisterwerke erschaffen.<br \/>Von lustigen Spielelementen wie Hopscotch und Tic-Tac-Toe bis hin zu kunstvollen Stra\u00dfenmalereien bietet unsere Stra\u00dfenkreide unendliche M\u00f6glichkeiten f\u00fcr kreativen Spa\u00df im Freien.<br \/>Sie eignet sich auch perfekt f\u00fcr Schulprojekte, Geburtstagsfeiern im Freien und Stra\u00dfenkunstfestivals.<br \/>Die Stra\u00dfenkreide wird in einer handlichen Verpackung geliefert, die das ordentliche Aufbewahren und Transportieren der Kreide erleichtert.<br \/>So k\u00f6nnen Sie sie \u00fcberallhin mitnehmen und spontanen kreativen Momenten freien Lauf lassen.<br \/>Entdecken Sie die Freude am Stra\u00dfenmalen mit unserer Stra\u00dfenkreidekollektion und lassen Sie Ihrer Kreativit\u00e4t freien Lauf!<\/p>\n<p>Lieferumfang: 24 Kreide-Stifte<br \/>Altersempfehlung: ab 3 Jahre<br \/>Verpackung: ca. 25,5 x 20,5 x 3 cm<br \/>Farbe: 24 verschiedene Farben<br \/>Material: Kreide<\/p>\n<p>Achtung: Nicht f\u00fcr Kinder unter 36 Monaten geeignet wegen verschluckbarer Kleinteile, Erstickungsgefahr.<\/p>\n","protected":false},"excerpt":{"rendered":"<p>Erwecken Sie die Stra\u00dfen zum Leben mit unserer hochwertigen Stra\u00dfenkreide-Kollektion<\/p>\n","protected":false},"featured_media":21283,"comment_status":"closed","ping_status":"open","template":"","meta":[],"product_brand":[],"product_cat":[543],"product_tag":[],"class_list":{"0":"post-21282","1":"product","2":"type-product","3":"status-publish","4":"has-post-thumbnail","6":"product_cat-kreide","8":"first","9":"instock","10":"shipping-taxable","11":"purchasable","12":"product-type-simple"},"_links":{"self":[{"href":"https:\/\/9play.de\/shop\/wp-json\/wp\/v2\/product\/21282","targetHints":{"allow":["GET"]}}],"collection":[{"href":"https:\/\/9play.de\/shop\/wp-json\/wp\/v2\/product"}],"about":[{"href":"https:\/\/9play.de\/shop\/wp-json\/wp\/v2\/types\/product"}],"replies":[{"embeddable":true,"href":"https:\/\/9play.de\/shop\/wp-json\/wp\/v2\/comments?post=21282"}],"wp:featuredmedia":[{"embeddable":true,"href":"https:\/\/9play.de\/shop\/wp-json\/wp\/v2\/media\/21283"}],"wp:attachment":[{"href":"https:\/\/9play.de\/shop\/wp-json\/wp\/v2\/media?parent=21282"}],"wp:term":[{"taxonomy":"product_brand","embeddable":true,"href":"https:\/\/9play.de\/shop\/wp-json\/wp\/v2\/product_brand?post=21282"},{"taxonomy":"product_cat","embeddable":true,"href":"https:\/\/9play.de\/shop\/wp-json\/wp\/v2\/product_cat?post=21282"},{"taxonomy":"product_tag","embeddable":true,"href":"https:\/\/9play.de\/shop\/wp-json\/wp\/v2\/product_tag?post=21282"}],"curies":[{"name":"wp","href":"https:\/\/api.w.org\/{rel}","templated":true}]}}