{"id":21378,"date":"2024-10-06T20:37:25","date_gmt":"2024-10-06T18:37:25","guid":{"rendered":"https:\/\/9play.de\/shop\/produkt\/handgestrickter-elefant-gehaekelt-aus-baumwolle-spielzeug-15-cm\/"},"modified":"2024-10-06T20:37:46","modified_gmt":"2024-10-06T18:37:46","slug":"handgestrickter-elefant-gehaekelt-aus-baumwolle-spielzeug-15-cm","status":"publish","type":"product","link":"https:\/\/9play.de\/shop\/produkt\/handgestrickter-elefant-gehaekelt-aus-baumwolle-spielzeug-15-cm\/","title":{"rendered":"Handgestrickter Elefant geh\u00e4kelt aus Baumwolle Spielzeug 15 cm"},"content":{"rendered":"<p>Faszination der Savanne mit unserem handgestrickten Elefanten aus Baumwolle!<\/p>\n<p>Mit seinem bezaubernden Aussehen und seiner hochwertigen Verarbeitung ist dieser entz\u00fcckende Elefant das ideale Spielzeug f\u00fcr Kinder jeden Alters.<br \/>Unser handgestrickter Elefant ist aus weicher Baumwolle gefertigt und misst eine anmutige Gr\u00f6\u00dfe von 15 Zentimetern.<br \/>Seine liebevoll geh\u00e4kelten Details verleihen ihm einen einzigartigen Charakter und machen ihn zu einem wertvollen Sammlerst\u00fcck oder treuen Begleiter im Kinderzimmer.<br \/>Dieses handgefertigte Spielzeug ist nicht nur ein fantastisches Geschenk f\u00fcr Kinder, sondern auch ein Symbol f\u00fcr St\u00e4rke und Weisheit.<br \/>Hergestellt aus umweltfreundlichen Materialien und mit sorgf\u00e4ltiger Handarbeit gefertigt, bietet unser handgestrickter Elefant eine sichere und nachhaltige Spieloption.<br \/>Ob zum Kuscheln, Spielen oder Dekorieren, unser handgestrickter Elefant ist ein zeitloses Geschenk, das die Herzen im Sturm erobert. Bestellen Sie noch heute und bringen Sie die faszinierende Welt der Savanne in Ihr Zuhause!<\/p>\n<p>Lieferumfang: 1x Elefant<br \/>Altersempfehlung: ab 0 Monate<br \/>Gr\u00f6\u00dfe: ca. 15&nbsp;cm<br \/>Material: Baumwolle (F\u00fchlung: Polyester)<\/p>\n<p>Achtung: Benutzung unter unmittelbarer Aufsicht von Erwachsenen.<\/p>\n","protected":false},"excerpt":{"rendered":"<p>Handgestricktes Spielzeug aus Baumwolle !<\/p>\n","protected":false},"featured_media":21379,"comment_status":"closed","ping_status":"open","template":"","meta":[],"product_brand":[],"product_cat":[541],"product_tag":[],"class_list":{"0":"post-21378","1":"product","2":"type-product","3":"status-publish","4":"has-post-thumbnail","6":"product_cat-baby","8":"first","9":"instock","10":"shipping-taxable","11":"purchasable","12":"product-type-simple"},"_links":{"self":[{"href":"https:\/\/9play.de\/shop\/wp-json\/wp\/v2\/product\/21378","targetHints":{"allow":["GET"]}}],"collection":[{"href":"https:\/\/9play.de\/shop\/wp-json\/wp\/v2\/product"}],"about":[{"href":"https:\/\/9play.de\/shop\/wp-json\/wp\/v2\/types\/product"}],"replies":[{"embeddable":true,"href":"https:\/\/9play.de\/shop\/wp-json\/wp\/v2\/comments?post=21378"}],"wp:featuredmedia":[{"embeddable":true,"href":"https:\/\/9play.de\/shop\/wp-json\/wp\/v2\/media\/21379"}],"wp:attachment":[{"href":"https:\/\/9play.de\/shop\/wp-json\/wp\/v2\/media?parent=21378"}],"wp:term":[{"taxonomy":"product_brand","embeddable":true,"href":"https:\/\/9play.de\/shop\/wp-json\/wp\/v2\/product_brand?post=21378"},{"taxonomy":"product_cat","embeddable":true,"href":"https:\/\/9play.de\/shop\/wp-json\/wp\/v2\/product_cat?post=21378"},{"taxonomy":"product_tag","embeddable":true,"href":"https:\/\/9play.de\/shop\/wp-json\/wp\/v2\/product_tag?post=21378"}],"curies":[{"name":"wp","href":"https:\/\/api.w.org\/{rel}","templated":true}]}}