{"id":21497,"date":"2024-10-06T20:39:13","date_gmt":"2024-10-06T18:39:13","guid":{"rendered":"https:\/\/9play.de\/shop\/produkt\/gabbys-dollhouse-geheimer-schmuckkaestchen-mit-musik\/"},"modified":"2024-10-06T20:39:16","modified_gmt":"2024-10-06T18:39:16","slug":"gabbys-dollhouse-geheimer-schmuckkaestchen-mit-musik","status":"publish","type":"product","link":"https:\/\/9play.de\/shop\/produkt\/gabbys-dollhouse-geheimer-schmuckkaestchen-mit-musik\/","title":{"rendered":"Gabby&#8217;s Dollhouse  Geheimer Schmuckk\u00e4stchen mit Musik"},"content":{"rendered":"<p>Das Gabby&#8217;s Dollhouse Geheimer Schmuckk\u00e4stchen mit Musik ist das ultimative Accessoire f\u00fcr kleine Fans der beliebten TV-Serie.<br \/>Dieses bezaubernde Schmuckk\u00e4stchen vereint Stil, Funktionalit\u00e4t und die Magie von Gabby&#8217;s Dollhouse in einem einzigartigen Design.<br \/>Die Schatulle ist mit einem Geheimcode gesichert, sodass Sie sicher sein k\u00f6nnen, dass Ihre wertvollen Schmuckst\u00fccke und kleinen Sch\u00e4tze gut aufgehoben sind.<br \/>Im Inneren finden sich drei kleine F\u00e4cher und ein gro\u00dfes Fach, die ausreichend Platz f\u00fcr Ringe, Ketten, Armb\u00e4nder und andere Schmuckst\u00fccke bieten.<br \/>Zus\u00e4tzlich gibt es zwei Schubladen, in denen Sie noch mehr Gegenst\u00e4nde unterbringen k\u00f6nnen.<br \/>Auf der Innenseite des Deckels befindet sich ein praktischer Spiegel, der ideal ist, um Schmuck anzulegen oder sich zu schminken.<br \/>Die gesamte Schatulle ist mit bunten Motiven aus Gabby&#8217;s Dollhouse verziert.<br \/>Auf den Au\u00dfenfl\u00e4chen sind Gabby und ihre liebenswerten Tierpuppen abgebildet, was die Schatulle zu einem Blickfang macht.<br \/>Ein besonderes Highlight ist die Musikfunktion.<br \/>Wenn Sie das Schmuckk\u00e4stchen \u00f6ffnen, erklingt eine Melodie, die den Moment zu einem magischen Erlebnis macht.<br \/>Die Batterien sind bereits im Lieferumfang enthalten, sodass Sie das Schmuckk\u00e4stchen sofort verwenden k\u00f6nnen.<br \/>Dieses Geheime Schmuckk\u00e4stchen mit Musik ist die perfekte Erg\u00e4nzung f\u00fcr jedes Kinderzimmer und eine gro\u00dfartige Geschenkidee f\u00fcr alle Fans von Gabby&#8217;s Dollhouse.<br \/>Es ist nicht nur eine stilvolle M\u00f6glichkeit, Schmuck und kleine Sch\u00e4tze aufzubewahren, sondern auch ein wunderbarer Weg, die Magie der Serie in den Alltag zu bringen.<\/p>\n<p>Lieferumfang: 1x Schatulle<br \/>Altersempfehlung: ab 6 Jahre<br \/>Gr\u00f6\u00dfe: ca. 14 x 20 x 12 cm.<br \/>Stromversorgung: Batterie (Im Lieferumfang enthalten)<br \/>Material: Kunststoff, Pappe<\/p>\n<p>Achtung: Nicht f\u00fcr Kinder unter 36 Monaten geeignet wegen verschluckbarer Kleinteile, Erstickungsgefahr.<\/p>\n<p>Hinweis zur Entsorgung von Altbatterien<br \/>Der nachfolgende Hinweis richtet sich an diejenigen, die Batterien oder Produkte mit eingebauten Batterien nutzen und in der an sie gelieferten Form nicht mehr weiterver\u00e4u\u00dfern (Endnutzer): 1. Unentgeltliche R\u00fccknahme von Altbatterien Batterien d\u00fcrfen nicht \u00fcber den Hausm\u00fcll entsorgt werden. Sie sind zur R\u00fcckgabe von Altbatterien gesetzlich verpflichtet, damit eine fachgerechte Entsorgung gew\u00e4hrleistet werden kann. Sie k\u00f6nnen Altbatterien an einer kommunalen Sammelstelle oder im Handel vor Ort abgeben. Auch wir sind als Vertreiber von Batterien zur R\u00fccknahme von Altbatterien verpflichtet, wobei sich unsere R\u00fccknahmeverpflichtung auf Altbatterien der Art beschr\u00e4nkt, die wir als Neubatterien in unserem Sortiment f\u00fchren oder gef\u00fchrt haben. Altbatterien vorgenannter Art k\u00f6nnen Sie daher entweder ausreichend frankiert an uns zur\u00fccksenden oder sie direkt an unserem Versandlager unter der im Impressum genannten Adresse unentgeltlich abgeben. 2. Bedeutung der Batteriesymbole Batterien sind mit dem Symbol einer durchgekreuzten M\u00fclltonne gekennzeichnet. Dieses Symbol weist darauf hin, dass Batterien nicht in den Hausm\u00fcll gegeben werden d\u00fcrfen. Bei Batterien, die mehr als 0,0005 Masseprozent Quecksilber, mehr als 0,002 Masseprozent Cadmium oder mehr als 0,004 Masseprozent Blei enthalten, befindet sich unter dem M\u00fclltonnen-Symbol die chemische Bezeichnung des jeweils eingesetzten Schadstoffes \u2013 dabei steht &#8222;Cd&#8220; f\u00fcr Cadmium, &#8222;Pb&#8220; steht f\u00fcr Blei, und &#8222;Hg&#8220; f\u00fcr Quecksilber.<\/p>\n","protected":false},"excerpt":{"rendered":"<p>Auf der Innenseite des Deckels befindet sich ein praktischer Spiegel, der ideal ist, um Schmuck anzulegen oder sich zu schminken.<\/p>\n","protected":false},"featured_media":21498,"comment_status":"closed","ping_status":"open","template":"","meta":[],"product_brand":[],"product_cat":[470],"product_tag":[],"class_list":{"0":"post-21497","1":"product","2":"type-product","3":"status-publish","4":"has-post-thumbnail","6":"product_cat-schmuck","8":"first","9":"instock","10":"shipping-taxable","11":"purchasable","12":"product-type-simple"},"_links":{"self":[{"href":"https:\/\/9play.de\/shop\/wp-json\/wp\/v2\/product\/21497","targetHints":{"allow":["GET"]}}],"collection":[{"href":"https:\/\/9play.de\/shop\/wp-json\/wp\/v2\/product"}],"about":[{"href":"https:\/\/9play.de\/shop\/wp-json\/wp\/v2\/types\/product"}],"replies":[{"embeddable":true,"href":"https:\/\/9play.de\/shop\/wp-json\/wp\/v2\/comments?post=21497"}],"wp:featuredmedia":[{"embeddable":true,"href":"https:\/\/9play.de\/shop\/wp-json\/wp\/v2\/media\/21498"}],"wp:attachment":[{"href":"https:\/\/9play.de\/shop\/wp-json\/wp\/v2\/media?parent=21497"}],"wp:term":[{"taxonomy":"product_brand","embeddable":true,"href":"https:\/\/9play.de\/shop\/wp-json\/wp\/v2\/product_brand?post=21497"},{"taxonomy":"product_cat","embeddable":true,"href":"https:\/\/9play.de\/shop\/wp-json\/wp\/v2\/product_cat?post=21497"},{"taxonomy":"product_tag","embeddable":true,"href":"https:\/\/9play.de\/shop\/wp-json\/wp\/v2\/product_tag?post=21497"}],"curies":[{"name":"wp","href":"https:\/\/api.w.org\/{rel}","templated":true}]}}