{"id":21772,"date":"2024-10-06T20:43:03","date_gmt":"2024-10-06T18:43:03","guid":{"rendered":"https:\/\/9play.de\/shop\/produkt\/balance-turm-spielset-turmspiel-fuer-kinder-aus-holz-kinderspielzeug\/"},"modified":"2024-10-06T20:43:18","modified_gmt":"2024-10-06T18:43:18","slug":"balance-turm-spielset-turmspiel-fuer-kinder-aus-holz-kinderspielzeug","status":"publish","type":"product","link":"https:\/\/9play.de\/shop\/produkt\/balance-turm-spielset-turmspiel-fuer-kinder-aus-holz-kinderspielzeug\/","title":{"rendered":"Balance Turm Spielset Turmspiel f\u00fcr Kinder aus Holz Kinderspielzeug"},"content":{"rendered":"<p>Entdecken Sie unser faszinierendes Balance-Turm-Spielset &#8211; das perfekte Turmspiel f\u00fcr Kinder aus Holz, das Geschicklichkeit und Spa\u00df vereint!<\/p>\n<p>Unser Spielset besteht aus mehreren Holzbl\u00f6cken, die sorgf\u00e4ltig gestapelt werden m\u00fcssen, um einen Turm zu bauen.<br \/>Doch Vorsicht!<br \/>Der Turm muss im Gleichgewicht bleiben, w\u00e4hrend neue Bl\u00f6cke hinzugef\u00fcgt werden.<br \/>Kinder k\u00f6nnen ihre Feinmotorik, Koordination und Konzentration verbessern, w\u00e4hrend sie versuchen, den Turm zu stabilisieren und gleichzeitig neue H\u00f6hen zu erreichen.<br \/>Dieses Turmspiel f\u00f6rdert nicht nur die motorischen F\u00e4higkeiten, sondern regt auch die Kreativit\u00e4t und Probleml\u00f6sungsf\u00e4higkeiten der Kinder an.<br \/>Sie k\u00f6nnen verschiedene Strategien ausprobieren, um den Turm im Gleichgewicht zu halten und dabei ihre eigenen Regeln und Herausforderungen f\u00fcr noch mehr Spa\u00df entwickeln.<br \/>Unser Balance-Turm-Spielset aus Holz ist ideal f\u00fcr Kinder jeden Alters geeignet und bietet stundenlangen Spielspa\u00df alleine oder mit Freunden.<br \/>Es ist eine gro\u00dfartige M\u00f6glichkeit, die Fantasie zu entfalten und gleichzeitig wichtige F\u00e4higkeiten zu entwickeln.<br \/>Bringen Sie Freude und Begeisterung in das Spielzimmer Ihrer Kinder mit unserem unterhaltsamen Balance-Turm-Spielset aus Holz und lassen Sie sie ihre Geschicklichkeit auf spielerische Weise verbessern!<\/p>\n<p>Altersangabe: 36M +<br \/>Gr\u00f6\u00dfe: 22,5 x 11,5 x 9 cm<br \/>Material: Holz<\/p>\n<p>Achtung! Nicht geeignet f\u00fcr Kinder unter 3 Jahren. Enth\u00e4lt verschluckbare Kleinteile.<\/p>\n","protected":false},"excerpt":{"rendered":"<p>Turmspiel f\u00fcr Kinder aus Holz!<\/p>\n","protected":false},"featured_media":21773,"comment_status":"closed","ping_status":"open","template":"","meta":[],"product_brand":[],"product_cat":[567],"product_tag":[],"class_list":{"0":"post-21772","1":"product","2":"type-product","3":"status-publish","4":"has-post-thumbnail","6":"product_cat-holzspielzeug","8":"first","9":"instock","10":"shipping-taxable","11":"purchasable","12":"product-type-simple"},"_links":{"self":[{"href":"https:\/\/9play.de\/shop\/wp-json\/wp\/v2\/product\/21772","targetHints":{"allow":["GET"]}}],"collection":[{"href":"https:\/\/9play.de\/shop\/wp-json\/wp\/v2\/product"}],"about":[{"href":"https:\/\/9play.de\/shop\/wp-json\/wp\/v2\/types\/product"}],"replies":[{"embeddable":true,"href":"https:\/\/9play.de\/shop\/wp-json\/wp\/v2\/comments?post=21772"}],"wp:featuredmedia":[{"embeddable":true,"href":"https:\/\/9play.de\/shop\/wp-json\/wp\/v2\/media\/21773"}],"wp:attachment":[{"href":"https:\/\/9play.de\/shop\/wp-json\/wp\/v2\/media?parent=21772"}],"wp:term":[{"taxonomy":"product_brand","embeddable":true,"href":"https:\/\/9play.de\/shop\/wp-json\/wp\/v2\/product_brand?post=21772"},{"taxonomy":"product_cat","embeddable":true,"href":"https:\/\/9play.de\/shop\/wp-json\/wp\/v2\/product_cat?post=21772"},{"taxonomy":"product_tag","embeddable":true,"href":"https:\/\/9play.de\/shop\/wp-json\/wp\/v2\/product_tag?post=21772"}],"curies":[{"name":"wp","href":"https:\/\/api.w.org\/{rel}","templated":true}]}}