{"id":21786,"date":"2024-10-06T20:43:03","date_gmt":"2024-10-06T18:43:03","guid":{"rendered":"https:\/\/9play.de\/shop\/produkt\/kuechenzeile-kinderkueche-aus-holz-bon-appetit-in-weiss-holzkueche\/"},"modified":"2024-10-06T20:43:29","modified_gmt":"2024-10-06T18:43:29","slug":"kuechenzeile-kinderkueche-aus-holz-bon-appetit-in-weiss-holzkueche","status":"publish","type":"product","link":"https:\/\/9play.de\/shop\/produkt\/kuechenzeile-kinderkueche-aus-holz-bon-appetit-in-weiss-holzkueche\/","title":{"rendered":"K\u00fcchenzeile Kinderk\u00fcche aus Holz Bon Appetit in Wei\u00df Holzk\u00fcche"},"content":{"rendered":"<p>Die New Classic Toys Kinderk\u00fcche &#8222;Bon Appetit Deluxe&#8220; in Wei\u00df\/Silber wird kleine K\u00f6che und K\u00f6chinnen begeistern.<br \/>Hergestellt aus robustem Holz und mit einer klassischen, detailreichen Gestaltung in Wei\u00df und Grau regt sie die Fantasie zu tollen Rollenspielen an.<br \/>Die Spielk\u00fcche ist mit verschiedenen T\u00f6pfen, Kochutensilien, einer Uhr sowie Gew\u00fcrzstreuern ausgestattet.<br \/>Es gibt zahlreiche Ablagefl\u00e4chen und viel Stauraum.<br \/>Zus\u00e4tzlich lassen sich der Backofen und die Mikrowelle \u00f6ffnen, und die Kn\u00f6pfe am Herd und an der Sp\u00fcle sind drehbar.<\/p>\n<p>Im Lieferumfang enthalten: 1 K\u00fcchenzeile, 1 Kochtopf mit Deckel, 1 Bratpfanne, 1 Teekessel, 3 Kochutensilien, 1 Topfhandschuh, 1 Geschirrtuch, 1 Salzstreuer, 1 Pfefferstreuer, 1 herausnehmbares Sp\u00fclbecken.<br \/>Altersangabe: 36M +<br \/>Gr\u00f6\u00dfe: 66 x 17 x 36,5 cm<br \/>Material: Holz<\/p>\n<p>Achtung! Nicht geeignet f\u00fcr Kinder unter 3 Jahren. Enth\u00e4lt verschluckbare Kleinteile.<\/p>\n","protected":false},"excerpt":{"rendered":"<p>Kinderk\u00fcche aus Holz Bon Appetit in Wei\u00df!<\/p>\n","protected":false},"featured_media":21787,"comment_status":"closed","ping_status":"open","template":"","meta":[],"product_brand":[],"product_cat":[567],"product_tag":[],"class_list":{"0":"post-21786","1":"product","2":"type-product","3":"status-publish","4":"has-post-thumbnail","6":"product_cat-holzspielzeug","8":"first","9":"instock","10":"shipping-taxable","11":"purchasable","12":"product-type-simple"},"_links":{"self":[{"href":"https:\/\/9play.de\/shop\/wp-json\/wp\/v2\/product\/21786","targetHints":{"allow":["GET"]}}],"collection":[{"href":"https:\/\/9play.de\/shop\/wp-json\/wp\/v2\/product"}],"about":[{"href":"https:\/\/9play.de\/shop\/wp-json\/wp\/v2\/types\/product"}],"replies":[{"embeddable":true,"href":"https:\/\/9play.de\/shop\/wp-json\/wp\/v2\/comments?post=21786"}],"wp:featuredmedia":[{"embeddable":true,"href":"https:\/\/9play.de\/shop\/wp-json\/wp\/v2\/media\/21787"}],"wp:attachment":[{"href":"https:\/\/9play.de\/shop\/wp-json\/wp\/v2\/media?parent=21786"}],"wp:term":[{"taxonomy":"product_brand","embeddable":true,"href":"https:\/\/9play.de\/shop\/wp-json\/wp\/v2\/product_brand?post=21786"},{"taxonomy":"product_cat","embeddable":true,"href":"https:\/\/9play.de\/shop\/wp-json\/wp\/v2\/product_cat?post=21786"},{"taxonomy":"product_tag","embeddable":true,"href":"https:\/\/9play.de\/shop\/wp-json\/wp\/v2\/product_tag?post=21786"}],"curies":[{"name":"wp","href":"https:\/\/api.w.org\/{rel}","templated":true}]}}