{"id":21791,"date":"2024-10-06T20:43:03","date_gmt":"2024-10-06T18:43:03","guid":{"rendered":"https:\/\/9play.de\/shop\/produkt\/kuechenzeile-kinderkueche-holz-bon-appetit-deluxe-weiss-silber-holzkueche\/"},"modified":"2024-10-06T20:43:34","modified_gmt":"2024-10-06T18:43:34","slug":"kuechenzeile-kinderkueche-holz-bon-appetit-deluxe-weiss-silber-holzkueche","status":"publish","type":"product","link":"https:\/\/9play.de\/shop\/produkt\/kuechenzeile-kinderkueche-holz-bon-appetit-deluxe-weiss-silber-holzkueche\/","title":{"rendered":"K\u00fcchenzeile Kinderk\u00fcche Holz Bon Appetit DeLuxe wei\u00df\/silber Holzk\u00fcche"},"content":{"rendered":"<p>Die New Classic Toys Kinderk\u00fcche &#8222;Bon Appetit Deluxe&#8220; in Wei\u00df\/Silber ist ein Traum f\u00fcr kleine K\u00f6che und K\u00f6chinnen.<br \/>Hergestellt aus robustem Holz und mit einer eleganten, detaillierten Gestaltung in Wei\u00df und Grau regt sie die Fantasie zu spannenden Rollenspielen an.<br \/>Diese Spielk\u00fcche kommt mit einer Vielzahl von Zubeh\u00f6r, darunter T\u00f6pfe, Kochutensilien, eine Uhr und Gew\u00fcrzstreuer.<br \/>Sie bietet auch reichlich Ablagefl\u00e4chen und Stauraum.<br \/>Der Backofen und die Mikrowelle k\u00f6nnen ge\u00f6ffnet werden, und die Kn\u00f6pfe an Herd und Sp\u00fcle sind drehbar.<\/p>\n<p>Lieferumfang: 1 K\u00fcchenzeile, 1 Kochtopf mit 1 Deckel, 1 Bratpfanne, 1 Teekessel, 3 Kochutensilien, 1 Topfhandschuh, 1 Geschirrtuch, 1 Salz- und 1 Pfefferstreuer, 1 herausnehmbares Sp\u00fclbecken<br \/>Altersangabe: 36M +<br \/>Gr\u00f6\u00dfe: 64 x 18,5 x 41 cm<br \/>Material: Holz<\/p>\n<p>Achtung! Nicht geeignet f\u00fcr Kinder unter 3 Jahren. Enth\u00e4lt verschluckbare Kleinteile.<\/p>\n","protected":false},"excerpt":{"rendered":"<p>Kinderk\u00fcche aus Holz Bon Appetit DeLuxe in wei\u00df\/silber!<\/p>\n","protected":false},"featured_media":21792,"comment_status":"closed","ping_status":"open","template":"","meta":[],"product_brand":[],"product_cat":[567],"product_tag":[],"class_list":{"0":"post-21791","1":"product","2":"type-product","3":"status-publish","4":"has-post-thumbnail","6":"product_cat-holzspielzeug","8":"first","9":"instock","10":"shipping-taxable","11":"purchasable","12":"product-type-simple"},"_links":{"self":[{"href":"https:\/\/9play.de\/shop\/wp-json\/wp\/v2\/product\/21791","targetHints":{"allow":["GET"]}}],"collection":[{"href":"https:\/\/9play.de\/shop\/wp-json\/wp\/v2\/product"}],"about":[{"href":"https:\/\/9play.de\/shop\/wp-json\/wp\/v2\/types\/product"}],"replies":[{"embeddable":true,"href":"https:\/\/9play.de\/shop\/wp-json\/wp\/v2\/comments?post=21791"}],"wp:featuredmedia":[{"embeddable":true,"href":"https:\/\/9play.de\/shop\/wp-json\/wp\/v2\/media\/21792"}],"wp:attachment":[{"href":"https:\/\/9play.de\/shop\/wp-json\/wp\/v2\/media?parent=21791"}],"wp:term":[{"taxonomy":"product_brand","embeddable":true,"href":"https:\/\/9play.de\/shop\/wp-json\/wp\/v2\/product_brand?post=21791"},{"taxonomy":"product_cat","embeddable":true,"href":"https:\/\/9play.de\/shop\/wp-json\/wp\/v2\/product_cat?post=21791"},{"taxonomy":"product_tag","embeddable":true,"href":"https:\/\/9play.de\/shop\/wp-json\/wp\/v2\/product_tag?post=21791"}],"curies":[{"name":"wp","href":"https:\/\/api.w.org\/{rel}","templated":true}]}}