{"id":21796,"date":"2024-10-06T20:43:03","date_gmt":"2024-10-06T18:43:03","guid":{"rendered":"https:\/\/9play.de\/shop\/produkt\/kuechenzeile-kinderkueche-aus-holz-modern-mit-kochfeld-holzkueche\/"},"modified":"2024-10-06T20:43:38","modified_gmt":"2024-10-06T18:43:38","slug":"kuechenzeile-kinderkueche-aus-holz-modern-mit-kochfeld-holzkueche","status":"publish","type":"product","link":"https:\/\/9play.de\/shop\/produkt\/kuechenzeile-kinderkueche-aus-holz-modern-mit-kochfeld-holzkueche\/","title":{"rendered":"K\u00fcchenzeile Kinderk\u00fcche aus Holz Modern mit Kochfeld Holzk\u00fcche"},"content":{"rendered":"<p>Diese kompakte K\u00fcche, geeignet f\u00fcr Kinder ab 3 Jahren, bietet ein authentisches Kocherlebnis mit leuchtenden Kochfeldern, die realistische Ger\u00e4usche machen.<br \/>Das Set enth\u00e4lt eine Pfanne mit Deckel, einen Kochtopf, drei Kochl\u00f6ffel, einen Ofenhandschuh, drei Teller und einen Salz- und Pfefferstreuer.<br \/>Ausgestattet mit zwei Elektroherden, einem Ofen mit transparenter T\u00fcr, drehbaren Kn\u00f6pfen und einer Dunstabzugshaube bietet diese K\u00fcche eine realistische Spielumgebung.<br \/>Zus\u00e4tzlich verf\u00fcgt sie \u00fcber eine Mikrowelle, einen Wasserhahn mit Kn\u00f6pfen, eine abnehmbare Metallsp\u00fcle und ein Ablagefach.<br \/>Die beiden Tasten auf dem Elektroherd erzeugen einen realistischen Sound und tragen so zum Spielwert bei, indem sie ein authentisches Kocherlebnis schaffen.<\/p>\n<p>Altersangabe: 36M +<br \/>Gr\u00f6\u00dfe: 62,5 x 23,5 x 32,5 cm<br \/>Material: Holz<\/p>\n<p>Achtung! Nicht geeignet f\u00fcr Kinder unter 3 Jahren. Enth\u00e4lt verschluckbare Kleinteile.<\/p>\n","protected":false},"excerpt":{"rendered":"<p>Kinderk\u00fcche aus Holz Modern mit Kochfeld!<\/p>\n","protected":false},"featured_media":21797,"comment_status":"closed","ping_status":"open","template":"","meta":[],"product_brand":[],"product_cat":[567],"product_tag":[],"class_list":{"0":"post-21796","1":"product","2":"type-product","3":"status-publish","4":"has-post-thumbnail","6":"product_cat-holzspielzeug","8":"first","9":"instock","10":"shipping-taxable","11":"purchasable","12":"product-type-simple"},"_links":{"self":[{"href":"https:\/\/9play.de\/shop\/wp-json\/wp\/v2\/product\/21796","targetHints":{"allow":["GET"]}}],"collection":[{"href":"https:\/\/9play.de\/shop\/wp-json\/wp\/v2\/product"}],"about":[{"href":"https:\/\/9play.de\/shop\/wp-json\/wp\/v2\/types\/product"}],"replies":[{"embeddable":true,"href":"https:\/\/9play.de\/shop\/wp-json\/wp\/v2\/comments?post=21796"}],"wp:featuredmedia":[{"embeddable":true,"href":"https:\/\/9play.de\/shop\/wp-json\/wp\/v2\/media\/21797"}],"wp:attachment":[{"href":"https:\/\/9play.de\/shop\/wp-json\/wp\/v2\/media?parent=21796"}],"wp:term":[{"taxonomy":"product_brand","embeddable":true,"href":"https:\/\/9play.de\/shop\/wp-json\/wp\/v2\/product_brand?post=21796"},{"taxonomy":"product_cat","embeddable":true,"href":"https:\/\/9play.de\/shop\/wp-json\/wp\/v2\/product_cat?post=21796"},{"taxonomy":"product_tag","embeddable":true,"href":"https:\/\/9play.de\/shop\/wp-json\/wp\/v2\/product_tag?post=21796"}],"curies":[{"name":"wp","href":"https:\/\/api.w.org\/{rel}","templated":true}]}}