{"id":21801,"date":"2024-10-06T20:43:03","date_gmt":"2024-10-06T18:43:03","guid":{"rendered":"https:\/\/9play.de\/shop\/produkt\/kuechenzeile-kinderkueche-aus-holz-moderne-e-kueche-in-pink-holzkueche\/"},"modified":"2024-10-06T20:43:43","modified_gmt":"2024-10-06T18:43:43","slug":"kuechenzeile-kinderkueche-aus-holz-moderne-e-kueche-in-pink-holzkueche","status":"publish","type":"product","link":"https:\/\/9play.de\/shop\/produkt\/kuechenzeile-kinderkueche-aus-holz-moderne-e-kueche-in-pink-holzkueche\/","title":{"rendered":"K\u00fcchenzeile Kinderk\u00fcche aus Holz Moderne E- K\u00fcche in Pink Holzk\u00fcche"},"content":{"rendered":"<p>Diese moderne E-K\u00fcche in Pink von New Classic Toys ist ein wunderbares Spielzeug f\u00fcr kleine K\u00f6che und K\u00f6chinnen ab 3 Jahren.<br \/>Mit leuchtenden Kochfeldern, die realistische Ger\u00e4usche machen, bietet sie ein interaktives Kocherlebnis.<br \/>Die K\u00fcche enth\u00e4lt eine Pfanne mit Deckel, einen Kochtopf, drei Kochl\u00f6ffel, einen Ofenhandschuh, drei Teller und einen Salz- und Pfefferstreuer.<br \/>Ausgestattet mit zwei Elektroherden, einem Ofen mit transparenter T\u00fcr, drehbaren Kn\u00f6pfen, einer Dunstabzugshaube, einer Mikrowelle, einem Wasserhahn mit Kn\u00f6pfen, einer abnehmbaren Metallsp\u00fcle und einem Ablagefach bietet diese K\u00fcche alles, was kleine K\u00f6che f\u00fcr fantasievolle Kochabenteuer ben\u00f6tigen.<br \/>Die beiden Tasten auf dem Elektroherd erzeugen realistische Ger\u00e4usche und sorgen f\u00fcr zus\u00e4tzlichen Spielspa\u00df.<br \/>Diese Holzk\u00fcche aus der Produktlinie Bon Appetit von New Classic Toys ist ein absolutes Muss f\u00fcr kleine K\u00fcchenprinzen und Prinzessinnen!<\/p>\n<p>Altersangabe: 36M +<br \/>Gr\u00f6\u00dfe: 63 x 23 x 33 cm<br \/>Material: Holz<\/p>\n<p>Achtung! Nicht geeignet f\u00fcr Kinder unter 3 Jahren. Enth\u00e4lt verschluckbare Kleinteile.<\/p>\n","protected":false},"excerpt":{"rendered":"<p>Kinderk\u00fcche aus Holz Moderne E- K\u00fcche in Pink!<\/p>\n","protected":false},"featured_media":21802,"comment_status":"closed","ping_status":"open","template":"","meta":[],"product_brand":[],"product_cat":[567],"product_tag":[],"class_list":{"0":"post-21801","1":"product","2":"type-product","3":"status-publish","4":"has-post-thumbnail","6":"product_cat-holzspielzeug","8":"first","9":"instock","10":"shipping-taxable","11":"purchasable","12":"product-type-simple"},"_links":{"self":[{"href":"https:\/\/9play.de\/shop\/wp-json\/wp\/v2\/product\/21801","targetHints":{"allow":["GET"]}}],"collection":[{"href":"https:\/\/9play.de\/shop\/wp-json\/wp\/v2\/product"}],"about":[{"href":"https:\/\/9play.de\/shop\/wp-json\/wp\/v2\/types\/product"}],"replies":[{"embeddable":true,"href":"https:\/\/9play.de\/shop\/wp-json\/wp\/v2\/comments?post=21801"}],"wp:featuredmedia":[{"embeddable":true,"href":"https:\/\/9play.de\/shop\/wp-json\/wp\/v2\/media\/21802"}],"wp:attachment":[{"href":"https:\/\/9play.de\/shop\/wp-json\/wp\/v2\/media?parent=21801"}],"wp:term":[{"taxonomy":"product_brand","embeddable":true,"href":"https:\/\/9play.de\/shop\/wp-json\/wp\/v2\/product_brand?post=21801"},{"taxonomy":"product_cat","embeddable":true,"href":"https:\/\/9play.de\/shop\/wp-json\/wp\/v2\/product_cat?post=21801"},{"taxonomy":"product_tag","embeddable":true,"href":"https:\/\/9play.de\/shop\/wp-json\/wp\/v2\/product_tag?post=21801"}],"curies":[{"name":"wp","href":"https:\/\/api.w.org\/{rel}","templated":true}]}}