{"id":21806,"date":"2024-10-06T20:43:51","date_gmt":"2024-10-06T18:43:51","guid":{"rendered":"https:\/\/9play.de\/shop\/produkt\/kuechenzeile-kinderkueche-aus-holz-moderne-e-kueche-in-weiss-holzkueche\/"},"modified":"2024-10-06T20:43:51","modified_gmt":"2024-10-06T18:43:51","slug":"kuechenzeile-kinderkueche-aus-holz-moderne-e-kueche-in-weiss-holzkueche","status":"publish","type":"product","link":"https:\/\/9play.de\/shop\/produkt\/kuechenzeile-kinderkueche-aus-holz-moderne-e-kueche-in-weiss-holzkueche\/","title":{"rendered":"K\u00fcchenzeile Kinderk\u00fcche aus Holz Moderne E- K\u00fcche in Wei\u00df Holzk\u00fcche"},"content":{"rendered":"<p>Diese K\u00fcche bietet alles, was kleine K\u00f6che und K\u00f6chinnen f\u00fcr ein fantastisches Kocherlebnis ben\u00f6tigen!<br \/>Ausgestattet mit zwei Elektroherden, einem Ofen mit transparenter T\u00fcr, drehbaren Kn\u00f6pfen, einer Dunstabzugshaube, einer Mikrowelle, einem Wasserhahn mit Kn\u00f6pfen, einer abnehmbaren Metallsp\u00fcle und einem Ablagefach, ist sie perfekt f\u00fcr kreative Kochabenteuer.<br \/>Die beiden Tasten auf den Elektroherden erzeugen realistische Sounds, die das Spielerlebnis noch authentischer machen.<\/p>\n<p>Produktdetails:<\/p>\n<p>&nbsp;&nbsp;&nbsp; Alter: Ab 3 Jahren<br \/>&nbsp;&nbsp;&nbsp; Die ideale Traumk\u00fcche f\u00fcr angehende K\u00fcchenchefs und -chefinnen, um fantasievolle Gerichte zuzubereiten<br \/>&nbsp;&nbsp;&nbsp; Kleine K\u00f6che werden es lieben, Mahlzeiten f\u00fcr die ganze Familie in dieser entz\u00fcckenden K\u00fcche zu kochen<br \/>&nbsp;&nbsp;&nbsp; Kinder k\u00f6nnen ihrer Fantasie freien Lauf lassen und Men\u00fcs kreieren<br \/>&nbsp;&nbsp;&nbsp; Diese K\u00fcche f\u00f6rdert das gemeinsame Spielen und st\u00e4rkt soziale F\u00e4higkeiten<br \/>&nbsp;&nbsp;&nbsp; Arbeitsh\u00f6he: 55 cm<\/p>\n<p>Altersangabe: 36M +<br \/>Gr\u00f6\u00dfe: 62,5 x 23 x 32,5 cm<br \/>Material: Holz<\/p>\n<p>Achtung! Nicht geeignet f\u00fcr Kinder unter 3 Jahren. Enth\u00e4lt verschluckbare Kleinteile.<\/p>\n","protected":false},"excerpt":{"rendered":"<p>Kinderk\u00fcche aus Holz Moderne E- K\u00fcche in Wei\u00df!<\/p>\n","protected":false},"featured_media":21807,"comment_status":"closed","ping_status":"open","template":"","meta":[],"product_brand":[],"product_cat":[567],"product_tag":[],"class_list":{"0":"post-21806","1":"product","2":"type-product","3":"status-publish","4":"has-post-thumbnail","6":"product_cat-holzspielzeug","8":"first","9":"instock","10":"shipping-taxable","11":"purchasable","12":"product-type-simple"},"_links":{"self":[{"href":"https:\/\/9play.de\/shop\/wp-json\/wp\/v2\/product\/21806","targetHints":{"allow":["GET"]}}],"collection":[{"href":"https:\/\/9play.de\/shop\/wp-json\/wp\/v2\/product"}],"about":[{"href":"https:\/\/9play.de\/shop\/wp-json\/wp\/v2\/types\/product"}],"replies":[{"embeddable":true,"href":"https:\/\/9play.de\/shop\/wp-json\/wp\/v2\/comments?post=21806"}],"wp:featuredmedia":[{"embeddable":true,"href":"https:\/\/9play.de\/shop\/wp-json\/wp\/v2\/media\/21807"}],"wp:attachment":[{"href":"https:\/\/9play.de\/shop\/wp-json\/wp\/v2\/media?parent=21806"}],"wp:term":[{"taxonomy":"product_brand","embeddable":true,"href":"https:\/\/9play.de\/shop\/wp-json\/wp\/v2\/product_brand?post=21806"},{"taxonomy":"product_cat","embeddable":true,"href":"https:\/\/9play.de\/shop\/wp-json\/wp\/v2\/product_cat?post=21806"},{"taxonomy":"product_tag","embeddable":true,"href":"https:\/\/9play.de\/shop\/wp-json\/wp\/v2\/product_tag?post=21806"}],"curies":[{"name":"wp","href":"https:\/\/api.w.org\/{rel}","templated":true}]}}