{"id":21811,"date":"2024-10-06T20:43:51","date_gmt":"2024-10-06T18:43:51","guid":{"rendered":"https:\/\/9play.de\/shop\/produkt\/kuechenzeile-kinderkueche-aus-holz-delfter-blau-holzkueche-holzspielzeug\/"},"modified":"2024-10-06T20:43:55","modified_gmt":"2024-10-06T18:43:55","slug":"kuechenzeile-kinderkueche-aus-holz-delfter-blau-holzkueche-holzspielzeug","status":"publish","type":"product","link":"https:\/\/9play.de\/shop\/produkt\/kuechenzeile-kinderkueche-aus-holz-delfter-blau-holzkueche-holzspielzeug\/","title":{"rendered":"K\u00fcchenzeile Kinderk\u00fcche aus Holz Delfter Blau Holzk\u00fcche Holzspielzeug"},"content":{"rendered":"<div class=\"flex flex-grow flex-col max-w-full\">\n<div class=\"min-h-[20px] text-message flex flex-col items-start gap-3 whitespace-pre-wrap break-words [.text-message+&amp;]:mt-5 overflow-x-auto\" data-message-author-role=\"assistant\" data-message-id=\"a762efe2-1d4b-4b66-b0ef-022a9f677162\" dir=\"auto\">\n<div class=\"markdown prose w-full break-words dark:prose-invert light\">\n<p>Tauchen Sie ein in die Welt des Kochens mit dieser wundersch\u00f6nen Luxusk\u00fcche von New Classic Toys in der Farbe Delft Blue.<br \/>Diese h\u00f6lzerne Spielk\u00fcche bietet alles, was Ihr kleiner Koch braucht, um ein fantastisches Essen zu zaubern:<\/p>\n<ul>\n<li>Vier Kochplatten<\/li>\n<li>Eine Pfanne mit Deckel<\/li>\n<li>Einen Kochtopf<\/li>\n<li>Zwei Kochl\u00f6ffel<\/li>\n<li>Einen Ofenhandschuh<\/li>\n<li>Ein Handtuch<\/li>\n<li>Ein Salz- und Pfefferstreuer<\/li>\n<\/ul>\n<p>Diese K\u00fcche verf\u00fcgt \u00fcber zwei &#8222;elektrische&#8220; Kochfelder, einen Ofen mit transparenter T\u00fcr, Drehkn\u00f6pfe, einen Wasserhahn, einen Handtuchhalter, einen Tellerhalter, Lagerschr\u00e4nke und ein Lagerregal.<br \/>Zus\u00e4tzlich sorgen die beiden roten Tasten an den Kochfeldern f\u00fcr einen realistischen Klang und zus\u00e4tzlichen Spielspa\u00df.<br \/>Dr\u00fccken Sie die roten Tasten und die Kochfelder &#8222;brennen&#8220;.<br \/>Diese Holzk\u00fcche von New Classic Toys ist Teil der Bon Appetit-Produktlinie.<br \/>Schneiden, Backen, Kochen und Tischdecken!<br \/>Die T\u00f6pfe, Pfannen, Schneidsets und K\u00fcchen sind ein absolutes Muss f\u00fcr kleine K\u00fcchenprinzessinnen und Prinzen.<\/p>\n<\/div>\n<\/div>\n<\/div>\n<p>Altersangabe: 36M +<br \/>Ma\u00dfe: 60 x 30 x 100 cm<br \/>Material: Holz<\/p>\n<p>Achtung!<br \/>Nicht geeignet f\u00fcr Kinder unter 3 Jahren. Enth\u00e4lt verschluckbare Kleinteile.<\/p>\n","protected":false},"excerpt":{"rendered":"<p>Kinderk\u00fcche aus Holz Delfter in Blau!<\/p>\n","protected":false},"featured_media":21812,"comment_status":"closed","ping_status":"open","template":"","meta":[],"product_brand":[],"product_cat":[567],"product_tag":[],"class_list":{"0":"post-21811","1":"product","2":"type-product","3":"status-publish","4":"has-post-thumbnail","6":"product_cat-holzspielzeug","8":"first","9":"instock","10":"shipping-taxable","11":"purchasable","12":"product-type-simple"},"_links":{"self":[{"href":"https:\/\/9play.de\/shop\/wp-json\/wp\/v2\/product\/21811","targetHints":{"allow":["GET"]}}],"collection":[{"href":"https:\/\/9play.de\/shop\/wp-json\/wp\/v2\/product"}],"about":[{"href":"https:\/\/9play.de\/shop\/wp-json\/wp\/v2\/types\/product"}],"replies":[{"embeddable":true,"href":"https:\/\/9play.de\/shop\/wp-json\/wp\/v2\/comments?post=21811"}],"wp:featuredmedia":[{"embeddable":true,"href":"https:\/\/9play.de\/shop\/wp-json\/wp\/v2\/media\/21812"}],"wp:attachment":[{"href":"https:\/\/9play.de\/shop\/wp-json\/wp\/v2\/media?parent=21811"}],"wp:term":[{"taxonomy":"product_brand","embeddable":true,"href":"https:\/\/9play.de\/shop\/wp-json\/wp\/v2\/product_brand?post=21811"},{"taxonomy":"product_cat","embeddable":true,"href":"https:\/\/9play.de\/shop\/wp-json\/wp\/v2\/product_cat?post=21811"},{"taxonomy":"product_tag","embeddable":true,"href":"https:\/\/9play.de\/shop\/wp-json\/wp\/v2\/product_tag?post=21811"}],"curies":[{"name":"wp","href":"https:\/\/api.w.org\/{rel}","templated":true}]}}