{"id":21844,"date":"2024-10-06T20:43:51","date_gmt":"2024-10-06T18:43:51","guid":{"rendered":"https:\/\/9play.de\/shop\/produkt\/laufroller-aus-holz-kinder-rutscher-creme-laufrad-holzrad-holzroller\/"},"modified":"2024-10-06T20:44:23","modified_gmt":"2024-10-06T18:44:23","slug":"laufroller-aus-holz-kinder-rutscher-creme-laufrad-holzrad-holzroller","status":"publish","type":"product","link":"https:\/\/9play.de\/shop\/produkt\/laufroller-aus-holz-kinder-rutscher-creme-laufrad-holzrad-holzroller\/","title":{"rendered":"Laufroller aus Holz Kinder Rutscher Creme Laufrad Holzrad Holzroller"},"content":{"rendered":"<p>Stilvollen Laufroller aus Holz &#8211; ein eleganter Rutscher in Creme, der Ihrem Kind dabei hilft, spielerisch das Gleichgewicht zu entwickeln und erste Fahrversuche zu unternehmen!<\/p>\n<p>Unser Laufroller ist aus hochwertigem Holz gefertigt und verf\u00fcgt \u00fcber einen stabilen Rahmen sowie eine glatte Oberfl\u00e4che, die ein sicheres und komfortables Fahrerlebnis gew\u00e4hrleisten.<br \/>Die elegante Creme-Farbe verleiht dem Rutscher einen zeitlosen und ansprechenden Look, der perfekt in jedes Kinderzimmer passt.<br \/>Mit seinem ergonomischen Design und den robusten R\u00e4dern ist unser Laufroller ideal f\u00fcr Kinder, die ihre motorischen F\u00e4higkeiten verbessern und dabei jede Menge Spa\u00df haben m\u00f6chten.<br \/>Sie k\u00f6nnen sich vorstellen, auf ihrem eigenen kleinen Fahrzeug durch das Haus oder den Garten zu d\u00fcsen und dabei spielerisch das Gleichgewicht zu trainieren.<br \/>Unser Laufroller aus Holz ist nicht nur ein tolles Spielzeug, sondern auch eine wertvolle Unterst\u00fctzung f\u00fcr die Entwicklung Ihres Kindes.<br \/>Er f\u00f6rdert die Bewegung, Balance und Koordination und bereitet sie gleichzeitig spielerisch auf das sp\u00e4tere Fahrradfahren vor.<br \/>Bringen Sie Freude und Begeisterung ins Leben Ihres Kindes mit unserem Laufroller aus Holz und lassen Sie es die Welt auf spielerische Weise erkunden und genie\u00dfen!<\/p>\n<p>Altersangabe: 36M +<br \/>Gr\u00f6\u00dfe: 64 x 16 x 34 cm<br \/>Material: Holz<\/p>\n<p>Achtung! Nicht geeignet f\u00fcr Kinder unter 3 Jahren. Enth\u00e4lt verschluckbare Kleinteile.<\/p>\n","protected":false},"excerpt":{"rendered":"<p>Laufroller aus Holz in Creme!<\/p>\n","protected":false},"featured_media":21845,"comment_status":"closed","ping_status":"open","template":"","meta":[],"product_brand":[],"product_cat":[567],"product_tag":[],"class_list":{"0":"post-21844","1":"product","2":"type-product","3":"status-publish","4":"has-post-thumbnail","6":"product_cat-holzspielzeug","8":"first","9":"instock","10":"shipping-taxable","11":"purchasable","12":"product-type-simple"},"_links":{"self":[{"href":"https:\/\/9play.de\/shop\/wp-json\/wp\/v2\/product\/21844","targetHints":{"allow":["GET"]}}],"collection":[{"href":"https:\/\/9play.de\/shop\/wp-json\/wp\/v2\/product"}],"about":[{"href":"https:\/\/9play.de\/shop\/wp-json\/wp\/v2\/types\/product"}],"replies":[{"embeddable":true,"href":"https:\/\/9play.de\/shop\/wp-json\/wp\/v2\/comments?post=21844"}],"wp:featuredmedia":[{"embeddable":true,"href":"https:\/\/9play.de\/shop\/wp-json\/wp\/v2\/media\/21845"}],"wp:attachment":[{"href":"https:\/\/9play.de\/shop\/wp-json\/wp\/v2\/media?parent=21844"}],"wp:term":[{"taxonomy":"product_brand","embeddable":true,"href":"https:\/\/9play.de\/shop\/wp-json\/wp\/v2\/product_brand?post=21844"},{"taxonomy":"product_cat","embeddable":true,"href":"https:\/\/9play.de\/shop\/wp-json\/wp\/v2\/product_cat?post=21844"},{"taxonomy":"product_tag","embeddable":true,"href":"https:\/\/9play.de\/shop\/wp-json\/wp\/v2\/product_tag?post=21844"}],"curies":[{"name":"wp","href":"https:\/\/api.w.org\/{rel}","templated":true}]}}