{"id":21864,"date":"2024-10-06T20:44:34","date_gmt":"2024-10-06T18:44:34","guid":{"rendered":"https:\/\/9play.de\/shop\/produkt\/minifahrzeuge-mit-4-fahrzeugen-polizei-feuerwehr-krankenwagen-taxi\/"},"modified":"2024-10-06T20:44:42","modified_gmt":"2024-10-06T18:44:42","slug":"minifahrzeuge-mit-4-fahrzeugen-polizei-feuerwehr-krankenwagen-taxi","status":"publish","type":"product","link":"https:\/\/9play.de\/shop\/produkt\/minifahrzeuge-mit-4-fahrzeugen-polizei-feuerwehr-krankenwagen-taxi\/","title":{"rendered":"Minifahrzeuge mit 4 Fahrzeugen Polizei Feuerwehr Krankenwagen Taxi"},"content":{"rendered":"<p>Mit dem Mini-Einsatzfahrzeuge 4er-Set aus Holz von New Classic Toys ist Ihr kleiner Liebling schnell am n\u00e4chsten Einsatzort.<\/p>\n<p>Die vier kleinen Rettungsfahrzeuge \u2013 ein Polizeiauto, ein Feuerwehrwagen, ein Rettungswagen und ein Taxi \u2013 sind bunt gestaltet und aus hochwertigem Holz gefertigt.<br \/>Ihre weich abgeschliffenen Ecken und Kanten liegen angenehm in der Hand Ihres Kindes und machen das Spielen besonders komfortabel.<br \/>Dank ihrer beweglichen R\u00e4der k\u00f6nnen Kinder ab einem Jahr mit den kleinen Spielzeugautos munter durch die Gegend d\u00fcsen.<br \/>Das New Classic Toys Mini-Einsatzfahrzeuge 4er-Set aus Holz sorgt f\u00fcr jede Menge Spa\u00df und bringt Abwechslung ins Kinderzimmer.<br \/>Die Gr\u00f6\u00dfe eines Fahrzeugs betr\u00e4gt 8 x 5 x 7,5 cm, w\u00e4hrend das Set insgesamt die Abmessungen von 33 x 6,5 x 7,8 cm hat.<br \/>Alles, was Ihr kleiner Entdecker f\u00fcr spannende Abenteuer ben\u00f6tigt!<\/p>\n<p>Enthalten sind 1 Polizeiauto, 1 Feuerwehr, 1 Krankenwagen und 1 Taxi<br \/>Altersangabe: 18M +<br \/>Gr\u00f6\u00dfe: 33 x 6,5 x 7,8 cm<br \/>Material: Holz<\/p>\n<p>Achtung: Benutzung unter unmittelbarer Aufsicht von Erwachsenen.<\/p>\n","protected":false},"excerpt":{"rendered":"<p>Minifahrzeuge aus Holz mit 4 Fahrzeugen!<\/p>\n","protected":false},"featured_media":21865,"comment_status":"closed","ping_status":"open","template":"","meta":[],"product_brand":[],"product_cat":[567],"product_tag":[],"class_list":{"0":"post-21864","1":"product","2":"type-product","3":"status-publish","4":"has-post-thumbnail","6":"product_cat-holzspielzeug","8":"first","9":"instock","10":"shipping-taxable","11":"purchasable","12":"product-type-simple"},"_links":{"self":[{"href":"https:\/\/9play.de\/shop\/wp-json\/wp\/v2\/product\/21864","targetHints":{"allow":["GET"]}}],"collection":[{"href":"https:\/\/9play.de\/shop\/wp-json\/wp\/v2\/product"}],"about":[{"href":"https:\/\/9play.de\/shop\/wp-json\/wp\/v2\/types\/product"}],"replies":[{"embeddable":true,"href":"https:\/\/9play.de\/shop\/wp-json\/wp\/v2\/comments?post=21864"}],"wp:featuredmedia":[{"embeddable":true,"href":"https:\/\/9play.de\/shop\/wp-json\/wp\/v2\/media\/21865"}],"wp:attachment":[{"href":"https:\/\/9play.de\/shop\/wp-json\/wp\/v2\/media?parent=21864"}],"wp:term":[{"taxonomy":"product_brand","embeddable":true,"href":"https:\/\/9play.de\/shop\/wp-json\/wp\/v2\/product_brand?post=21864"},{"taxonomy":"product_cat","embeddable":true,"href":"https:\/\/9play.de\/shop\/wp-json\/wp\/v2\/product_cat?post=21864"},{"taxonomy":"product_tag","embeddable":true,"href":"https:\/\/9play.de\/shop\/wp-json\/wp\/v2\/product_tag?post=21864"}],"curies":[{"name":"wp","href":"https:\/\/api.w.org\/{rel}","templated":true}]}}