{"id":21868,"date":"2024-10-06T20:44:34","date_gmt":"2024-10-06T18:44:34","guid":{"rendered":"https:\/\/9play.de\/shop\/produkt\/traktor-aus-holz-mit-anhaenger-und-tieren-einer-kuh-und-einem-pferd\/"},"modified":"2024-10-06T20:44:45","modified_gmt":"2024-10-06T18:44:45","slug":"traktor-aus-holz-mit-anhaenger-und-tieren-einer-kuh-und-einem-pferd","status":"publish","type":"product","link":"https:\/\/9play.de\/shop\/produkt\/traktor-aus-holz-mit-anhaenger-und-tieren-einer-kuh-und-einem-pferd\/","title":{"rendered":"Traktor aus Holz mit Anh\u00e4nger und Tieren einer Kuh und einem Pferd"},"content":{"rendered":"<p>Kleine Bauernhof-Fans werden den Holz-Traktor mit Anh\u00e4nger in Gr\u00fcn von New Classic Toys besonders lieben.<\/p>\n<p>Dieses Spielzeugfahrzeug, zusammen mit dem Anh\u00e4nger, hat eine Gr\u00f6\u00dfe von 25,5 x 8,7 x 10 cm und ist aus hochwertigem Holz gefertigt.<br \/>Die glatt lackierte Oberfl\u00e4che des Spielzeugs erm\u00f6glicht eine einfache Reinigung mit einem feuchten Tuch.<br \/>Zum Traktor mit Anh\u00e4nger geh\u00f6ren au\u00dferdem eine Kuh und ein Pferd.<br \/>Diese beiden kleinen Tiere k\u00f6nnen im H\u00e4nger transportiert oder separat herausgenommen werden.<br \/>Alles ist liebevoll und detailreich gestaltet, wobei die Ecken und Kanten weich abgerundet sind, damit das Spielzeug angenehm in der Hand kleiner Kinder liegt.<br \/>Mit dem New Classic Toys Holz-Traktor mit Anh\u00e4nger in Gr\u00fcn k\u00f6nnen Sie Kindern ab 12 Monaten eine gro\u00dfe Freude machen.<br \/>Die umfangreiche Ausstattung und das realistische Design regen die Fantasie an und f\u00f6rdern spielerisch die Entwicklung.<br \/>Alles, was Ihr kleiner Landwirt f\u00fcr aufregende Abenteuer auf dem Bauernhof ben\u00f6tigt!<\/p>\n<p>Der Inhalt dieses Sets umfasst 1 Traktor, 1 Anh\u00e4nger, 2 Tiere und 1 Figur.<br \/>Altersangabe: 18M +<br \/>Gr\u00f6\u00dfe: 25,5 x 8,7 x 10 cm<br \/>Material: Holz<\/p>\n<p>Achtung: Benutzung unter unmittelbarer Aufsicht von Erwachsenen.<\/p>\n","protected":false},"excerpt":{"rendered":"<p>Traktor aus Holz mit Anh\u00e4nger und Tieren!<\/p>\n","protected":false},"featured_media":21869,"comment_status":"closed","ping_status":"open","template":"","meta":[],"product_brand":[],"product_cat":[567],"product_tag":[],"class_list":{"0":"post-21868","1":"product","2":"type-product","3":"status-publish","4":"has-post-thumbnail","6":"product_cat-holzspielzeug","8":"first","9":"instock","10":"shipping-taxable","11":"purchasable","12":"product-type-simple"},"_links":{"self":[{"href":"https:\/\/9play.de\/shop\/wp-json\/wp\/v2\/product\/21868","targetHints":{"allow":["GET"]}}],"collection":[{"href":"https:\/\/9play.de\/shop\/wp-json\/wp\/v2\/product"}],"about":[{"href":"https:\/\/9play.de\/shop\/wp-json\/wp\/v2\/types\/product"}],"replies":[{"embeddable":true,"href":"https:\/\/9play.de\/shop\/wp-json\/wp\/v2\/comments?post=21868"}],"wp:featuredmedia":[{"embeddable":true,"href":"https:\/\/9play.de\/shop\/wp-json\/wp\/v2\/media\/21869"}],"wp:attachment":[{"href":"https:\/\/9play.de\/shop\/wp-json\/wp\/v2\/media?parent=21868"}],"wp:term":[{"taxonomy":"product_brand","embeddable":true,"href":"https:\/\/9play.de\/shop\/wp-json\/wp\/v2\/product_brand?post=21868"},{"taxonomy":"product_cat","embeddable":true,"href":"https:\/\/9play.de\/shop\/wp-json\/wp\/v2\/product_cat?post=21868"},{"taxonomy":"product_tag","embeddable":true,"href":"https:\/\/9play.de\/shop\/wp-json\/wp\/v2\/product_tag?post=21868"}],"curies":[{"name":"wp","href":"https:\/\/api.w.org\/{rel}","templated":true}]}}