{"id":21873,"date":"2024-10-06T20:44:34","date_gmt":"2024-10-06T18:44:34","guid":{"rendered":"https:\/\/9play.de\/shop\/produkt\/traktor-aus-holz-mit-anhaenger-und-milchkannen-holzspielzeug\/"},"modified":"2024-10-06T20:44:49","modified_gmt":"2024-10-06T18:44:49","slug":"traktor-aus-holz-mit-anhaenger-und-milchkannen-holzspielzeug","status":"publish","type":"product","link":"https:\/\/9play.de\/shop\/produkt\/traktor-aus-holz-mit-anhaenger-und-milchkannen-holzspielzeug\/","title":{"rendered":"Traktor aus Holz mit Anh\u00e4nger und Milchkannen Holzspielzeug"},"content":{"rendered":"<p>Der Holztraktor mit Anh\u00e4nger, Fahrer und zwei Milchkannen ist ein aufregendes Spielzeug aus der Produktlinie &#8222;First Driver&#8220; von New Classic Toys.<\/p>\n<p>Mit diesem Traktor k\u00f6nnen kleine Fahrer auf spannende Abenteuer auf dem Bauernhof gehen und ihrer Fantasie freien Lauf lassen.<br \/>Der Traktor ist liebevoll aus Holz gefertigt und wird mit einem Anh\u00e4nger, einem Fahrer und zwei Milchkannen geliefert.<br \/>Die Ma\u00dfe betragen 25,8 x 9 x 10,3 cm, und das empfohlene Alter f\u00fcr dieses Spielzeug betr\u00e4gt ab 1,5 Jahre.<br \/>Mit diesem robusten und detailreichen Holztraktor k\u00f6nnen Kinder spielerisch ihre Feinmotorik entwickeln und ihre Vorstellungskraft f\u00f6rdern.<br \/>Egal, ob sie den Bauernhof erkunden oder ihre eigenen Geschichten auf dem Land erfinden &#8211; mit diesem Traktor k\u00f6nnen sie ihrer Kreativit\u00e4t freien Lauf lassen!<br \/>Vroom, vroom &#8211; lassen Sie uns eine Fahrt mit dem Holztraktor von New Classic Toys machen und jede Menge Spa\u00df haben!<\/p>\n<p>Altersangabe: 18M +<br \/>Gr\u00f6\u00dfe: 25,8 x 9 x 10,3 cm<br \/>Material: Holz<\/p>\n<p>Achtung: Benutzung unter unmittelbarer Aufsicht von Erwachsenen.<\/p>\n","protected":false},"excerpt":{"rendered":"<p>Traktor aus Holz mit Anh\u00e4nger und Tieren!<\/p>\n","protected":false},"featured_media":21874,"comment_status":"closed","ping_status":"open","template":"","meta":[],"product_brand":[],"product_cat":[567],"product_tag":[],"class_list":{"0":"post-21873","1":"product","2":"type-product","3":"status-publish","4":"has-post-thumbnail","6":"product_cat-holzspielzeug","8":"first","9":"instock","10":"shipping-taxable","11":"purchasable","12":"product-type-simple"},"_links":{"self":[{"href":"https:\/\/9play.de\/shop\/wp-json\/wp\/v2\/product\/21873","targetHints":{"allow":["GET"]}}],"collection":[{"href":"https:\/\/9play.de\/shop\/wp-json\/wp\/v2\/product"}],"about":[{"href":"https:\/\/9play.de\/shop\/wp-json\/wp\/v2\/types\/product"}],"replies":[{"embeddable":true,"href":"https:\/\/9play.de\/shop\/wp-json\/wp\/v2\/comments?post=21873"}],"wp:featuredmedia":[{"embeddable":true,"href":"https:\/\/9play.de\/shop\/wp-json\/wp\/v2\/media\/21874"}],"wp:attachment":[{"href":"https:\/\/9play.de\/shop\/wp-json\/wp\/v2\/media?parent=21873"}],"wp:term":[{"taxonomy":"product_brand","embeddable":true,"href":"https:\/\/9play.de\/shop\/wp-json\/wp\/v2\/product_brand?post=21873"},{"taxonomy":"product_cat","embeddable":true,"href":"https:\/\/9play.de\/shop\/wp-json\/wp\/v2\/product_cat?post=21873"},{"taxonomy":"product_tag","embeddable":true,"href":"https:\/\/9play.de\/shop\/wp-json\/wp\/v2\/product_tag?post=21873"}],"curies":[{"name":"wp","href":"https:\/\/api.w.org\/{rel}","templated":true}]}}