{"id":21888,"date":"2024-10-06T20:44:34","date_gmt":"2024-10-06T18:44:34","guid":{"rendered":"https:\/\/9play.de\/shop\/produkt\/baufahrzeuge-aus-holz-3-fahrzeuge-betonmischer-radlader-und-lkw-kipper\/"},"modified":"2024-10-06T20:44:59","modified_gmt":"2024-10-06T18:44:59","slug":"baufahrzeuge-aus-holz-3-fahrzeuge-betonmischer-radlader-und-lkw-kipper","status":"publish","type":"product","link":"https:\/\/9play.de\/shop\/produkt\/baufahrzeuge-aus-holz-3-fahrzeuge-betonmischer-radlader-und-lkw-kipper\/","title":{"rendered":"Baufahrzeuge aus Holz 3 Fahrzeuge Betonmischer Radlader und LKW-Kipper"},"content":{"rendered":"<p>Entdecken Sie dieses sch\u00f6ne Set von Baufahrzeugen von New Classic Toys!<\/p>\n<p>Diese hochwertigen Holz-Schiebefahrzeuge sind mit jeweils 4 drehbaren Holzr\u00e4dern ausgestattet und eignen sich perfekt f\u00fcr Rollenspiele.<br \/>Das Set besteht aus drei verschiedenen Baufahrzeugen: einem Bagger, einem Muldenkipper und einem Zementwagen.<br \/>Alle drei Fahrzeuge k\u00f6nnen verwendet werden, um spannende Bauabenteuer nachzuspielen und die Fantasie Ihres Kindes zu befl\u00fcgeln.<br \/>Sorgen Sie daf\u00fcr, dass der Bau Ihrer Stadt reibungslos verl\u00e4uft, indem Sie diese sch\u00f6nen Baufahrzeuge einsetzen.<br \/>Sie bieten endlosen Spa\u00df und f\u00f6rdern gleichzeitig die motorischen F\u00e4higkeiten und die kreative Entwicklung Ihres Kindes.<br \/>Produktdetails: Ma\u00dfe (L\u00e4nge x Breite x H\u00f6he): 34 x 9,2 x 20 cm<br \/>Bringen Sie mit diesem Set von Baufahrzeugen von New Classic Toys Schwung in das Spiel Ihres Kindes und lassen Sie es die aufregende Welt des Bauens erkunden!<\/p>\n<p>Altersangabe: 18M +<br \/>Gr\u00f6\u00dfe: 34,5 x 9,5 x 20 cm<br \/>Material: Holz<\/p>\n<p>Achtung: Benutzung unter unmittelbarer Aufsicht von Erwachsenen.<\/p>\n","protected":false},"excerpt":{"rendered":"<p>Baufahrzeuge aus Holz mit 3 Fahrzeugen!<\/p>\n","protected":false},"featured_media":21889,"comment_status":"closed","ping_status":"open","template":"","meta":[],"product_brand":[],"product_cat":[567],"product_tag":[],"class_list":{"0":"post-21888","1":"product","2":"type-product","3":"status-publish","4":"has-post-thumbnail","6":"product_cat-holzspielzeug","8":"first","9":"instock","10":"shipping-taxable","11":"purchasable","12":"product-type-simple"},"_links":{"self":[{"href":"https:\/\/9play.de\/shop\/wp-json\/wp\/v2\/product\/21888","targetHints":{"allow":["GET"]}}],"collection":[{"href":"https:\/\/9play.de\/shop\/wp-json\/wp\/v2\/product"}],"about":[{"href":"https:\/\/9play.de\/shop\/wp-json\/wp\/v2\/types\/product"}],"replies":[{"embeddable":true,"href":"https:\/\/9play.de\/shop\/wp-json\/wp\/v2\/comments?post=21888"}],"wp:featuredmedia":[{"embeddable":true,"href":"https:\/\/9play.de\/shop\/wp-json\/wp\/v2\/media\/21889"}],"wp:attachment":[{"href":"https:\/\/9play.de\/shop\/wp-json\/wp\/v2\/media?parent=21888"}],"wp:term":[{"taxonomy":"product_brand","embeddable":true,"href":"https:\/\/9play.de\/shop\/wp-json\/wp\/v2\/product_brand?post=21888"},{"taxonomy":"product_cat","embeddable":true,"href":"https:\/\/9play.de\/shop\/wp-json\/wp\/v2\/product_cat?post=21888"},{"taxonomy":"product_tag","embeddable":true,"href":"https:\/\/9play.de\/shop\/wp-json\/wp\/v2\/product_tag?post=21888"}],"curies":[{"name":"wp","href":"https:\/\/api.w.org\/{rel}","templated":true}]}}