{"id":21893,"date":"2024-10-06T20:44:34","date_gmt":"2024-10-06T18:44:34","guid":{"rendered":"https:\/\/9play.de\/shop\/produkt\/autotransporter-aus-holz-abschleppwagen-mit-4-autos-aus-holz\/"},"modified":"2024-10-06T20:45:04","modified_gmt":"2024-10-06T18:45:04","slug":"autotransporter-aus-holz-abschleppwagen-mit-4-autos-aus-holz","status":"publish","type":"product","link":"https:\/\/9play.de\/shop\/produkt\/autotransporter-aus-holz-abschleppwagen-mit-4-autos-aus-holz\/","title":{"rendered":"Autotransporter aus Holz Abschleppwagen mit 4 Autos aus Holz"},"content":{"rendered":"<p>Entdecken Sie unseren wundersch\u00f6nen und hochwertigen Auto-Transporter mit vier Autos aus Holz!<\/p>\n<p>Dieses Spielzeug bietet stundenlangen Spielspa\u00df und f\u00f6rdert die Fantasie Ihres Kindes.<br \/>Der Transporter verf\u00fcgt \u00fcber zwei Ebenen, auf denen die vier neuen Autos sicher zu ihrem Ziel gebracht werden k\u00f6nnen.<br \/>Der Auflieger ist abkuppelbar und die Ladefl\u00e4che kann zum einfachen Be- und Entladen gesenkt bzw. angehoben werden, genau wie bei echten Transportern.<br \/>New Classic Toys legt gro\u00dfen Wert darauf, Spielzeug anzubieten, das zur positiven Entwicklung des Kindes beitr\u00e4gt und gleichzeitig Sicherheit und Spielfreude gew\u00e4hrleistet.<br \/>Alle unsere Produkte erf\u00fcllen die europ\u00e4ischen Sicherheitsnormen f\u00fcr Spielzeug und werden aus ehrlichen und langlebigen Materialien hergestellt.<br \/>Mit New Classic Toys wird das traditionelle Spielen zeitgem\u00e4\u00df an die n\u00e4chste Generation weitergegeben.<br \/>Wir m\u00f6chten dazu beitragen, dass Spielen lehrreich und wertvoll ist und die kindliche Entwicklung f\u00f6rdert.<br \/>Inklusive 4 Autos.<br \/>Bringen Sie mit unserem Auto-Transporter von New Classic Toys Schwung in das Spiel Ihres Kindes und lassen Sie es die spannende Welt des Transports erkunden!<\/p>\n<p>Altersangabe: 18M +<br \/>Gr\u00f6\u00dfe: 29 x 9,5 x 11,2 cm<br \/>Material: Holz<\/p>\n<p>Achtung: Benutzung unter unmittelbarer Aufsicht von Erwachsenen.<\/p>\n","protected":false},"excerpt":{"rendered":"<p>Abschleppwagen mit 4 Autos aus Holz!<\/p>\n","protected":false},"featured_media":21894,"comment_status":"closed","ping_status":"open","template":"","meta":[],"product_brand":[],"product_cat":[567],"product_tag":[],"class_list":{"0":"post-21893","1":"product","2":"type-product","3":"status-publish","4":"has-post-thumbnail","6":"product_cat-holzspielzeug","8":"first","9":"instock","10":"shipping-taxable","11":"purchasable","12":"product-type-simple"},"_links":{"self":[{"href":"https:\/\/9play.de\/shop\/wp-json\/wp\/v2\/product\/21893","targetHints":{"allow":["GET"]}}],"collection":[{"href":"https:\/\/9play.de\/shop\/wp-json\/wp\/v2\/product"}],"about":[{"href":"https:\/\/9play.de\/shop\/wp-json\/wp\/v2\/types\/product"}],"replies":[{"embeddable":true,"href":"https:\/\/9play.de\/shop\/wp-json\/wp\/v2\/comments?post=21893"}],"wp:featuredmedia":[{"embeddable":true,"href":"https:\/\/9play.de\/shop\/wp-json\/wp\/v2\/media\/21894"}],"wp:attachment":[{"href":"https:\/\/9play.de\/shop\/wp-json\/wp\/v2\/media?parent=21893"}],"wp:term":[{"taxonomy":"product_brand","embeddable":true,"href":"https:\/\/9play.de\/shop\/wp-json\/wp\/v2\/product_brand?post=21893"},{"taxonomy":"product_cat","embeddable":true,"href":"https:\/\/9play.de\/shop\/wp-json\/wp\/v2\/product_cat?post=21893"},{"taxonomy":"product_tag","embeddable":true,"href":"https:\/\/9play.de\/shop\/wp-json\/wp\/v2\/product_tag?post=21893"}],"curies":[{"name":"wp","href":"https:\/\/api.w.org\/{rel}","templated":true}]}}